{"id":10974,"date":"2025-01-10T08:03:41","date_gmt":"2025-01-10T01:03:41","guid":{"rendered":"https:\/\/aeondelight-vietnam.com.vn\/dich-vu\/other-services\/"},"modified":"2025-10-16T11:59:02","modified_gmt":"2025-10-16T04:59:02","slug":"dich-vu-khac","status":"publish","type":"page","link":"https:\/\/aeondelight-vietnam.com.vn\/vi\/dich-vu\/dich-vu-khac\/","title":{"rendered":"D\u1ecaCH V\u1ee4 KH\u00c1C"},"content":{"rendered":"\t\t<div data-elementor-type=\"wp-page\" data-elementor-id=\"10974\" class=\"elementor elementor-10974 elementor-10822\" data-elementor-post-type=\"page\">\n\t\t\t\t<div class=\"elementor-element elementor-element-15916f0 e-flex e-con-boxed lakit-col-width-auto-no e-container e-root-container elementor-top-section e-con e-parent\" data-id=\"15916f0\" data-element_type=\"container\" data-e-type=\"container\" data-settings=\"{&quot;background_background&quot;:&quot;classic&quot;}\">\n\t\t\t\t\t<div class=\"e-con-inner\">\n\t\t\t\t\t<\/div>\n\t\t\t\t<\/div>\n\t\t<div class=\"elementor-element elementor-element-ebc27a5 e-flex e-con-boxed lakit-col-width-auto-no e-container e-root-container elementor-top-section e-con e-parent\" data-id=\"ebc27a5\" data-element_type=\"container\" data-e-type=\"container\">\n\t\t\t\t\t<div class=\"e-con-inner\">\n\t\t<div class=\"elementor-element elementor-element-c3aac2f e-con-full e-flex lakit-col-width-auto-no e-container e-con e-child\" data-id=\"c3aac2f\" data-element_type=\"container\" data-e-type=\"container\" data-settings=\"{&quot;background_background&quot;:&quot;classic&quot;}\">\n\t\t<div class=\"elementor-element elementor-element-8f074e3 e-con-full e-flex lakit-col-width-auto-no e-container e-con e-child\" data-id=\"8f074e3\" data-element_type=\"container\" data-e-type=\"container\">\n\t\t<div class=\"elementor-element elementor-element-5cd44c2 e-con-full e-flex lakit-col-width-auto-no e-container e-con e-child\" data-id=\"5cd44c2\" data-element_type=\"container\" data-e-type=\"container\">\n\t\t\t\t<div class=\"elementor-element elementor-element-9a0ebc9 elementor-widget elementor-widget-pp-info-box\" data-id=\"9a0ebc9\" data-element_type=\"widget\" data-e-type=\"widget\" data-widget_type=\"pp-info-box.default\">\n\t\t\t\t<div class=\"elementor-widget-container\">\n\t\t\t\t\t\t\t<div class=\"pp-info-box-container\">\n\t\t\t<div class=\"pp-info-box\">\n\t\t\t\t\t\t\t\t<div class=\"pp-info-box-content\">\n\t\t\t\t\t<div class=\"pp-info-box-title-wrap\">\n\t\t\t\t\t\t\t\t\t\t\t\t\t<div class=\"pp-info-box-title-container\">\n\t\t\t\t\t\t\t\t<h4 class=\"pp-info-box-title\">\n\t\t\t\t\t\t\t\t\tD\u1ecaCH V\u1ee4 KH\u00c1C\t\t\t\t\t\t\t\t<\/h4>\n\t\t\t\t\t\t\t<\/div>\n\t\t\t\t\t\t\t\t\t\t\t\t\t\t<h5 class=\"pp-info-box-subtitle\">\n\t\t\t\t\t\t\t\tD\u1ecaCH V\u1ee4 T\u00d9Y CH\u1ec8NH \u0110\u00c1P \u1ee8NG NHU C\u1ea6U C\u1ee6A KH\u00c1CH H\u00c0NG\t\t\t\t\t\t\t<\/h5>\n\t\t\t\t\t\t\t\t\t\t\t\t<\/div>\n\n\t\t\t\t\t\n\t\t\t\t\t\t\t\t\t\t\t\t\t\t<\/div>\n\t\t\t<\/div>\n\t\t<\/div>\n\t\t\t\t\t\t<\/div>\n\t\t\t\t<\/div>\n\t\t\t\t<\/div>\n\t\t\t\t<\/div>\n\t\t<div class=\"elementor-element elementor-element-959b4a3 e-con-full e-flex lakit-col-width-auto-no e-container e-con e-child\" data-id=\"959b4a3\" data-element_type=\"container\" data-e-type=\"container\">\n\t\t<div class=\"elementor-element elementor-element-77cf7de e-con-full e-flex lakit-col-width-auto-no e-container e-con e-child\" data-id=\"77cf7de\" data-element_type=\"container\" data-e-type=\"container\">\n\t\t\t\t<div class=\"elementor-element elementor-element-8f5dd4d elementor-widget__width-initial text_yellow elementor-widget elementor-widget-pp-info-box\" data-id=\"8f5dd4d\" data-element_type=\"widget\" data-e-type=\"widget\" data-widget_type=\"pp-info-box.default\">\n\t\t\t\t<div class=\"elementor-widget-container\">\n\t\t\t\t\t\t\t<div class=\"pp-info-box-container\">\n\t\t\t<div class=\"pp-info-box\">\n\t\t\t\t\t\t\t\t<div class=\"pp-info-box-content\">\n\t\t\t\t\t<div class=\"pp-info-box-title-wrap\">\n\t\t\t\t\t\t\t\t\t\t\t<\/div>\n\n\t\t\t\t\t\n\t\t\t\t\t\t\t\t\t\t\t<div class=\"pp-info-box-description\">\n\t\t\t\t\t\t\t<p>AEON Delight Vietnam cung c\u1ea5p nhi\u1ec1u d\u1ecbch v\u1ee5 t\u00f9y ch\u1ec9nh \u0111\u1ec3 \u0111\u00e1p \u1ee9ng nhu c\u1ea7u c\u1ee5 th\u1ec3 c\u1ee7a kh\u00e1ch h\u00e0ng, \u0111\u1ea3m b\u1ea3o m\u1ed7i d\u1ecbch v\u1ee5 \u0111\u01b0\u1ee3c c\u1ee5 th\u1ec3 h\u00f3a theo y\u00eau c\u1ea7u ri\u00eang, mang \u0111\u1ebfn cho kh\u00e1ch h\u00e0ng c\u00e1c gi\u1ea3i ph\u00e1p hi\u1ec7u qu\u1ea3 v\u00e0 hi\u1ec7u su\u1ea5t nh\u1ea5t.<\/p>\t\t\t\t\t\t<\/div>\n\t\t\t\t\t\t\t\t\t\t\t\t\t\t<\/div>\n\t\t\t<\/div>\n\t\t<\/div>\n\t\t\t\t\t\t<\/div>\n\t\t\t\t<\/div>\n\t\t\t\t<div class=\"elementor-element elementor-element-cbb8d66 elementor-widget__width-initial text_yellow elementor-widget elementor-widget-pp-info-box\" data-id=\"cbb8d66\" data-element_type=\"widget\" data-e-type=\"widget\" data-widget_type=\"pp-info-box.default\">\n\t\t\t\t<div class=\"elementor-widget-container\">\n\t\t\t\t\t\t\t<div class=\"pp-info-box-container\">\n\t\t\t<div class=\"pp-info-box\">\n\t\t\t\t\t\t\t\t<div class=\"pp-info-box-content\">\n\t\t\t\t\t<div class=\"pp-info-box-title-wrap\">\n\t\t\t\t\t\t\t\t\t\t\t\t\t<div class=\"pp-info-box-title-container\">\n\t\t\t\t\t\t\t\t<h4 class=\"pp-info-box-title\">\n\t\t\t\t\t\t\t\t\tD\u1ecaCH V\u1ee4 ROBOT H\u1ed6 TR\u1ee2\t\t\t\t\t\t\t\t<\/h4>\n\t\t\t\t\t\t\t<\/div>\n\t\t\t\t\t\t\t\t\t\t\t\t<\/div>\n\n\t\t\t\t\t\n\t\t\t\t\t\t\t\t\t\t\t<div class=\"pp-info-box-description\">\n\t\t\t\t\t\t\t<p>AEON Delight mang th\u00eam nhi\u1ec1u c\u01a1 h\u1ed9i m\u1edbi v\u00e0 th\u00fa v\u1ecb \u0111\u1ec3 t\u0103ng hi\u1ec7u qu\u1ea3 ho\u1ea1t \u0111\u1ed9ng v\u00e0 tr\u1ea3i nghi\u1ec7m d\u1ecbch v\u1ee5 ti\u00ean ti\u1ebfn v\u01b0\u1ee3t tr\u1ed9i \u0111\u1ebfn cho kh\u00e1ch h\u00e0ng b\u1eb1ng Robot v\u1ec7 sinh c\u00f4ng nghi\u1ec7p, duy tr\u00ec s\u1ef1 s\u1ea1ch s\u1ebd \u0111\u1ed3ng \u0111\u1ec1u v\u00e0 ch\u1ea5t l\u01b0\u1ee3ng cao cho c\u01a1 s\u1edf ho\u1ea1t \u0111\u1ed9ng c\u1ee7a kh\u00e1ch h\u00e0ng<\/p>\t\t\t\t\t\t<\/div>\n\t\t\t\t\t\t\t\t\t\t\t\t\t\t<\/div>\n\t\t\t<\/div>\n\t\t<\/div>\n\t\t\t\t\t\t<\/div>\n\t\t\t\t<\/div>\n\t\t\t\t<\/div>\n\t\t<div class=\"elementor-element elementor-element-58f0543 e-con-full e-flex lakit-col-width-auto-no e-container e-con e-child\" data-id=\"58f0543\" data-element_type=\"container\" data-e-type=\"container\">\n\t\t\t\t<div class=\"elementor-element elementor-element-58500d9 elementor-widget__width-initial elementor-widget elementor-widget-image\" data-id=\"58500d9\" data-element_type=\"widget\" data-e-type=\"widget\" data-widget_type=\"image.default\">\n\t\t\t\t<div class=\"elementor-widget-container\">\n\t\t\t\t\t\t\t\t\t\t\t\t\t\t\t\t<a href=\"https:\/\/aeondelight-vietnam.com.vn\/vi\/dich-vu\/dich-vu-khac\/\">\n\t\t\t\t\t\t\t<img fetchpriority=\"high\" decoding=\"async\" width=\"502\" height=\"549\" src=\"https:\/\/aeondelight-vietnam.com.vn\/wp-content\/uploads\/2025\/01\/Rectangle-3464263.png\" class=\"attachment-full size-full wp-image-10953\" alt=\"\" srcset=\"https:\/\/aeondelight-vietnam.com.vn\/wp-content\/uploads\/2025\/01\/Rectangle-3464263.png 502w, https:\/\/aeondelight-vietnam.com.vn\/wp-content\/uploads\/2025\/01\/Rectangle-3464263-274x300.png 274w, https:\/\/aeondelight-vietnam.com.vn\/wp-content\/uploads\/2025\/01\/Rectangle-3464263-137x150.png 137w\" sizes=\"(max-width: 502px) 100vw, 502px\" \/>\t\t\t\t\t\t\t\t<\/a>\n\t\t\t\t\t\t\t\t\t\t\t\t\t\t\t<\/div>\n\t\t\t\t<\/div>\n\t\t\t\t<\/div>\n\t\t\t\t<\/div>\n\t\t<div class=\"elementor-element elementor-element-76a250e e-con-full e-flex lakit-col-width-auto-no e-container e-con e-child\" data-id=\"76a250e\" data-element_type=\"container\" data-e-type=\"container\">\n\t\t<div class=\"elementor-element elementor-element-477608d e-con-full e-flex lakit-col-width-auto-no e-container e-con e-child\" data-id=\"477608d\" data-element_type=\"container\" data-e-type=\"container\">\n\t\t\t\t<div class=\"elementor-element elementor-element-a4793b2 elementor-widget elementor-widget-image\" data-id=\"a4793b2\" data-element_type=\"widget\" data-e-type=\"widget\" data-widget_type=\"image.default\">\n\t\t\t\t<div class=\"elementor-widget-container\">\n\t\t\t\t\t\t\t\t\t\t\t\t\t\t\t\t<a href=\"https:\/\/aeondelight-vietnam.com.vn\/vi\/dich-vu\/dich-vu-khac\/\">\n\t\t\t\t\t\t\t<img decoding=\"async\" width=\"2048\" height=\"1536\" src=\"https:\/\/aeondelight-vietnam.com.vn\/wp-content\/uploads\/2025\/01\/z6215321839515_6d1be84338ca841a1e6bc4d9ef078321.jpg\" class=\"attachment-full size-full wp-image-10829\" alt=\"dich vu\" srcset=\"https:\/\/aeondelight-vietnam.com.vn\/wp-content\/uploads\/2025\/01\/z6215321839515_6d1be84338ca841a1e6bc4d9ef078321.jpg 2048w, https:\/\/aeondelight-vietnam.com.vn\/wp-content\/uploads\/2025\/01\/z6215321839515_6d1be84338ca841a1e6bc4d9ef078321-300x225.jpg 300w, https:\/\/aeondelight-vietnam.com.vn\/wp-content\/uploads\/2025\/01\/z6215321839515_6d1be84338ca841a1e6bc4d9ef078321-1024x768.jpg 1024w, https:\/\/aeondelight-vietnam.com.vn\/wp-content\/uploads\/2025\/01\/z6215321839515_6d1be84338ca841a1e6bc4d9ef078321-150x113.jpg 150w, https:\/\/aeondelight-vietnam.com.vn\/wp-content\/uploads\/2025\/01\/z6215321839515_6d1be84338ca841a1e6bc4d9ef078321-768x576.jpg 768w, https:\/\/aeondelight-vietnam.com.vn\/wp-content\/uploads\/2025\/01\/z6215321839515_6d1be84338ca841a1e6bc4d9ef078321-1536x1152.jpg 1536w\" sizes=\"(max-width: 2048px) 100vw, 2048px\" \/>\t\t\t\t\t\t\t\t<\/a>\n\t\t\t\t\t\t\t\t\t\t\t\t\t\t\t<\/div>\n\t\t\t\t<\/div>\n\t\t\t\t<\/div>\n\t\t<div class=\"elementor-element elementor-element-366309a e-con-full e-flex lakit-col-width-auto-no e-container e-con e-child\" data-id=\"366309a\" data-element_type=\"container\" data-e-type=\"container\">\n\t\t\t\t<div class=\"elementor-element elementor-element-e5070ae elementor-widget__width-initial text_yellow elementor-widget-mobile__width-inherit elementor-widget elementor-widget-pp-info-box\" data-id=\"e5070ae\" data-element_type=\"widget\" data-e-type=\"widget\" data-widget_type=\"pp-info-box.default\">\n\t\t\t\t<div class=\"elementor-widget-container\">\n\t\t\t\t\t\t\t<div class=\"pp-info-box-container\">\n\t\t\t<div class=\"pp-info-box\">\n\t\t\t\t\t\t\t\t<div class=\"pp-info-box-content\">\n\t\t\t\t\t<div class=\"pp-info-box-title-wrap\">\n\t\t\t\t\t\t\t\t\t\t\t\t\t<div class=\"pp-info-box-title-container\">\n\t\t\t\t\t\t\t\t<h4 class=\"pp-info-box-title\">\n\t\t\t\t\t\t\t\t\tC\u1ea2NH QUAN\t\t\t\t\t\t\t\t<\/h4>\n\t\t\t\t\t\t\t<\/div>\n\t\t\t\t\t\t\t\t\t\t\t\t<\/div>\n\n\t\t\t\t\t\n\t\t\t\t\t\t\t\t\t\t\t<div class=\"pp-info-box-description\">\n\t\t\t\t\t\t\t<p>Thi\u1ebft k\u1ebf, b\u1ea3o tr\u00ec v\u00e0 c\u1ea3i thi\u1ec7n kh\u00f4ng gian ngo\u00e0i tr\u1eddi, b\u1ea3o \u0111\u1ea3m s\u1ee9c h\u1ea5p d\u1eabn v\u1ec1 th\u1ecb gi\u00e1c v\u00e0 s\u1ef1 \u0111a d\u1ea1ng v\u1ec1 c\u00f4ng n\u0103ng.<\/p>\t\t\t\t\t\t<\/div>\n\t\t\t\t\t\t\t\t\t\t\t\t\t\t<\/div>\n\t\t\t<\/div>\n\t\t<\/div>\n\t\t\t\t\t\t<\/div>\n\t\t\t\t<\/div>\n\t\t\t\t<\/div>\n\t\t\t\t<\/div>\n\t\t<div class=\"elementor-element elementor-element-215209e e-con-full e-flex lakit-col-width-auto-no e-container e-con e-child\" data-id=\"215209e\" data-element_type=\"container\" data-e-type=\"container\">\n\t\t<div class=\"elementor-element elementor-element-65c3052 e-con-full e-flex lakit-col-width-auto-no e-container e-con e-child\" data-id=\"65c3052\" data-element_type=\"container\" data-e-type=\"container\">\n\t\t\t\t<div class=\"elementor-element elementor-element-4102086 elementor-widget elementor-widget-image\" data-id=\"4102086\" data-element_type=\"widget\" data-e-type=\"widget\" data-widget_type=\"image.default\">\n\t\t\t\t<div class=\"elementor-widget-container\">\n\t\t\t\t\t\t\t\t\t\t\t\t\t\t\t\t<a href=\"https:\/\/aeondelight-vietnam.com.vn\/vi\/dich-vu\/dich-vu-khac\/\">\n\t\t\t\t\t\t\t<img decoding=\"async\" width=\"2048\" height=\"1536\" src=\"https:\/\/aeondelight-vietnam.com.vn\/wp-content\/uploads\/2025\/01\/z6215363024247_abf52c0ef5bbd8db05dc0fd5519cb54c.jpg\" class=\"attachment-full size-full wp-image-10835\" alt=\"aeon delight\" srcset=\"https:\/\/aeondelight-vietnam.com.vn\/wp-content\/uploads\/2025\/01\/z6215363024247_abf52c0ef5bbd8db05dc0fd5519cb54c.jpg 2048w, https:\/\/aeondelight-vietnam.com.vn\/wp-content\/uploads\/2025\/01\/z6215363024247_abf52c0ef5bbd8db05dc0fd5519cb54c-300x225.jpg 300w, https:\/\/aeondelight-vietnam.com.vn\/wp-content\/uploads\/2025\/01\/z6215363024247_abf52c0ef5bbd8db05dc0fd5519cb54c-1024x768.jpg 1024w, https:\/\/aeondelight-vietnam.com.vn\/wp-content\/uploads\/2025\/01\/z6215363024247_abf52c0ef5bbd8db05dc0fd5519cb54c-150x113.jpg 150w, https:\/\/aeondelight-vietnam.com.vn\/wp-content\/uploads\/2025\/01\/z6215363024247_abf52c0ef5bbd8db05dc0fd5519cb54c-768x576.jpg 768w, https:\/\/aeondelight-vietnam.com.vn\/wp-content\/uploads\/2025\/01\/z6215363024247_abf52c0ef5bbd8db05dc0fd5519cb54c-1536x1152.jpg 1536w\" sizes=\"(max-width: 2048px) 100vw, 2048px\" \/>\t\t\t\t\t\t\t\t<\/a>\n\t\t\t\t\t\t\t\t\t\t\t\t\t\t\t<\/div>\n\t\t\t\t<\/div>\n\t\t\t\t<\/div>\n\t\t<div class=\"elementor-element elementor-element-7d9f4c5 e-con-full e-flex lakit-col-width-auto-no e-container e-con e-child\" data-id=\"7d9f4c5\" data-element_type=\"container\" data-e-type=\"container\">\n\t\t\t\t<div class=\"elementor-element elementor-element-f75c6dd elementor-widget__width-initial text_yellow elementor-widget elementor-widget-pp-info-box\" data-id=\"f75c6dd\" data-element_type=\"widget\" data-e-type=\"widget\" data-widget_type=\"pp-info-box.default\">\n\t\t\t\t<div class=\"elementor-widget-container\">\n\t\t\t\t\t\t\t<div class=\"pp-info-box-container\">\n\t\t\t<div class=\"pp-info-box\">\n\t\t\t\t\t\t\t\t<div class=\"pp-info-box-content\">\n\t\t\t\t\t<div class=\"pp-info-box-title-wrap\">\n\t\t\t\t\t\t\t\t\t\t\t\t\t<div class=\"pp-info-box-title-container\">\n\t\t\t\t\t\t\t\t<h4 class=\"pp-info-box-title\">\n\t\t\t\t\t\t\t\t\tKI\u1ec2M SO\u00c1T C\u00d4N TR\u00d9NG\t\t\t\t\t\t\t\t<\/h4>\n\t\t\t\t\t\t\t<\/div>\n\t\t\t\t\t\t\t\t\t\t\t\t<\/div>\n\n\t\t\t\t\t\n\t\t\t\t\t\t\t\t\t\t\t<div class=\"pp-info-box-description\">\n\t\t\t\t\t\t\t<p>\u00a0S\u1eed d\u1ee5ng c\u00e1c gi\u1ea3i ph\u00e1p hi\u1ec7u qu\u1ea3 v\u00e0 an to\u00e0n v\u1edbi m\u00f4i tr\u01b0\u1eddng \u0111\u1ec3 qu\u1ea3n l\u00fd v\u00e0 ki\u1ec3m so\u00e1t c\u00f4n tr\u00f9ng, d\u1ecbch h\u1ea1i.<\/p>\t\t\t\t\t\t<\/div>\n\t\t\t\t\t\t\t\t\t\t\t\t\t\t<\/div>\n\t\t\t<\/div>\n\t\t<\/div>\n\t\t\t\t\t\t<\/div>\n\t\t\t\t<\/div>\n\t\t\t\t<\/div>\n\t\t\t\t<\/div>\n\t\t\t\t<\/div>\n\t\t\t\t\t<\/div>\n\t\t\t\t<\/div>\n\t\t\t\t<\/div>\n\t\t","protected":false},"excerpt":{"rendered":"<p>D\u1ecaCH V\u1ee4 KH\u00c1C D\u1ecaCH V\u1ee4 T\u00d9Y CH\u1ec8NH \u0110\u00c1P \u1ee8NG NHU C\u1ea6U C\u1ee6A KH\u00c1CH H\u00c0NG AEON&#8230;<\/p>\n","protected":false},"author":1,"featured_media":0,"parent":6785,"menu_order":0,"comment_status":"closed","ping_status":"closed","template":"elementor_header_footer","meta":{"_acf_changed":false,"footnotes":""},"class_list":["post-10974","page","type-page","status-publish","hentry"],"acf":[],"_links":{"self":[{"href":"https:\/\/aeondelight-vietnam.com.vn\/vi\/wp-json\/wp\/v2\/pages\/10974","targetHints":{"allow":["GET"]}}],"collection":[{"href":"https:\/\/aeondelight-vietnam.com.vn\/vi\/wp-json\/wp\/v2\/pages"}],"about":[{"href":"https:\/\/aeondelight-vietnam.com.vn\/vi\/wp-json\/wp\/v2\/types\/page"}],"author":[{"embeddable":true,"href":"https:\/\/aeondelight-vietnam.com.vn\/vi\/wp-json\/wp\/v2\/users\/1"}],"replies":[{"embeddable":true,"href":"https:\/\/aeondelight-vietnam.com.vn\/vi\/wp-json\/wp\/v2\/comments?post=10974"}],"version-history":[{"count":18,"href":"https:\/\/aeondelight-vietnam.com.vn\/vi\/wp-json\/wp\/v2\/pages\/10974\/revisions"}],"predecessor-version":[{"id":12396,"href":"https:\/\/aeondelight-vietnam.com.vn\/vi\/wp-json\/wp\/v2\/pages\/10974\/revisions\/12396"}],"up":[{"embeddable":true,"href":"https:\/\/aeondelight-vietnam.com.vn\/vi\/wp-json\/wp\/v2\/pages\/6785"}],"wp:attachment":[{"href":"https:\/\/aeondelight-vietnam.com.vn\/vi\/wp-json\/wp\/v2\/media?parent=10974"}],"curies":[{"name":"wp","href":"https:\/\/api.w.org\/{rel}","templated":true}]}}