{"id":6771,"date":"2024-11-19T21:03:50","date_gmt":"2024-11-19T14:03:50","guid":{"rendered":"https:\/\/aeondelight-vietnam.com.vn\/about-us\/"},"modified":"2026-04-06T09:59:16","modified_gmt":"2026-04-06T02:59:16","slug":"gioi-thieu","status":"publish","type":"page","link":"https:\/\/aeondelight-vietnam.com.vn\/vi\/gioi-thieu\/","title":{"rendered":"Gi\u1edbi thi\u1ec7u"},"content":{"rendered":"\t\t<div data-elementor-type=\"wp-page\" data-elementor-id=\"6771\" class=\"elementor elementor-6771 elementor-4281\" data-elementor-post-type=\"page\">\n\t\t\t\t<div class=\"elementor-element elementor-element-48c6e7c e-flex e-con-boxed lakit-col-width-auto-no e-container e-root-container elementor-top-section e-con e-parent\" data-id=\"48c6e7c\" data-element_type=\"container\" data-e-type=\"container\" data-settings=\"{&quot;background_background&quot;:&quot;classic&quot;}\">\n\t\t\t\t\t<div class=\"e-con-inner\">\n\t\t\t\t<div class=\"elementor-element elementor-element-677d45c elementor-widget__width-initial elementor-absolute text-banner elementor-widget-mobile__width-inherit elementor-widget elementor-widget-heading\" data-id=\"677d45c\" data-element_type=\"widget\" data-e-type=\"widget\" data-settings=\"{&quot;_position&quot;:&quot;absolute&quot;}\" data-widget_type=\"heading.default\">\n\t\t\t\t<div class=\"elementor-widget-container\">\n\t\t\t\t\t<h2 class=\"elementor-heading-title elementor-size-default\">Ch\u00fang t\u00f4i cung c\u1ea5p d\u1ecbch v\u1ee5 qu\u1ea3n l\u00fd c\u01a1 s\u1edf t\u00edch h\u1ee3p tr\u1ecdn g\u00f3i, h\u1ed7 tr\u1ee3 to\u00e0n di\u1ec7n cho s\u1ef1 ph\u00e1t tri\u1ec3n c\u1ee7a kh\u00e1ch h\u00e0ng<\/h2>\t\t\t\t<\/div>\n\t\t\t\t<\/div>\n\t\t\t\t\t<\/div>\n\t\t\t\t<\/div>\n\t\t<div class=\"elementor-element elementor-element-f40d5be e-flex e-con-boxed lakit-col-width-auto-no e-container e-root-container elementor-top-section e-con e-parent\" data-id=\"f40d5be\" data-element_type=\"container\" data-e-type=\"container\">\n\t\t\t\t\t<div class=\"e-con-inner\">\n\t\t\t\t<div class=\"elementor-element elementor-element-b7ea285 elementor-widget__width-initial elementor-widget elementor-widget-pp-info-box\" data-id=\"b7ea285\" data-element_type=\"widget\" data-e-type=\"widget\" data-widget_type=\"pp-info-box.default\">\n\t\t\t\t<div class=\"elementor-widget-container\">\n\t\t\t\t\t\t\t<div class=\"pp-info-box-container\">\n\t\t\t<div class=\"pp-info-box\">\n\t\t\t\t\t\t\t\t<div class=\"pp-info-box-content\">\n\t\t\t\t\t<div class=\"pp-info-box-title-wrap\">\n\t\t\t\t\t\t\t\t\t\t\t\t\t<div class=\"pp-info-box-title-container\">\n\t\t\t\t\t\t\t\t<h4 class=\"pp-info-box-title\">\n\t\t\t\t\t\t\t\t\tM\u1ea1ng l\u01b0\u1edbi T\u1eadp \u0111o\u00e0n AEON<span class=\"black\">  t\u1ea1i Vi\u1ec7t Nam<\/span>\t\t\t\t\t\t\t\t<\/h4>\n\t\t\t\t\t\t\t<\/div>\n\t\t\t\t\t\t\t\t\t\t\t\t<\/div>\n\n\t\t\t\t\t\n\t\t\t\t\t\t\t\t\t\t\t\t\t\t<\/div>\n\t\t\t<\/div>\n\t\t<\/div>\n\t\t\t\t\t\t<\/div>\n\t\t\t\t<\/div>\n\t\t\t\t\t<\/div>\n\t\t\t\t<\/div>\n\t\t<div class=\"elementor-element elementor-element-0578eb0 e-flex e-con-boxed lakit-col-width-auto-no e-container e-root-container elementor-top-section e-con e-parent\" data-id=\"0578eb0\" data-element_type=\"container\" data-e-type=\"container\">\n\t\t\t\t\t<div class=\"e-con-inner\">\n\t\t<div class=\"elementor-element elementor-element-bdab2e6 e-con-full e-flex lakit-col-width-auto-no e-container e-con e-child\" data-id=\"bdab2e6\" data-element_type=\"container\" data-e-type=\"container\">\n\t\t\t\t<div class=\"elementor-element elementor-element-5595b2b elementor-widget elementor-widget-image\" data-id=\"5595b2b\" data-element_type=\"widget\" data-e-type=\"widget\" data-widget_type=\"image.default\">\n\t\t\t\t<div class=\"elementor-widget-container\">\n\t\t\t\t\t\t\t\t\t\t\t\t\t\t\t<img fetchpriority=\"high\" decoding=\"async\" width=\"2393\" height=\"2560\" src=\"https:\/\/aeondelight-vietnam.com.vn\/wp-content\/uploads\/2026\/03\/10-CTY-TV-scaled.png\" class=\"attachment-full size-full wp-image-12663\" alt=\"\" srcset=\"https:\/\/aeondelight-vietnam.com.vn\/wp-content\/uploads\/2026\/03\/10-CTY-TV-scaled.png 2393w, https:\/\/aeondelight-vietnam.com.vn\/wp-content\/uploads\/2026\/03\/10-CTY-TV-280x300.png 280w, https:\/\/aeondelight-vietnam.com.vn\/wp-content\/uploads\/2026\/03\/10-CTY-TV-957x1024.png 957w, https:\/\/aeondelight-vietnam.com.vn\/wp-content\/uploads\/2026\/03\/10-CTY-TV-140x150.png 140w, https:\/\/aeondelight-vietnam.com.vn\/wp-content\/uploads\/2026\/03\/10-CTY-TV-768x822.png 768w, https:\/\/aeondelight-vietnam.com.vn\/wp-content\/uploads\/2026\/03\/10-CTY-TV-1436x1536.png 1436w, https:\/\/aeondelight-vietnam.com.vn\/wp-content\/uploads\/2026\/03\/10-CTY-TV-1914x2048.png 1914w\" sizes=\"(max-width: 2393px) 100vw, 2393px\" \/>\t\t\t\t\t\t\t\t\t\t\t\t\t\t\t<\/div>\n\t\t\t\t<\/div>\n\t\t\t\t<\/div>\n\t\t<div class=\"elementor-element elementor-element-9a732c4 e-con-full e-flex lakit-col-width-auto-no e-container e-con e-child\" data-id=\"9a732c4\" data-element_type=\"container\" data-e-type=\"container\">\n\t\t\t\t<div class=\"elementor-element elementor-element-8d430fc elementor-widget elementor-widget-text-editor\" data-id=\"8d430fc\" data-element_type=\"widget\" data-e-type=\"widget\" data-widget_type=\"text-editor.default\">\n\t\t\t\t<div class=\"elementor-widget-container\">\n\t\t\t\t\t\t\t\t\t<p>Theo \u0111u\u1ed5i n\u1ec1n h\u00f2a b\u00ecnh \u1ed5n \u0111\u1ecbnh, t\u00f4n tr\u1ecdng con ng\u01b0\u1eddi v\u00e0 \u0111\u00f3ng g\u00f3p cho C\u1ed9ng \u0111\u1ed3ng \u0111\u1ecba ph\u01b0\u01a1ng, trong \u0111\u00f3 Kh\u00e1ch h\u00e0ng l\u00e0 y\u1ebfu t\u1ed1 c\u1ed1t l\u00f5i.<\/p><p>L\u00e0 t\u1eadp \u0111o\u00e0n ti\u00ean phong trong vi\u1ec7c \u0111\u1ed3ng ki\u1ebfn t\u1ea1o phong c\u00e1ch s\u1ed1ng, \u0111em l\u1ea1i s\u1ef1 th\u1ecbnh v\u01b0\u1ee3ng cho t\u1eebng c\u00e1 nh\u00e2n v\u00e0 cho to\u00e0n x\u00e3 h\u1ed9i.<\/p><p>Mang \u0111\u1ebfn m\u1ed9t t\u01b0\u01a1ng lai v\u1edbi &#8220;\u0111\u1eddi s\u1ed1ng phong ph\u00fa v\u00e0 tr\u00e0n ng\u1eadp n\u1ee5 c\u01b0\u1eddi&#8221;, n\u01a1i Kh\u00e1ch h\u00e0ng c\u00f3 th\u1ec3 c\u1ea3m nh\u1eadn &#8220;m\u1ed9t x\u00e3 h\u1ed9i t\u01b0\u01a1i s\u00e1ng h\u01a1n&#8221; v\u00e0 &#8220;ni\u1ec1m h\u1ea1nh ph\u00fac t\u1ef1 th\u00e2n&#8221;.<\/p>\t\t\t\t\t\t\t\t<\/div>\n\t\t\t\t<\/div>\n\t\t\t\t<div class=\"elementor-element elementor-element-ff45bc5 elementor-widget elementor-widget-image\" data-id=\"ff45bc5\" data-element_type=\"widget\" data-e-type=\"widget\" data-widget_type=\"image.default\">\n\t\t\t\t<div class=\"elementor-widget-container\">\n\t\t\t\t\t\t\t\t\t\t\t\t\t\t\t<img decoding=\"async\" width=\"277\" height=\"57\" src=\"https:\/\/aeondelight-vietnam.com.vn\/wp-content\/uploads\/2024\/02\/Background-3.svg\" class=\"attachment-full size-full wp-image-6408\" alt=\"\" \/>\t\t\t\t\t\t\t\t\t\t\t\t\t\t\t<\/div>\n\t\t\t\t<\/div>\n\t\t\t\t<\/div>\n\t\t\t\t\t<\/div>\n\t\t\t\t<\/div>\n\t\t<div class=\"elementor-element elementor-element-ffb3522 e-flex e-con-boxed lakit-col-width-auto-no e-container e-root-container elementor-top-section e-con e-parent\" data-id=\"ffb3522\" data-element_type=\"container\" data-e-type=\"container\">\n\t\t\t\t\t<div class=\"e-con-inner\">\n\t\t\t\t<div class=\"elementor-element elementor-element-be2fabe elementor-widget__width-initial elementor-widget-mobile__width-inherit elementor-widget elementor-widget-pp-info-box\" data-id=\"be2fabe\" data-element_type=\"widget\" data-e-type=\"widget\" data-widget_type=\"pp-info-box.default\">\n\t\t\t\t<div class=\"elementor-widget-container\">\n\t\t\t\t\t\t\t<div class=\"pp-info-box-container\">\n\t\t\t<div class=\"pp-info-box\">\n\t\t\t\t\t\t\t\t<div class=\"pp-info-box-content\">\n\t\t\t\t\t<div class=\"pp-info-box-title-wrap\">\n\t\t\t\t\t\t\t\t\t\t\t\t\t<div class=\"pp-info-box-title-container\">\n\t\t\t\t\t\t\t\t<h4 class=\"pp-info-box-title\">\n\t\t\t\t\t\t\t\t\t  <span class=\"black\">L\u1ecbch s\u1eed<\/span>\t\t\t\t\t\t\t\t<\/h4>\n\t\t\t\t\t\t\t<\/div>\n\t\t\t\t\t\t\t\t\t\t\t\t<\/div>\n\n\t\t\t\t\t\n\t\t\t\t\t\t\t\t\t\t\t<div class=\"pp-info-box-description\">\n\t\t\t\t\t\t\t<p>Th\u00e1ng 11 n\u0103m 1972 t\u1ea1i Osaka, Nh\u1eadt B\u1ea3n, T\u1eadp \u0111o\u00e0n AEON Delight \u0111\u01b0\u1ee3c th\u00e0nh l\u1eadp d\u01b0\u1edbi t\u00ean g\u1ecdi Nichii Maintenance Co., Ltd, v\u1edbi m\u1ee5c \u0111\u00edch ng\u0103n ng\u1eeba nh\u1eefng s\u1ef1 c\u1ed1 ch\u00e1y n\u1ed5 th\u1ea3m kh\u1ed1c t\u01b0\u01a1ng t\u1ef1 v\u1ee5 ch\u00e1y t\u1ea1i T\u00f2a nh\u00e0 c\u1eeda h\u00e0ng b\u00e1ch h\u00f3a Sennichi t\u1ea1i qu\u1eadn Minami, Osaka v\u00e0o th\u00e1ng 05 n\u0103m 1972.<\/p><p>V\u1edbi t\u1ea7m nh\u00ecn tr\u1edf th\u00e0nh t\u1ed5 ch\u1ee9c h\u00e0ng \u0111\u1ea7u Ch\u00e2u \u00c1 trong l\u0129nh v\u1ef1c qu\u1ea3n l\u00fd c\u01a1 s\u1edf (Facility Management \u2013 FM), T\u1eadp \u0111o\u00e0n s\u00e1p nh\u1eadp v\u1edbi Nichii Japan Kaihatsu Co., Ltd (1976), AEON Techno Service (2006), v\u00e0 ch\u00ednh th\u1ee9c \u0111\u1ed5i t\u00ean th\u00e0nh AEON Delight Co., Ltd t\u1eeb th\u00e1ng 9 n\u0103m 2006. C\u00f9ng v\u1edbi s\u1ef1 ra \u0111\u1eddi c\u1ee7a c\u00e1c C\u00f4ng ty con t\u1ea1i Trung Qu\u1ed1c, Malaysia, Indonesia, AEON Delight Vi\u1ec7t Nam \u0111\u01b0\u1ee3c th\u00e0nh l\u1eadp v\u00e0o ng\u00e0y 28 th\u00e1ng 12 n\u0103m 2012 v\u1edbi chung m\u1ed9t s\u1ee9 m\u1ec7nh ph\u00e1t tri\u1ec3n th\u01b0\u01a1ng hi\u1ec7u AEON Delight ra kh\u1eafp th\u1ecb tr\u01b0\u1eddng Ch\u00e2u \u00c1 v\u00e0 \u0110\u00f4ng Nam \u00c1.<\/p><p>AEON Delight Vietnam v\u00e0 chi nh\u00e1nh t\u1ea1i Cambodia (th\u00e0nh l\u1eadp th\u00e1ng 06\/2018) li\u00ean k\u1ebft v\u00e0 h\u1ee3p t\u00e1c v\u1edbi c\u00e1c \u0111\u1ed1i t\u00e1c n\u1ed5i b\u1eadt v\u00e0 ti\u1ec1m n\u0103ng nh\u1eb1m mang \u0111\u1ebfn cho kh\u00e1ch h\u00e0ng nh\u1eefng gi\u1ea3i ph\u00e1p qu\u1ea3n l\u00fd c\u01a1 s\u1edf to\u00e0n di\u1ec7n, \u0111\u1ed3ng th\u1eddi kh\u00f4ng ng\u1eebng m\u1edf r\u1ed9ng kinh doanh trong n\u01b0\u1edbc, n\u00e2ng cao ch\u1ea5t l\u01b0\u1ee3ng d\u1ecbch v\u1ee5 v\u00e0 n\u1ed7 l\u1ef1c \u201ct\u1ea1o ra gi\u00e1 tr\u1ecb m\u00f4i tr\u01b0\u1eddng cho c\u1ed9ng \u0111\u1ed3ng \u0111\u1ecba ph\u01b0\u01a1ng<\/p>\t\t\t\t\t\t<\/div>\n\t\t\t\t\t\t\t\t\t\t\t\t\t\t<\/div>\n\t\t\t<\/div>\n\t\t<\/div>\n\t\t\t\t\t\t<\/div>\n\t\t\t\t<\/div>\n\t\t\t\t\t<\/div>\n\t\t\t\t<\/div>\n\t\t<div class=\"elementor-element elementor-element-0e5daf6 e-flex e-con-boxed lakit-col-width-auto-no e-container e-root-container elementor-top-section e-con e-parent\" data-id=\"0e5daf6\" data-element_type=\"container\" data-e-type=\"container\">\n\t\t\t\t\t<div class=\"e-con-inner\">\n\t\t\t\t<div class=\"elementor-element elementor-element-f79f9ba elementor-widget__width-initial elementor-widget elementor-widget-pp-info-box\" data-id=\"f79f9ba\" data-element_type=\"widget\" data-e-type=\"widget\" data-widget_type=\"pp-info-box.default\">\n\t\t\t\t<div class=\"elementor-widget-container\">\n\t\t\t\t\t\t\t<div class=\"pp-info-box-container\">\n\t\t\t<div class=\"pp-info-box\">\n\t\t\t\t\t\t\t\t<div class=\"pp-info-box-content\">\n\t\t\t\t\t<div class=\"pp-info-box-title-wrap\">\n\t\t\t\t\t\t\t\t\t\t\t\t\t<div class=\"pp-info-box-title-container\">\n\t\t\t\t\t\t\t\t<h4 class=\"pp-info-box-title\">\n\t\t\t\t\t\t\t\t\tNguy\u00ean t\u1eafc<span class=\"black\"> kinh doanh<\/span>\t\t\t\t\t\t\t\t<\/h4>\n\t\t\t\t\t\t\t<\/div>\n\t\t\t\t\t\t\t\t\t\t\t\t<\/div>\n\n\t\t\t\t\t\n\t\t\t\t\t\t\t\t\t\t\t\t\t\t<\/div>\n\t\t\t<\/div>\n\t\t<\/div>\n\t\t\t\t\t\t<\/div>\n\t\t\t\t<\/div>\n\t\t<div class=\"elementor-element elementor-element-d57afb6 e-flex e-con-boxed lakit-col-width-auto-no e-container e-con e-child\" data-id=\"d57afb6\" data-element_type=\"container\" data-e-type=\"container\" data-settings=\"{&quot;background_background&quot;:&quot;classic&quot;}\">\n\t\t\t\t\t<div class=\"e-con-inner\">\n\t\t<div class=\"elementor-element elementor-element-5686ba6 e-con-full e-flex lakit-col-width-auto-no e-container e-con e-child\" data-id=\"5686ba6\" data-element_type=\"container\" data-e-type=\"container\">\n\t\t\t\t<div class=\"elementor-element elementor-element-3f165a8 elementor-widget elementor-widget-image\" data-id=\"3f165a8\" data-element_type=\"widget\" data-e-type=\"widget\" data-widget_type=\"image.default\">\n\t\t\t\t<div class=\"elementor-widget-container\">\n\t\t\t\t\t\t\t\t\t\t\t\t\t\t\t\t<a href=\"https:\/\/aeondelight-vietnam.com.vn\/vi\/gioi-thieu\/\">\n\t\t\t\t\t\t\t<img decoding=\"async\" width=\"2327\" height=\"2138\" src=\"https:\/\/aeondelight-vietnam.com.vn\/wp-content\/uploads\/2025\/01\/moi-truong-nhan-van1.png\" class=\"attachment-full size-full wp-image-9331\" alt=\"aeon delight\" srcset=\"https:\/\/aeondelight-vietnam.com.vn\/wp-content\/uploads\/2025\/01\/moi-truong-nhan-van1.png 2327w, https:\/\/aeondelight-vietnam.com.vn\/wp-content\/uploads\/2025\/01\/moi-truong-nhan-van1-300x276.png 300w, https:\/\/aeondelight-vietnam.com.vn\/wp-content\/uploads\/2025\/01\/moi-truong-nhan-van1-1024x941.png 1024w, https:\/\/aeondelight-vietnam.com.vn\/wp-content\/uploads\/2025\/01\/moi-truong-nhan-van1-150x138.png 150w, https:\/\/aeondelight-vietnam.com.vn\/wp-content\/uploads\/2025\/01\/moi-truong-nhan-van1-768x706.png 768w, https:\/\/aeondelight-vietnam.com.vn\/wp-content\/uploads\/2025\/01\/moi-truong-nhan-van1-1536x1411.png 1536w, https:\/\/aeondelight-vietnam.com.vn\/wp-content\/uploads\/2025\/01\/moi-truong-nhan-van1-2048x1882.png 2048w\" sizes=\"(max-width: 2327px) 100vw, 2327px\" \/>\t\t\t\t\t\t\t\t<\/a>\n\t\t\t\t\t\t\t\t\t\t\t\t\t\t\t<\/div>\n\t\t\t\t<\/div>\n\t\t\t\t<\/div>\n\t\t<div class=\"elementor-element elementor-element-8e27e81 e-con-full e-flex lakit-col-width-auto-no e-container e-con e-child\" data-id=\"8e27e81\" data-element_type=\"container\" data-e-type=\"container\">\n\t\t\t\t<div class=\"elementor-element elementor-element-8b3b466 elementor-widget__width-initial elementor-widget-mobile__width-inherit elementor-widget elementor-widget-pp-info-box\" data-id=\"8b3b466\" data-element_type=\"widget\" data-e-type=\"widget\" data-widget_type=\"pp-info-box.default\">\n\t\t\t\t<div class=\"elementor-widget-container\">\n\t\t\t\t\t\t\t<div class=\"pp-info-box-container\">\n\t\t\t<div class=\"pp-info-box\">\n\t\t\t\t\t\t\t\t<div class=\"pp-info-box-content\">\n\t\t\t\t\t<div class=\"pp-info-box-title-wrap\">\n\t\t\t\t\t\t\t\t\t\t\t\t\t<h5 class=\"pp-info-box-subtitle\">\n\t\t\t\t\t\t\t\tTheo \u0111u\u1ed5i vi\u1ec7c t\u1ea1o ra \"Gi\u00e1 tr\u1ecb M\u00f4i tr\u01b0\u1eddng\" cho Kh\u00e1ch h\u00e0ng v\u00e0 C\u1ed9ng \u0111\u1ed3ng \u0111\u1ecba ph\u01b0\u01a1ng.\t\t\t\t\t\t\t<\/h5>\n\t\t\t\t\t\t\t\t\t\t\t\t<\/div>\n\n\t\t\t\t\t\n\t\t\t\t\t\t\t\t\t\t\t<div class=\"pp-info-box-description\">\n\t\t\t\t\t\t\t<p style=\"text-align: left;\">Gi\u00e1 tr\u1ecb m\u00f4i tr\u01b0\u1eddng m\u00e0 ch\u00fang t\u00f4i h\u01b0\u1edbng t\u1edbi bao g\u1ed3m t\u1ea5t c\u1ea3 c\u00e1c gi\u00e1 tr\u1ecb trong c\u00e1c l\u0129nh v\u1ef1c sau: gi\u00e1 tr\u1ecb trong m\u00f4i tr\u01b0\u1eddng kinh doanh c\u1ee7a Doanh nghi\u1ec7p \u2013 Kh\u00e1ch h\u00e0ng, gi\u00e1 tr\u1ecb trong m\u00f4i tr\u01b0\u1eddng l\u00e0m vi\u1ec7c c\u1ee7a nh\u00e2n vi\u00ean, v\u00e0 gi\u00e1 tr\u1ecb \u0111\u00f3ng g\u00f3p cho C\u1ed9ng \u0111\u1ed3ng \u0111\u1ecba ph\u01b0\u01a1ng.<\/p><p style=\"text-align: left;\">Th\u00f4ng qua vi\u1ec7c t\u1ea1o d\u1ef1ng gi\u00e1 tr\u1ecb m\u00f4i tr\u01b0\u1eddng, ch\u00fang t\u00f4i mong mu\u1ed1n mang l\u1ea1i \u2018ni\u1ec1m vui\u2019 th\u1ec3 hi\u1ec7n qua s\u1ef1 h\u00e2n hoan, s\u1ef1 t\u1ecfa s\u00e1ng v\u00e0 s\u1ef1 phong ph\u00fa trong tinh th\u1ea7n.<\/p><p style=\"text-align: left;\">\u0110\u1ec3 \u0111\u1ea1t \u0111\u01b0\u1ee3c m\u1ee5c ti\u00eau n\u00e0y, ch\u00fang t\u00f4i kh\u00f4ng ng\u1eebng n\u1ed7 l\u1ef1c c\u1ea3i thi\u1ec7n, x\u00e2y d\u1ef1ng m\u00f4i tr\u01b0\u1eddng An to\u00e0n, An T\u00e2m, S\u1ea1ch s\u1ebd, Tho\u1ea3i m\u00e1i, v\u00e0 ti\u1ebfp t\u1ee5c v\u01b0\u01a1n t\u1edbi m\u1ed9t &#8220;t\u01b0\u01a1ng lai \u0111\u1ea7y m\u01a1 \u01b0\u1edbc&#8221;.<\/p>\t\t\t\t\t\t<\/div>\n\t\t\t\t\t\t\t\t\t\t\t\t\t\t<\/div>\n\t\t\t<\/div>\n\t\t<\/div>\n\t\t\t\t\t\t<\/div>\n\t\t\t\t<\/div>\n\t\t\t\t<\/div>\n\t\t\t\t\t<\/div>\n\t\t\t\t<\/div>\n\t\t\t\t\t<\/div>\n\t\t\t\t<\/div>\n\t\t<div class=\"elementor-element elementor-element-cb71433 e-flex e-con-boxed lakit-col-width-auto-no e-container e-root-container elementor-top-section e-con e-parent\" data-id=\"cb71433\" data-element_type=\"container\" data-e-type=\"container\">\n\t\t\t\t\t<div class=\"e-con-inner\">\n\t\t\t\t<div class=\"elementor-element elementor-element-8ed5de2 elementor-hidden-mobile elementor-widget elementor-widget-image\" data-id=\"8ed5de2\" data-element_type=\"widget\" data-e-type=\"widget\" data-widget_type=\"image.default\">\n\t\t\t\t<div class=\"elementor-widget-container\">\n\t\t\t\t\t\t\t\t\t\t\t\t\t\t\t\t<a href=\"https:\/\/aeondelight-vietnam.com.vn\/vi\/gioi-thieu\/\">\n\t\t\t\t\t\t\t<img loading=\"lazy\" decoding=\"async\" width=\"2560\" height=\"1509\" src=\"https:\/\/aeondelight-vietnam.com.vn\/wp-content\/uploads\/2026\/04\/MESS-TV_13x-2-scaled.png\" class=\"attachment-full size-full wp-image-12677\" alt=\"\" srcset=\"https:\/\/aeondelight-vietnam.com.vn\/wp-content\/uploads\/2026\/04\/MESS-TV_13x-2-scaled.png 2560w, https:\/\/aeondelight-vietnam.com.vn\/wp-content\/uploads\/2026\/04\/MESS-TV_13x-2-300x177.png 300w, https:\/\/aeondelight-vietnam.com.vn\/wp-content\/uploads\/2026\/04\/MESS-TV_13x-2-1024x603.png 1024w, https:\/\/aeondelight-vietnam.com.vn\/wp-content\/uploads\/2026\/04\/MESS-TV_13x-2-150x88.png 150w, https:\/\/aeondelight-vietnam.com.vn\/wp-content\/uploads\/2026\/04\/MESS-TV_13x-2-768x453.png 768w, https:\/\/aeondelight-vietnam.com.vn\/wp-content\/uploads\/2026\/04\/MESS-TV_13x-2-1536x905.png 1536w, https:\/\/aeondelight-vietnam.com.vn\/wp-content\/uploads\/2026\/04\/MESS-TV_13x-2-2048x1207.png 2048w\" sizes=\"(max-width: 2560px) 100vw, 2560px\" \/>\t\t\t\t\t\t\t\t<\/a>\n\t\t\t\t\t\t\t\t\t\t\t\t\t\t\t<\/div>\n\t\t\t\t<\/div>\n\t\t\t\t<div class=\"elementor-element elementor-element-007af42 elementor-hidden-desktop elementor-hidden-tablet elementor-widget elementor-widget-image\" data-id=\"007af42\" data-element_type=\"widget\" data-e-type=\"widget\" data-widget_type=\"image.default\">\n\t\t\t\t<div class=\"elementor-widget-container\">\n\t\t\t\t\t\t\t\t\t\t\t\t\t\t\t\t<a href=\"https:\/\/aeondelight-vietnam.com.vn\/vi\/gioi-thieu\/\">\n\t\t\t\t\t\t\t<img loading=\"lazy\" decoding=\"async\" width=\"2513\" height=\"2560\" src=\"https:\/\/aeondelight-vietnam.com.vn\/wp-content\/uploads\/2026\/04\/DT-TV-1-scaled.png\" class=\"attachment-full size-full wp-image-12712\" alt=\"\" srcset=\"https:\/\/aeondelight-vietnam.com.vn\/wp-content\/uploads\/2026\/04\/DT-TV-1-scaled.png 2513w, https:\/\/aeondelight-vietnam.com.vn\/wp-content\/uploads\/2026\/04\/DT-TV-1-295x300.png 295w, https:\/\/aeondelight-vietnam.com.vn\/wp-content\/uploads\/2026\/04\/DT-TV-1-1005x1024.png 1005w, https:\/\/aeondelight-vietnam.com.vn\/wp-content\/uploads\/2026\/04\/DT-TV-1-147x150.png 147w, https:\/\/aeondelight-vietnam.com.vn\/wp-content\/uploads\/2026\/04\/DT-TV-1-768x782.png 768w, https:\/\/aeondelight-vietnam.com.vn\/wp-content\/uploads\/2026\/04\/DT-TV-1-1508x1536.png 1508w, https:\/\/aeondelight-vietnam.com.vn\/wp-content\/uploads\/2026\/04\/DT-TV-1-2011x2048.png 2011w\" sizes=\"(max-width: 2513px) 100vw, 2513px\" \/>\t\t\t\t\t\t\t\t<\/a>\n\t\t\t\t\t\t\t\t\t\t\t\t\t\t\t<\/div>\n\t\t\t\t<\/div>\n\t\t\t\t\t<\/div>\n\t\t\t\t<\/div>\n\t\t<div class=\"elementor-element elementor-element-12cb328 elementor-hidden-desktop elementor-hidden-tablet elementor-hidden-mobile e-flex e-con-boxed lakit-col-width-auto-no e-container e-root-container elementor-top-section e-con e-parent\" data-id=\"12cb328\" data-element_type=\"container\" data-e-type=\"container\">\n\t\t\t\t\t<div class=\"e-con-inner\">\n\t\t\t\t<div class=\"elementor-element elementor-element-6ded771 elementor-widget elementor-widget-image\" data-id=\"6ded771\" data-element_type=\"widget\" data-e-type=\"widget\" data-widget_type=\"image.default\">\n\t\t\t\t<div class=\"elementor-widget-container\">\n\t\t\t\t\t\t\t\t\t\t\t\t\t\t\t<img loading=\"lazy\" decoding=\"async\" width=\"393\" height=\"501\" src=\"https:\/\/aeondelight-vietnam.com.vn\/wp-content\/uploads\/2024\/12\/Group-2144767515.jpg\" class=\"attachment-full size-full wp-image-6603\" alt=\"\" srcset=\"https:\/\/aeondelight-vietnam.com.vn\/wp-content\/uploads\/2024\/12\/Group-2144767515.jpg 393w, https:\/\/aeondelight-vietnam.com.vn\/wp-content\/uploads\/2024\/12\/Group-2144767515-235x300.jpg 235w, https:\/\/aeondelight-vietnam.com.vn\/wp-content\/uploads\/2024\/12\/Group-2144767515-118x150.jpg 118w\" sizes=\"(max-width: 393px) 100vw, 393px\" \/>\t\t\t\t\t\t\t\t\t\t\t\t\t\t\t<\/div>\n\t\t\t\t<\/div>\n\t\t\t\t<div class=\"elementor-element elementor-element-7b40940 elementor-widget__width-initial elementor-absolute text-banner text-mobile elementor-widget-mobile__width-inherit elementor-widget elementor-widget-pp-info-box\" data-id=\"7b40940\" data-element_type=\"widget\" data-e-type=\"widget\" data-settings=\"{&quot;_position&quot;:&quot;absolute&quot;}\" data-widget_type=\"pp-info-box.default\">\n\t\t\t\t<div class=\"elementor-widget-container\">\n\t\t\t\t\t\t\t<div class=\"pp-info-box-container\">\n\t\t\t<div class=\"pp-info-box\">\n\t\t\t\t\t\t\t\t<div class=\"pp-info-box-content\">\n\t\t\t\t\t<div class=\"pp-info-box-title-wrap\">\n\t\t\t\t\t\t\t\t\t\t\t\t\t<div class=\"pp-info-box-title-container\">\n\t\t\t\t\t\t\t\t<h4 class=\"pp-info-box-title\">\n\t\t\t\t\t\t\t\t\tGeneral Director Message\t\t\t\t\t\t\t\t<\/h4>\n\t\t\t\t\t\t\t<\/div>\n\t\t\t\t\t\t\t\t\t\t\t\t<\/div>\n\n\t\t\t\t\t\n\t\t\t\t\t\t\t\t\t\t\t<div class=\"pp-info-box-description\">\n\t\t\t\t\t\t\t<p>\u201cAEON Delight Vietnam provides the facility management services on the basis of nearly 50 years experience in Japan \u2013 providing one-stop, integrated facility management services for diverse customers, such as shopping centers, buildings, offices, residential areas, restaurants, schools, hospitals and industrial sites\/factories,\u2026 throughout Asia.\u201d<\/p>\t\t\t\t\t\t<\/div>\n\t\t\t\t\t\t\t\t\t\t\t\t\t\t<\/div>\n\t\t\t<\/div>\n\t\t<\/div>\n\t\t\t\t\t\t<\/div>\n\t\t\t\t<\/div>\n\t\t\t\t\t<\/div>\n\t\t\t\t<\/div>\n\t\t\t\t<\/div>\n\t\t","protected":false},"excerpt":{"rendered":"<p>Ch\u00fang t\u00f4i cung c\u1ea5p d\u1ecbch v\u1ee5 qu\u1ea3n l\u00fd c\u01a1 s\u1edf t\u00edch h\u1ee3p tr\u1ecdn g\u00f3i, h\u1ed7&#8230;<\/p>\n","protected":false},"author":1,"featured_media":0,"parent":0,"menu_order":0,"comment_status":"closed","ping_status":"closed","template":"elementor_header_footer","meta":{"_acf_changed":false,"footnotes":""},"class_list":["post-6771","page","type-page","status-publish","hentry"],"acf":[],"_links":{"self":[{"href":"https:\/\/aeondelight-vietnam.com.vn\/vi\/wp-json\/wp\/v2\/pages\/6771","targetHints":{"allow":["GET"]}}],"collection":[{"href":"https:\/\/aeondelight-vietnam.com.vn\/vi\/wp-json\/wp\/v2\/pages"}],"about":[{"href":"https:\/\/aeondelight-vietnam.com.vn\/vi\/wp-json\/wp\/v2\/types\/page"}],"author":[{"embeddable":true,"href":"https:\/\/aeondelight-vietnam.com.vn\/vi\/wp-json\/wp\/v2\/users\/1"}],"replies":[{"embeddable":true,"href":"https:\/\/aeondelight-vietnam.com.vn\/vi\/wp-json\/wp\/v2\/comments?post=6771"}],"version-history":[{"count":115,"href":"https:\/\/aeondelight-vietnam.com.vn\/vi\/wp-json\/wp\/v2\/pages\/6771\/revisions"}],"predecessor-version":[{"id":12779,"href":"https:\/\/aeondelight-vietnam.com.vn\/vi\/wp-json\/wp\/v2\/pages\/6771\/revisions\/12779"}],"wp:attachment":[{"href":"https:\/\/aeondelight-vietnam.com.vn\/vi\/wp-json\/wp\/v2\/media?parent=6771"}],"curies":[{"name":"wp","href":"https:\/\/api.w.org\/{rel}","templated":true}]}}