{"id":6782,"date":"2024-11-19T21:43:42","date_gmt":"2024-11-19T14:43:42","guid":{"rendered":"https:\/\/aeondelight-vietnam.com.vn\/news\/"},"modified":"2026-04-08T08:24:14","modified_gmt":"2026-04-08T01:24:14","slug":"thong-tin","status":"publish","type":"page","link":"https:\/\/aeondelight-vietnam.com.vn\/vi\/thong-tin\/","title":{"rendered":"Th\u00f4ng tin"},"content":{"rendered":"\t\t<div data-elementor-type=\"wp-page\" data-elementor-id=\"6782\" class=\"elementor elementor-6782 elementor-4375\" data-elementor-post-type=\"page\">\n\t\t\t\t<div class=\"elementor-element elementor-element-baacc22 e-flex e-con-boxed lakit-col-width-auto-no e-container e-root-container elementor-top-section e-con e-parent\" data-id=\"baacc22\" data-element_type=\"container\" data-e-type=\"container\" data-settings=\"{&quot;background_background&quot;:&quot;classic&quot;}\">\n\t\t\t\t\t<div class=\"e-con-inner\">\n\t\t<div class=\"elementor-element elementor-element-58a0b74 e-con-full e-flex lakit-col-width-auto-no e-container e-con e-child\" data-id=\"58a0b74\" data-element_type=\"container\" data-e-type=\"container\">\n\t\t\t\t<\/div>\n\t\t\t\t\t<\/div>\n\t\t\t\t<\/div>\n\t\t<div class=\"elementor-element elementor-element-f232682 e-flex e-con-boxed lakit-col-width-auto-no e-container e-root-container elementor-top-section e-con e-parent\" data-id=\"f232682\" data-element_type=\"container\" data-e-type=\"container\">\n\t\t\t\t\t<div class=\"e-con-inner\">\n\t\t<div class=\"elementor-element elementor-element-2000653 e-con-full e-flex lakit-col-width-auto-no e-container e-con e-child\" data-id=\"2000653\" data-element_type=\"container\" data-e-type=\"container\">\n\t\t\t\t<div class=\"elementor-element elementor-element-d77cbdf elementor-widget__width-initial elementor-widget elementor-widget-pp-info-box\" data-id=\"d77cbdf\" data-element_type=\"widget\" data-e-type=\"widget\" data-widget_type=\"pp-info-box.default\">\n\t\t\t\t<div class=\"elementor-widget-container\">\n\t\t\t\t\t\t\t<div class=\"pp-info-box-container\">\n\t\t\t<div class=\"pp-info-box\">\n\t\t\t\t\t\t\t\t<div class=\"pp-info-box-content\">\n\t\t\t\t\t<div class=\"pp-info-box-title-wrap\">\n\t\t\t\t\t\t\t\t\t\t\t\t\t<div class=\"pp-info-box-title-container\">\n\t\t\t\t\t\t\t\t<h4 class=\"pp-info-box-title\">\n\t\t\t\t\t\t\t\t\tTin <span class=\"black\">t\u1ee9c<\/span> \t\t\t\t\t\t\t\t<\/h4>\n\t\t\t\t\t\t\t<\/div>\n\t\t\t\t\t\t\t\t\t\t\t\t<\/div>\n\n\t\t\t\t\t\n\t\t\t\t\t\t\t\t\t\t\t\t\t\t<\/div>\n\t\t\t<\/div>\n\t\t<\/div>\n\t\t\t\t\t\t<\/div>\n\t\t\t\t<\/div>\n\t\t\t\t<div class=\"elementor-element elementor-element-5a49685 elementor-widget elementor-widget-shortcode\" data-id=\"5a49685\" data-element_type=\"widget\" data-e-type=\"widget\" data-widget_type=\"shortcode.default\">\n\t\t\t\t<div class=\"elementor-widget-container\">\n\t\t\t\t\t\t\t<div class=\"elementor-shortcode\">    <div class=\"ad-news-slider swiper\">\n        <div class=\"swiper-wrapper\">\n                            <div class=\"swiper-slide\">\n                    <ul class=\"ad-news-list\">\n                                                    <li class=\"ad-news-item\">\n                                <a href=\"https:\/\/aeondelight-vietnam.com.vn\/vi\/aeon-delight-viet-nam-gat-hai-nhan-tai-tai-job-fair-2025\/\">\n                                    AEON Delight Vi\u1ec7t Nam &#8220;G\u1eb7t H\u00e1i&#8221; Nh\u00e2n T\u00e0i T\u1ea1i JOB FAIR 2025                                <\/a>\n                            <\/li>\n                                                    <li class=\"ad-news-item\">\n                                <a href=\"https:\/\/aeondelight-vietnam.com.vn\/vi\/ngay-hoi-trong-cay-canh-rung-que-huong-aeon-tai-midori-park-square\/\">\n                                    Ng\u00e0y h\u1ed9i tr\u1ed3ng c\u00e2y \u201cC\u00e1nh R\u1eebng Qu\u00ea H\u01b0\u01a1ng AEON\u201d t\u1ea1i MIDORI PARK SQUARE 2025                                <\/a>\n                            <\/li>\n                                                    <li class=\"ad-news-item\">\n                                <a href=\"https:\/\/aeondelight-vietnam.com.vn\/vi\/dien-tap-pccc-cnch-tai-aeon-mall-ha-dong-va-aeon-mall-binh-duong-canary\/\">\n                                    Di\u1ec5n t\u1eadp PCCC &#038; CNCH t\u1ea1i AEON Mall H\u00e0 \u0110\u00f4ng v\u00e0 AEON Mall B\u00ecnh D\u01b0\u01a1ng Canary                                <\/a>\n                            <\/li>\n                                            <\/ul>\n                <\/div>\n                            <div class=\"swiper-slide\">\n                    <ul class=\"ad-news-list\">\n                                                    <li class=\"ad-news-item\">\n                                <a href=\"https:\/\/aeondelight-vietnam.com.vn\/vi\/aeon-viet-nam-chung-tay-ho-tro-nguoi-dan-vung-bao-lan-toa-gia-tri-nhan-van-va-phat-trien-ben-vung\/\">\n                                    AEON Vi\u1ec7t Nam chung tay h\u1ed7 tr\u1ee3 ng\u01b0\u1eddi d\u00e2n v\u00f9ng b\u00e3o, lan t\u1ecfa gi\u00e1 tr\u1ecb nh\u00e2n v\u0103n v\u00e0 ph\u00e1t tri\u1ec3n b\u1ec1n v\u1eefng 2025                                <\/a>\n                            <\/li>\n                                                    <li class=\"ad-news-item\">\n                                <a href=\"https:\/\/aeondelight-vietnam.com.vn\/vi\/aeon-delight-vietnam-phoi-hop-to-chuc-dien-tap-pccc-cnch-tai-aeon-mall-hai-phong-le-chan-va-aeon-mall-binh-tan-2025\/\">\n                                    AEON Delight Vietnam ph\u1ed1i h\u1ee3p t\u1ed5 ch\u1ee9c di\u1ec5n t\u1eadp PCCC &#038; CNCH t\u1ea1i AEON Mall H\u1ea3i Ph\u00f2ng L\u00ea Ch\u00e2n v\u00e0 AEON Mall B\u00ecnh T\u00e2n 2025                                <\/a>\n                            <\/li>\n                                                    <li class=\"ad-news-item\">\n                                <a href=\"https:\/\/aeondelight-vietnam.com.vn\/vi\/khai-truong-aeon-mall-tan-an-aeon-mall-van-giang-dau-an-dong-hanh-cua-aeon-delight-vietnam\/\">\n                                    Khai tr\u01b0\u01a1ng AEON T\u00e2n An &#038; AEON V\u0103n Giang \u2013 D\u1ea5u \u1ea5n \u0111\u1ed3ng h\u00e0nh c\u1ee7a AEON Delight Vi\u1ec7t Nam                                <\/a>\n                            <\/li>\n                                            <\/ul>\n                <\/div>\n                            <div class=\"swiper-slide\">\n                    <ul class=\"ad-news-list\">\n                                                    <li class=\"ad-news-item\">\n                                <a href=\"https:\/\/aeondelight-vietnam.com.vn\/vi\/aeon-ekiden-2025-hanh-trinh-lan-toa-nang-luong-tich-cuc\/\">\n                                    AEON EKIDEN 2025 \u2013 H\u00c0NH TR\u00ccNH LAN T\u1eceA N\u0102NG L\u01af\u1ee2NG T\u00cdCH C\u1ef0C                                <\/a>\n                            <\/li>\n                                                    <li class=\"ad-news-item\">\n                                <a href=\"https:\/\/aeondelight-vietnam.com.vn\/vi\/le-trong-cay-gieo-mam-xanh-chap-canh-tuong-lai-cung-aeon-tan-an\/\">\n                                    L\u1ec5 Tr\u1ed3ng C\u00e2y \u2013 Gieo M\u1ea7m Xanh, Ch\u1eafp C\u00e1nh T\u01b0\u01a1ng Lai c\u00f9ng AEON T\u00e2n An                                <\/a>\n                            <\/li>\n                                                    <li class=\"ad-news-item\">\n                                <a href=\"https:\/\/aeondelight-vietnam.com.vn\/vi\/adv-contest-season-2025\/\">\n                                    ADV CONTEST SEASON 2025                                <\/a>\n                            <\/li>\n                                            <\/ul>\n                <\/div>\n                            <div class=\"swiper-slide\">\n                    <ul class=\"ad-news-list\">\n                                                    <li class=\"ad-news-item\">\n                                <a href=\"https:\/\/aeondelight-vietnam.com.vn\/vi\/aeon-cleaning-community-2025-hon-300-nhan-vien-aeon-delight-chung-tay-vi-moi-truong-xanh\/\">\n                                    AEON Cleaning Community 2025: H\u01a1n 300 nh\u00e2n vi\u00ean AEON Delight chung tay v\u00ec m\u00f4i tr\u01b0\u1eddng xanh!                                <\/a>\n                            <\/li>\n                                                    <li class=\"ad-news-item\">\n                                <a href=\"https:\/\/aeondelight-vietnam.com.vn\/vi\/eco-day-2025-nang-cao-y-thuc-cong-dong-ve-viec-bao-ve-moi-truong-2\/\">\n                                    ECO DAY 2025: N\u00e2ng cao \u00fd th\u1ee9c c\u1ed9ng \u0111\u1ed3ng v\u1ec1 vi\u1ec7c b\u1ea3o v\u1ec7 m\u00f4i tr\u01b0\u1eddng                                <\/a>\n                            <\/li>\n                                                    <li class=\"ad-news-item\">\n                                <a href=\"https:\/\/aeondelight-vietnam.com.vn\/vi\/le-trao-hoc-bong-quy-cau-lac-bo-aeon-1\/\">\n                                    L\u1ec5 trao h\u1ecdc b\u1ed5ng Qu\u1ef9 C\u00e2u L\u1ea1c B\u1ed9 AEON 1%                                <\/a>\n                            <\/li>\n                                            <\/ul>\n                <\/div>\n                    <\/div>\n\n        <div class=\"swiper-pagination\"><\/div>\n    <\/div>\n\n    <script>\n    document.addEventListener('DOMContentLoaded', function () {\n        if (typeof Swiper !== 'undefined') {\n            new Swiper('.ad-news-slider', {\n                loop: false,\n                slidesPerView: 1,\n                pagination: {\n                    el: '.ad-news-slider .swiper-pagination',\n                    clickable: true\n                },\n                autoplay: {\n                    delay: 5000\n                }\n            });\n        }\n    });\n    <\/script>\n    <\/div>\n\t\t\t\t\t\t<\/div>\n\t\t\t\t<\/div>\n\t\t\t\t<\/div>\n\t\t<div class=\"elementor-element elementor-element-835d70a e-con-full e-flex lakit-col-width-auto-no e-container e-con e-child\" data-id=\"835d70a\" data-element_type=\"container\" data-e-type=\"container\">\n\t\t\t\t<div class=\"elementor-element elementor-element-5aab092 elementor-widget__width-initial elementor-widget elementor-widget-pp-info-box\" data-id=\"5aab092\" data-element_type=\"widget\" data-e-type=\"widget\" data-widget_type=\"pp-info-box.default\">\n\t\t\t\t<div class=\"elementor-widget-container\">\n\t\t\t\t\t\t\t<div class=\"pp-info-box-container\">\n\t\t\t<div class=\"pp-info-box\">\n\t\t\t\t\t\t\t\t<div class=\"pp-info-box-content\">\n\t\t\t\t\t<div class=\"pp-info-box-title-wrap\">\n\t\t\t\t\t\t\t\t\t\t\t\t\t<div class=\"pp-info-box-title-container\">\n\t\t\t\t\t\t\t\t<h4 class=\"pp-info-box-title\">\n\t\t\t\t\t\t\t\t\tH\u1ed3 S\u01a1  <span class=\"black\">Doanh Nghi\u1ec7p<\/span>\t\t\t\t\t\t\t\t<\/h4>\n\t\t\t\t\t\t\t<\/div>\n\t\t\t\t\t\t\t\t\t\t\t\t<\/div>\n\n\t\t\t\t\t\n\t\t\t\t\t\t\t\t\t\t\t\t\t\t<\/div>\n\t\t\t<\/div>\n\t\t<\/div>\n\t\t\t\t\t\t<\/div>\n\t\t\t\t<\/div>\n\t\t\t\t<div class=\"elementor-element elementor-element-a294180 elementor-icon-list--layout-traditional elementor-list-item-link-full_width elementor-widget elementor-widget-icon-list\" data-id=\"a294180\" data-element_type=\"widget\" data-e-type=\"widget\" data-widget_type=\"icon-list.default\">\n\t\t\t\t<div class=\"elementor-widget-container\">\n\t\t\t\t\t\t\t<ul class=\"elementor-icon-list-items\">\n\t\t\t\t\t\t\t<li class=\"elementor-icon-list-item\">\n\t\t\t\t\t\t\t\t\t\t\t<a href=\"https:\/\/online.fliphtml5.com\/nphbaoo\/sscx\/\" target=\"_blank\" rel=\"noopener\">\n\n\t\t\t\t\t\t\t\t\t\t\t<span class=\"elementor-icon-list-text\">AEON DELIGHT VIETNAM PROFILE [VIE]<\/span>\n\t\t\t\t\t\t\t\t\t\t\t<\/a>\n\t\t\t\t\t\t\t\t\t<\/li>\n\t\t\t\t\t\t\t\t<li class=\"elementor-icon-list-item\">\n\t\t\t\t\t\t\t\t\t\t\t<a href=\"https:\/\/online.fliphtml5.com\/nphbaoo\/ktdn\/\" target=\"_blank\" rel=\"noopener\">\n\n\t\t\t\t\t\t\t\t\t\t\t<span class=\"elementor-icon-list-text\">AEON DELIGHT VIETNAM PROFILE [ENG]<\/span>\n\t\t\t\t\t\t\t\t\t\t\t<\/a>\n\t\t\t\t\t\t\t\t\t<\/li>\n\t\t\t\t\t\t<\/ul>\n\t\t\t\t\t\t<\/div>\n\t\t\t\t<\/div>\n\t\t\t\t<\/div>\n\t\t\t\t\t<\/div>\n\t\t\t\t<\/div>\n\t\t<div class=\"elementor-element elementor-element-77ee035 e-flex e-con-boxed lakit-col-width-auto-no e-container e-root-container elementor-top-section e-con e-parent\" data-id=\"77ee035\" data-element_type=\"container\" data-e-type=\"container\">\n\t\t\t\t\t<div class=\"e-con-inner\">\n\t\t\t\t<div class=\"elementor-element elementor-element-f2bc887 elementor-widget__width-initial elementor-widget elementor-widget-pp-info-box\" data-id=\"f2bc887\" data-element_type=\"widget\" data-e-type=\"widget\" data-widget_type=\"pp-info-box.default\">\n\t\t\t\t<div class=\"elementor-widget-container\">\n\t\t\t\t\t\t\t<div class=\"pp-info-box-container\">\n\t\t\t<div class=\"pp-info-box\">\n\t\t\t\t\t\t\t\t<div class=\"pp-info-box-content\">\n\t\t\t\t\t<div class=\"pp-info-box-title-wrap\">\n\t\t\t\t\t\t\t\t\t\t\t\t\t<div class=\"pp-info-box-title-container\">\n\t\t\t\t\t\t\t\t<h4 class=\"pp-info-box-title\">\n\t\t\t\t\t\t\t\t\tH\u00ecnh \u1ea3nh\t\t\t\t\t\t\t\t<\/h4>\n\t\t\t\t\t\t\t<\/div>\n\t\t\t\t\t\t\t\t\t\t\t\t<\/div>\n\n\t\t\t\t\t\n\t\t\t\t\t\t\t\t\t\t\t\t\t\t<\/div>\n\t\t\t<\/div>\n\t\t<\/div>\n\t\t\t\t\t\t<\/div>\n\t\t\t\t<\/div>\n\t\t<div class=\"elementor-element elementor-element-113b2d0 e-con-full e-flex lakit-col-width-auto-no e-container e-con e-child\" data-id=\"113b2d0\" data-element_type=\"container\" data-e-type=\"container\">\n\t\t\t\t<div class=\"elementor-element elementor-element-5e639d5 elementor-widget elementor-widget-image\" data-id=\"5e639d5\" data-element_type=\"widget\" data-e-type=\"widget\" data-widget_type=\"image.default\">\n\t\t\t\t<div class=\"elementor-widget-container\">\n\t\t\t\t\t\t\t\t\t\t\t\t\t\t\t\t<a href=\"https:\/\/aeondelight-vietnam.com.vn\/vi\/thong-tin\/\">\n\t\t\t\t\t\t\t<img fetchpriority=\"high\" decoding=\"async\" width=\"2560\" height=\"1707\" src=\"https:\/\/aeondelight-vietnam.com.vn\/wp-content\/uploads\/2025\/07\/Group-2144767606-1-scaled.jpg\" class=\"attachment-full size-full wp-image-12132\" alt=\"\" srcset=\"https:\/\/aeondelight-vietnam.com.vn\/wp-content\/uploads\/2025\/07\/Group-2144767606-1-scaled.jpg 2560w, https:\/\/aeondelight-vietnam.com.vn\/wp-content\/uploads\/2025\/07\/Group-2144767606-1-300x200.jpg 300w, https:\/\/aeondelight-vietnam.com.vn\/wp-content\/uploads\/2025\/07\/Group-2144767606-1-1024x683.jpg 1024w, https:\/\/aeondelight-vietnam.com.vn\/wp-content\/uploads\/2025\/07\/Group-2144767606-1-150x100.jpg 150w, https:\/\/aeondelight-vietnam.com.vn\/wp-content\/uploads\/2025\/07\/Group-2144767606-1-768x512.jpg 768w, https:\/\/aeondelight-vietnam.com.vn\/wp-content\/uploads\/2025\/07\/Group-2144767606-1-1536x1024.jpg 1536w, https:\/\/aeondelight-vietnam.com.vn\/wp-content\/uploads\/2025\/07\/Group-2144767606-1-2048x1365.jpg 2048w\" sizes=\"(max-width: 2560px) 100vw, 2560px\" \/>\t\t\t\t\t\t\t\t<\/a>\n\t\t\t\t\t\t\t\t\t\t\t\t\t\t\t<\/div>\n\t\t\t\t<\/div>\n\t\t\t\t<\/div>\n\t\t\t\t\t<\/div>\n\t\t\t\t<\/div>\n\t\t<div class=\"elementor-element elementor-element-a6dbc9f e-flex e-con-boxed lakit-col-width-auto-no e-container e-root-container elementor-top-section e-con e-parent\" data-id=\"a6dbc9f\" data-element_type=\"container\" data-e-type=\"container\">\n\t\t\t\t\t<div class=\"e-con-inner\">\n\t\t\t\t<div class=\"elementor-element elementor-element-47ff11d elementor-widget__width-initial elementor-widget elementor-widget-pp-info-box\" data-id=\"47ff11d\" data-element_type=\"widget\" data-e-type=\"widget\" data-widget_type=\"pp-info-box.default\">\n\t\t\t\t<div class=\"elementor-widget-container\">\n\t\t\t\t\t\t\t<div class=\"pp-info-box-container\">\n\t\t\t<div class=\"pp-info-box\">\n\t\t\t\t\t\t\t\t<div class=\"pp-info-box-content\">\n\t\t\t\t\t<div class=\"pp-info-box-title-wrap\">\n\t\t\t\t\t\t\t\t\t\t\t\t\t<div class=\"pp-info-box-title-container\">\n\t\t\t\t\t\t\t\t<h4 class=\"pp-info-box-title\">\n\t\t\t\t\t\t\t\t\tVideos\t\t\t\t\t\t\t\t<\/h4>\n\t\t\t\t\t\t\t<\/div>\n\t\t\t\t\t\t\t\t\t\t\t\t<\/div>\n\n\t\t\t\t\t\n\t\t\t\t\t\t\t\t\t\t\t\t\t\t<\/div>\n\t\t\t<\/div>\n\t\t<\/div>\n\t\t\t\t\t\t<\/div>\n\t\t\t\t<\/div>\n\t\t\t\t<div class=\"elementor-element elementor-element-509db1c elementor-widget__width-inherit elementor-widget elementor-widget-pp-logo-carousel\" data-id=\"509db1c\" data-element_type=\"widget\" data-e-type=\"widget\" data-widget_type=\"pp-logo-carousel.default\">\n\t\t\t\t<div class=\"elementor-widget-container\">\n\t\t\t\t\t\t\t<div class=\"swiper-container-wrap swiper-container-wrap-dots-outside\">\n\t\t\t<div class=\"pp-logo-carousel pp-swiper-slider swiper\" data-slider-settings=\"{&quot;effect&quot;:&quot;slide&quot;,&quot;speed&quot;:400,&quot;slides_per_view&quot;:3,&quot;space_between&quot;:20,&quot;auto_height&quot;:false,&quot;loop&quot;:&quot;yes&quot;,&quot;pagination&quot;:&quot;bullets&quot;,&quot;slides_per_view_mobile&quot;:1,&quot;space_between_mobile&quot;:10,&quot;slides_per_view_tablet&quot;:2,&quot;space_between_tablet&quot;:10}\">\n\t\t\t\t<div class=\"swiper-wrapper\">\n\t\t\t\t\t\t\t\t\t\t\t<div class=\"swiper-slide\">\n\t\t\t\t\t\t\t\t<div class=\"pp-lc-logo-wrap\">\n\t\t\t\t\t\t\t\t\t<div class=\"pp-lc-logo\">\n\t\t\t\t\t\t\t\t\t\t\t\t\t\t\t\t\t\t\t\t\t\t<a href=\"#elementor-action%3Aaction%3Dpopup%3Aopen%26settings%3DeyJpZCI6IjEyNjE0IiwidG9nZ2xlIjpmYWxzZX0%3D\">\n\t\t\t\t\t\t\t\t\t\t\t\t\t\t\t\t\t\t\t\t\t\t\t\t<img decoding=\"async\" src=\"https:\/\/aeondelight-vietnam.com.vn\/wp-content\/uploads\/2025\/04\/Untitled-1-1.jpg\" alt=\"Untitled-1-1.jpg\">\n\t\t\t\t\t\t\t\t\t\t\t\t\t\t\t\t\t\t\t\t\t\t\t\t<\/a>\n\t\t\t\t\t\t\t\t\t\t\t\t\t\t\t\t\t\t\t\t\t<\/div>\n\t\t\t\t\t\t\t\t\t\t\t\t\t\t\t\t\t\t\t\t<h4 class=\"pp-logo-title\">\n\t\t\t\t\t\t\t\t\t\t\t\t\t\t\t\t\t\t\t\t\t\t\t<a href=\"#elementor-action%3Aaction%3Dpopup%3Aopen%26settings%3DeyJpZCI6IjEyNjE0IiwidG9nZ2xlIjpmYWxzZX0%3D\">\n\t\t\t\t\t\t\t\t\t\t\t\tAEON Delight (Vi\u1ec7t Nam) - 1 N\u0103m Nh\u00ecn L\u1ea1i\t\t\t\t\t\t\t\t\t\t\t\t<\/a>\n\t\t\t\t\t\t\t\t\t\t\t\t\t\t\t\t\t\t\t\t\t\t\t<\/h4>\n\t\t\t\t\t\t\t\t\t\t\t\t\t\t\t\t\t\t\t<\/div>\n\t\t\t\t\t\t\t<\/div>\n\t\t\t\t\t\t\t\t\t\t\t\t\t\t<div class=\"swiper-slide\">\n\t\t\t\t\t\t\t\t<div class=\"pp-lc-logo-wrap\">\n\t\t\t\t\t\t\t\t\t<div class=\"pp-lc-logo\">\n\t\t\t\t\t\t\t\t\t\t\t\t\t\t\t\t\t\t\t\t\t\t<a href=\"#elementor-action%3Aaction%3Dpopup%3Aopen%26settings%3DeyJpZCI6IjUyMDciLCJ0b2dnbGUiOmZhbHNlfQ%3D%3D\">\n\t\t\t\t\t\t\t\t\t\t\t\t\t\t\t\t\t\t\t\t\t\t\t\t<img decoding=\"async\" src=\"https:\/\/aeondelight-vietnam.com.vn\/wp-content\/uploads\/2025\/04\/Untitled-1-1.jpg\" alt=\"Untitled-1-1.jpg\">\n\t\t\t\t\t\t\t\t\t\t\t\t\t\t\t\t\t\t\t\t\t\t\t\t<\/a>\n\t\t\t\t\t\t\t\t\t\t\t\t\t\t\t\t\t\t\t\t\t<\/div>\n\t\t\t\t\t\t\t\t\t\t\t\t\t\t\t\t\t\t\t\t<h4 class=\"pp-logo-title\">\n\t\t\t\t\t\t\t\t\t\t\t\t\t\t\t\t\t\t\t\t\t\t\t<a href=\"#elementor-action%3Aaction%3Dpopup%3Aopen%26settings%3DeyJpZCI6IjUyMDciLCJ0b2dnbGUiOmZhbHNlfQ%3D%3D\">\n\t\t\t\t\t\t\t\t\t\t\t\tWhy Us?\t\t\t\t\t\t\t\t\t\t\t\t<\/a>\n\t\t\t\t\t\t\t\t\t\t\t\t\t\t\t\t\t\t\t\t\t\t\t<\/h4>\n\t\t\t\t\t\t\t\t\t\t\t\t\t\t\t\t\t\t\t<\/div>\n\t\t\t\t\t\t\t<\/div>\n\t\t\t\t\t\t\t\t\t\t\t\t\t\t<div class=\"swiper-slide\">\n\t\t\t\t\t\t\t\t<div class=\"pp-lc-logo-wrap\">\n\t\t\t\t\t\t\t\t\t<div class=\"pp-lc-logo\">\n\t\t\t\t\t\t\t\t\t\t\t\t\t\t\t\t\t\t\t\t\t\t<a href=\"#elementor-action%3Aaction%3Dpopup%3Aopen%26settings%3DeyJpZCI6IjExOTUyIiwidG9nZ2xlIjpmYWxzZX0%3D\">\n\t\t\t\t\t\t\t\t\t\t\t\t\t\t\t\t\t\t\t\t\t\t\t\t<img decoding=\"async\" src=\"https:\/\/aeondelight-vietnam.com.vn\/wp-content\/uploads\/2025\/04\/Untitled-1-1.jpg\" alt=\"Untitled-1-1.jpg\">\n\t\t\t\t\t\t\t\t\t\t\t\t\t\t\t\t\t\t\t\t\t\t\t\t<\/a>\n\t\t\t\t\t\t\t\t\t\t\t\t\t\t\t\t\t\t\t\t\t<\/div>\n\t\t\t\t\t\t\t\t\t\t\t\t\t\t\t\t\t\t\t\t<h4 class=\"pp-logo-title\">\n\t\t\t\t\t\t\t\t\t\t\t\t\t\t\t\t\t\t\t\t\t\t\t<a href=\"#elementor-action%3Aaction%3Dpopup%3Aopen%26settings%3DeyJpZCI6IjExOTUyIiwidG9nZ2xlIjpmYWxzZX0%3D\">\n\t\t\t\t\t\t\t\t\t\t\t\tHN_Partnership 2025\t\t\t\t\t\t\t\t\t\t\t\t<\/a>\n\t\t\t\t\t\t\t\t\t\t\t\t\t\t\t\t\t\t\t\t\t\t\t<\/h4>\n\t\t\t\t\t\t\t\t\t\t\t\t\t\t\t\t\t\t\t<\/div>\n\t\t\t\t\t\t\t<\/div>\n\t\t\t\t\t\t\t\t\t\t\t\t\t\t<div class=\"swiper-slide\">\n\t\t\t\t\t\t\t\t<div class=\"pp-lc-logo-wrap\">\n\t\t\t\t\t\t\t\t\t<div class=\"pp-lc-logo\">\n\t\t\t\t\t\t\t\t\t\t\t\t\t\t\t\t\t\t\t\t\t\t<a href=\"#elementor-action%3Aaction%3Dpopup%3Aopen%26settings%3DeyJpZCI6IjExOTQzIiwidG9nZ2xlIjpmYWxzZX0%3D\">\n\t\t\t\t\t\t\t\t\t\t\t\t\t\t\t\t\t\t\t\t\t\t\t\t<img decoding=\"async\" src=\"https:\/\/aeondelight-vietnam.com.vn\/wp-content\/uploads\/2025\/04\/Untitled-1-1.jpg\" alt=\"Untitled-1-1.jpg\">\n\t\t\t\t\t\t\t\t\t\t\t\t\t\t\t\t\t\t\t\t\t\t\t\t<\/a>\n\t\t\t\t\t\t\t\t\t\t\t\t\t\t\t\t\t\t\t\t\t<\/div>\n\t\t\t\t\t\t\t\t\t\t\t\t\t\t\t\t\t\t\t\t<h4 class=\"pp-logo-title\">\n\t\t\t\t\t\t\t\t\t\t\t\t\t\t\t\t\t\t\t\t\t\t\t<a href=\"#elementor-action%3Aaction%3Dpopup%3Aopen%26settings%3DeyJpZCI6IjExOTQzIiwidG9nZ2xlIjpmYWxzZX0%3D\">\n\t\t\t\t\t\t\t\t\t\t\t\tHCM_Partnership 2025\t\t\t\t\t\t\t\t\t\t\t\t<\/a>\n\t\t\t\t\t\t\t\t\t\t\t\t\t\t\t\t\t\t\t\t\t\t\t<\/h4>\n\t\t\t\t\t\t\t\t\t\t\t\t\t\t\t\t\t\t\t<\/div>\n\t\t\t\t\t\t\t<\/div>\n\t\t\t\t\t\t\t\t\t\t\t<\/div>\n\t\t\t\t\t\t\t<div class=\"swiper-pagination swiper-pagination-509db1c\"><\/div>\n\t\t\t\t\t<\/div>\n\t\t<\/div>\n\t\t\t\t\t\t<\/div>\n\t\t\t\t<\/div>\n\t\t\t\t\t<\/div>\n\t\t\t\t<\/div>\n\t\t\t\t<\/div>\n\t\t","protected":false},"excerpt":{"rendered":"<p>Tin t\u1ee9c H\u1ed3 S\u01a1 Doanh Nghi\u1ec7p AEON DELIGHT VIETNAM PROFILE [VIE] AEON DELIGHT VIETNAM PROFILE&#8230;<\/p>\n","protected":false},"author":1,"featured_media":0,"parent":0,"menu_order":0,"comment_status":"closed","ping_status":"closed","template":"elementor_header_footer","meta":{"_acf_changed":false,"footnotes":""},"class_list":["post-6782","page","type-page","status-publish","hentry"],"acf":[],"_links":{"self":[{"href":"https:\/\/aeondelight-vietnam.com.vn\/vi\/wp-json\/wp\/v2\/pages\/6782","targetHints":{"allow":["GET"]}}],"collection":[{"href":"https:\/\/aeondelight-vietnam.com.vn\/vi\/wp-json\/wp\/v2\/pages"}],"about":[{"href":"https:\/\/aeondelight-vietnam.com.vn\/vi\/wp-json\/wp\/v2\/types\/page"}],"author":[{"embeddable":true,"href":"https:\/\/aeondelight-vietnam.com.vn\/vi\/wp-json\/wp\/v2\/users\/1"}],"replies":[{"embeddable":true,"href":"https:\/\/aeondelight-vietnam.com.vn\/vi\/wp-json\/wp\/v2\/comments?post=6782"}],"version-history":[{"count":190,"href":"https:\/\/aeondelight-vietnam.com.vn\/vi\/wp-json\/wp\/v2\/pages\/6782\/revisions"}],"predecessor-version":[{"id":12805,"href":"https:\/\/aeondelight-vietnam.com.vn\/vi\/wp-json\/wp\/v2\/pages\/6782\/revisions\/12805"}],"wp:attachment":[{"href":"https:\/\/aeondelight-vietnam.com.vn\/vi\/wp-json\/wp\/v2\/media?parent=6782"}],"curies":[{"name":"wp","href":"https:\/\/api.w.org\/{rel}","templated":true}]}}