{"id":9344,"date":"2025-01-02T03:53:05","date_gmt":"2025-01-02T03:53:05","guid":{"rendered":"https:\/\/aeondelight-vietnam.com.vn\/?page_id=9344"},"modified":"2025-02-24T16:04:42","modified_gmt":"2025-02-24T09:04:42","slug":"dich-vu-ve-sinh","status":"publish","type":"page","link":"https:\/\/aeondelight-vietnam.com.vn\/vi\/dich-vu\/dich-vu-ve-sinh\/","title":{"rendered":"D\u1ecaCH V\u1ee4 V\u1ec6 SINH"},"content":{"rendered":"\t\t<div data-elementor-type=\"wp-page\" data-elementor-id=\"9344\" class=\"elementor elementor-9344\" data-elementor-post-type=\"page\">\n\t\t\t\t<div class=\"elementor-element elementor-element-ed1e1eb e-flex e-con-boxed lakit-col-width-auto-no e-container e-root-container elementor-top-section e-con e-parent\" data-id=\"ed1e1eb\" data-element_type=\"container\" data-e-type=\"container\" data-settings=\"{&quot;background_background&quot;:&quot;classic&quot;}\">\n\t\t\t\t\t<div class=\"e-con-inner\">\n\t\t\t\t\t<\/div>\n\t\t\t\t<\/div>\n\t\t<div class=\"elementor-element elementor-element-7d4a06b e-flex e-con-boxed lakit-col-width-auto-no e-container e-root-container elementor-top-section e-con e-parent\" data-id=\"7d4a06b\" data-element_type=\"container\" data-e-type=\"container\">\n\t\t\t\t\t<div class=\"e-con-inner\">\n\t\t<div class=\"elementor-element elementor-element-1774504 e-con-full e-flex lakit-col-width-auto-no e-container e-con e-child\" data-id=\"1774504\" data-element_type=\"container\" data-e-type=\"container\" data-settings=\"{&quot;background_background&quot;:&quot;classic&quot;}\">\n\t\t<div class=\"elementor-element elementor-element-4e64c62 e-con-full e-flex lakit-col-width-auto-no e-container e-con e-child\" data-id=\"4e64c62\" data-element_type=\"container\" data-e-type=\"container\">\n\t\t<div class=\"elementor-element elementor-element-3dc868c e-con-full e-flex lakit-col-width-auto-no e-container e-con e-child\" data-id=\"3dc868c\" data-element_type=\"container\" data-e-type=\"container\">\n\t\t\t\t<div class=\"elementor-element elementor-element-60ebe02 elementor-widget elementor-widget-pp-info-box\" data-id=\"60ebe02\" data-element_type=\"widget\" data-e-type=\"widget\" data-widget_type=\"pp-info-box.default\">\n\t\t\t\t<div class=\"elementor-widget-container\">\n\t\t\t\t\t\t\t<div class=\"pp-info-box-container\">\n\t\t\t<div class=\"pp-info-box\">\n\t\t\t\t\t\t\t\t<div class=\"pp-info-box-content\">\n\t\t\t\t\t<div class=\"pp-info-box-title-wrap\">\n\t\t\t\t\t\t\t\t\t\t\t\t\t<div class=\"pp-info-box-title-container\">\n\t\t\t\t\t\t\t\t<h4 class=\"pp-info-box-title\">\n\t\t\t\t\t\t\t\t\tD\u1ecaCH V\u1ee4 V\u1ec6 SINH\t\t\t\t\t\t\t\t<\/h4>\n\t\t\t\t\t\t\t<\/div>\n\t\t\t\t\t\t\t\t\t\t\t\t\t\t<h5 class=\"pp-info-box-subtitle\">\n\t\t\t\t\t\t\t\tti\u00eau chu\u1ea9n - ch\u1ea5t l\u01b0\u1ee3ng\t\t\t\t\t\t\t<\/h5>\n\t\t\t\t\t\t\t\t\t\t\t\t<\/div>\n\n\t\t\t\t\t\n\t\t\t\t\t\t\t\t\t\t\t\t\t\t<\/div>\n\t\t\t<\/div>\n\t\t<\/div>\n\t\t\t\t\t\t<\/div>\n\t\t\t\t<\/div>\n\t\t\t\t<\/div>\n\t\t\t\t<\/div>\n\t\t<div class=\"elementor-element elementor-element-23eb66f e-con-full e-flex lakit-col-width-auto-no e-container e-con e-child\" data-id=\"23eb66f\" data-element_type=\"container\" data-e-type=\"container\">\n\t\t<div class=\"elementor-element elementor-element-316da8e e-con-full e-flex lakit-col-width-auto-no e-container e-con e-child\" data-id=\"316da8e\" data-element_type=\"container\" data-e-type=\"container\">\n\t\t\t\t<div class=\"elementor-element elementor-element-6f8ca8f elementor-widget__width-initial text_yellow elementor-widget elementor-widget-pp-info-box\" data-id=\"6f8ca8f\" data-element_type=\"widget\" data-e-type=\"widget\" data-widget_type=\"pp-info-box.default\">\n\t\t\t\t<div class=\"elementor-widget-container\">\n\t\t\t\t\t\t\t<div class=\"pp-info-box-container\">\n\t\t\t<div class=\"pp-info-box\">\n\t\t\t\t\t\t\t\t<div class=\"pp-info-box-content\">\n\t\t\t\t\t<div class=\"pp-info-box-title-wrap\">\n\t\t\t\t\t\t\t\t\t\t\t<\/div>\n\n\t\t\t\t\t\n\t\t\t\t\t\t\t\t\t\t\t<div class=\"pp-info-box-description\">\n\t\t\t\t\t\t\t<p><em>AEON Delight Vietnam cung c\u1ea5p d\u1ecbch v\u1ee5 v\u1ec7 sinh t\u00edch h\u1ee3p ph\u00f9 h\u1ee3p v\u1edbi nhu c\u1ea7u \u0111a d\u1ea1ng c\u1ee7a kh\u00e1ch h\u00e0ng trong nhi\u1ec1u ng\u00e0nh ngh\u1ec1 kinh doanh ri\u00eang bi\u1ec7t.<\/em><\/p><p><strong>\u2022 V\u1ec6 SINH TH\u01af\u1edcNG XUY\u00caN V\u00c0 \u0110\u1ecaNH K\u1ef2:<\/strong> ti\u1ebfn h\u00e0nh v\u1ec7 sinh k\u1ef9 l\u01b0\u1ee1ng m\u1ed7i ng\u00e0y, bao g\u1ed3m c\u00e1c khu v\u1ef1c chung, ph\u00f2ng v\u1ec7 sinh, kh\u00f4ng gian l\u00e0m vi\u1ec7c v\u00e0 c\u00e1c khu v\u1ef1c c\u00f3 t\u1ea7n su\u1ea5t l\u01b0u th\u00f4ng qua l\u1ea1i cao, \u0111\u1ea3m b\u1ea3o kh\u00f4ng gian lu\u00f4n tho\u00e1ng \u0111\u00e3ng v\u00e0 s\u1ea1ch s\u1ebd\u2028<\/p><p><strong>\u2022 V\u1ec6 SINH CHUY\u00caN S\u00c2U THEO L\u1ecaCH TR\u00ccNH:<\/strong> duy tr\u00ec c\u00e1c ti\u00eau chu\u1ea9n v\u1ec7 sinh cao c\u1ea5p, t\u1eadp trung v\u00e0o c\u00e1c khu v\u1ef1c c\u1ea7n \u0111\u01b0\u1ee3c ch\u00fa \u00fd \u0111\u1ebfn t\u1eebng chi ti\u1ebft.\u2028<\/p><p><strong>\u2022 V\u1ec6 SINH THEO NG\u00c0NH:<\/strong> cung c\u1ea5p d\u1ecbch v\u1ee5 v\u1ec7 sinh \u0111a d\u1ea1ng theo y\u00eau c\u1ea7u: ch\u0103m s\u00f3c s\u1ee9c kh\u1ecfe, kh\u00e1ch s\u1ea1n, s\u1ea3n xu\u1ea5t, b\u00e1n l\u1ebb.<\/p><p><strong>\u2022 T\u1ed4NG V\u1ec6 SINH SAU THI C\u00d4NG:<\/strong> cung c\u1ea5p quy tr\u00ecnh v\u1ec7 sinh chi ti\u1ebft t\u1eeb ph\u1ea7n th\u00f4 \u0111\u1ebfn ph\u1ea7n tinh \u0111\u1ec3 \u0111\u1ea3m b\u1ea3o c\u00f4ng tr\u00ecnh sau thi c\u00f4ng s\u1ea1ch s\u1ebd v\u00e0 an to\u00e0n.<\/p>\t\t\t\t\t\t<\/div>\n\t\t\t\t\t\t\t\t\t\t\t\t\t\t<\/div>\n\t\t\t<\/div>\n\t\t<\/div>\n\t\t\t\t\t\t<\/div>\n\t\t\t\t<\/div>\n\t\t\t\t<\/div>\n\t\t<div class=\"elementor-element elementor-element-d152871 e-con-full e-flex lakit-col-width-auto-no e-container e-con e-child\" data-id=\"d152871\" data-element_type=\"container\" data-e-type=\"container\">\n\t\t\t\t<div class=\"elementor-element elementor-element-b094c81 elementor-widget__width-initial elementor-widget elementor-widget-image\" data-id=\"b094c81\" data-element_type=\"widget\" data-e-type=\"widget\" data-widget_type=\"image.default\">\n\t\t\t\t<div class=\"elementor-widget-container\">\n\t\t\t\t\t\t\t\t\t\t\t\t\t\t\t\t<a href=\"https:\/\/aeondelight-vietnam.com.vn\/vi\/dich-vu\/dich-vu-ve-sinh\/\">\n\t\t\t\t\t\t\t<img fetchpriority=\"high\" decoding=\"async\" width=\"2560\" height=\"1707\" src=\"https:\/\/aeondelight-vietnam.com.vn\/wp-content\/uploads\/2025\/01\/cle-doc1-scaled.jpg\" class=\"attachment-full size-full wp-image-10069\" alt=\"ve sinh\" srcset=\"https:\/\/aeondelight-vietnam.com.vn\/wp-content\/uploads\/2025\/01\/cle-doc1-scaled.jpg 2560w, https:\/\/aeondelight-vietnam.com.vn\/wp-content\/uploads\/2025\/01\/cle-doc1-300x200.jpg 300w, https:\/\/aeondelight-vietnam.com.vn\/wp-content\/uploads\/2025\/01\/cle-doc1-1024x683.jpg 1024w, https:\/\/aeondelight-vietnam.com.vn\/wp-content\/uploads\/2025\/01\/cle-doc1-150x100.jpg 150w, https:\/\/aeondelight-vietnam.com.vn\/wp-content\/uploads\/2025\/01\/cle-doc1-768x512.jpg 768w, https:\/\/aeondelight-vietnam.com.vn\/wp-content\/uploads\/2025\/01\/cle-doc1-1536x1024.jpg 1536w, https:\/\/aeondelight-vietnam.com.vn\/wp-content\/uploads\/2025\/01\/cle-doc1-2048x1365.jpg 2048w\" sizes=\"(max-width: 2560px) 100vw, 2560px\" \/>\t\t\t\t\t\t\t\t<\/a>\n\t\t\t\t\t\t\t\t\t\t\t\t\t\t\t<\/div>\n\t\t\t\t<\/div>\n\t\t\t\t<div class=\"elementor-element elementor-element-a416f0d elementor-widget__width-initial elementor-widget elementor-widget-image\" data-id=\"a416f0d\" data-element_type=\"widget\" data-e-type=\"widget\" data-widget_type=\"image.default\">\n\t\t\t\t<div class=\"elementor-widget-container\">\n\t\t\t\t\t\t\t\t\t\t\t\t\t\t\t\t<a href=\"https:\/\/aeondelight-vietnam.com.vn\/vi\/dich-vu\/dich-vu-ve-sinh\/\">\n\t\t\t\t\t\t\t<img decoding=\"async\" width=\"2560\" height=\"1707\" src=\"https:\/\/aeondelight-vietnam.com.vn\/wp-content\/uploads\/2025\/01\/CLE-ngang-detail1-scaled.jpg\" class=\"attachment-full size-full wp-image-10076\" alt=\"ve sinh\" srcset=\"https:\/\/aeondelight-vietnam.com.vn\/wp-content\/uploads\/2025\/01\/CLE-ngang-detail1-scaled.jpg 2560w, https:\/\/aeondelight-vietnam.com.vn\/wp-content\/uploads\/2025\/01\/CLE-ngang-detail1-300x200.jpg 300w, https:\/\/aeondelight-vietnam.com.vn\/wp-content\/uploads\/2025\/01\/CLE-ngang-detail1-1024x683.jpg 1024w, https:\/\/aeondelight-vietnam.com.vn\/wp-content\/uploads\/2025\/01\/CLE-ngang-detail1-150x100.jpg 150w, https:\/\/aeondelight-vietnam.com.vn\/wp-content\/uploads\/2025\/01\/CLE-ngang-detail1-768x512.jpg 768w, https:\/\/aeondelight-vietnam.com.vn\/wp-content\/uploads\/2025\/01\/CLE-ngang-detail1-1536x1024.jpg 1536w, https:\/\/aeondelight-vietnam.com.vn\/wp-content\/uploads\/2025\/01\/CLE-ngang-detail1-2048x1365.jpg 2048w\" sizes=\"(max-width: 2560px) 100vw, 2560px\" \/>\t\t\t\t\t\t\t\t<\/a>\n\t\t\t\t\t\t\t\t\t\t\t\t\t\t\t<\/div>\n\t\t\t\t<\/div>\n\t\t\t\t<\/div>\n\t\t\t\t<\/div>\n\t\t<div class=\"elementor-element elementor-element-ff4e453 e-con-full e-flex lakit-col-width-auto-no e-container e-con e-child\" data-id=\"ff4e453\" data-element_type=\"container\" data-e-type=\"container\">\n\t\t<div class=\"elementor-element elementor-element-2c4e9cc e-con-full e-flex lakit-col-width-auto-no e-container e-con e-child\" data-id=\"2c4e9cc\" data-element_type=\"container\" data-e-type=\"container\">\n\t\t\t\t<div class=\"elementor-element elementor-element-6b52b37 elementor-widget elementor-widget-image\" data-id=\"6b52b37\" data-element_type=\"widget\" data-e-type=\"widget\" data-widget_type=\"image.default\">\n\t\t\t\t<div class=\"elementor-widget-container\">\n\t\t\t\t\t\t\t\t\t\t\t\t\t\t\t\t<a href=\"https:\/\/aeondelight-vietnam.com.vn\/vi\/dich-vu\/dich-vu-ve-sinh\/\">\n\t\t\t\t\t\t\t<img decoding=\"async\" width=\"2560\" height=\"1707\" src=\"https:\/\/aeondelight-vietnam.com.vn\/wp-content\/uploads\/2025\/01\/cle-ngang-detail2-scaled.jpg\" class=\"attachment-full size-full wp-image-10078\" alt=\"ve sinh\" srcset=\"https:\/\/aeondelight-vietnam.com.vn\/wp-content\/uploads\/2025\/01\/cle-ngang-detail2-scaled.jpg 2560w, https:\/\/aeondelight-vietnam.com.vn\/wp-content\/uploads\/2025\/01\/cle-ngang-detail2-300x200.jpg 300w, https:\/\/aeondelight-vietnam.com.vn\/wp-content\/uploads\/2025\/01\/cle-ngang-detail2-1024x683.jpg 1024w, https:\/\/aeondelight-vietnam.com.vn\/wp-content\/uploads\/2025\/01\/cle-ngang-detail2-150x100.jpg 150w, https:\/\/aeondelight-vietnam.com.vn\/wp-content\/uploads\/2025\/01\/cle-ngang-detail2-768x512.jpg 768w, https:\/\/aeondelight-vietnam.com.vn\/wp-content\/uploads\/2025\/01\/cle-ngang-detail2-1536x1024.jpg 1536w, https:\/\/aeondelight-vietnam.com.vn\/wp-content\/uploads\/2025\/01\/cle-ngang-detail2-2048x1365.jpg 2048w\" sizes=\"(max-width: 2560px) 100vw, 2560px\" \/>\t\t\t\t\t\t\t\t<\/a>\n\t\t\t\t\t\t\t\t\t\t\t\t\t\t\t<\/div>\n\t\t\t\t<\/div>\n\t\t\t\t<\/div>\n\t\t<div class=\"elementor-element elementor-element-909de7a e-con-full e-flex lakit-col-width-auto-no e-container e-con e-child\" data-id=\"909de7a\" data-element_type=\"container\" data-e-type=\"container\">\n\t\t\t\t<div class=\"elementor-element elementor-element-cb74ba6 elementor-widget__width-initial text_yellow elementor-widget elementor-widget-pp-info-box\" data-id=\"cb74ba6\" data-element_type=\"widget\" data-e-type=\"widget\" data-widget_type=\"pp-info-box.default\">\n\t\t\t\t<div class=\"elementor-widget-container\">\n\t\t\t\t\t\t\t<div class=\"pp-info-box-container\">\n\t\t\t<div class=\"pp-info-box\">\n\t\t\t\t\t\t\t\t<div class=\"pp-info-box-content\">\n\t\t\t\t\t<div class=\"pp-info-box-title-wrap\">\n\t\t\t\t\t\t\t\t\t\t\t<\/div>\n\n\t\t\t\t\t\n\t\t\t\t\t\t\t\t\t\t\t<div class=\"pp-info-box-description\">\n\t\t\t\t\t\t\t<p><em>C\u00e1c d\u1ecbch v\u1ee5 c\u1ee7a ch\u00fang t\u00f4i \u0111\u01b0\u1ee3c thi\u1ebft k\u1ebf nh\u1eb1m \u0111\u1ea3o b\u1ea3o m\u1ee9c \u0111\u1ed9 v\u1ec7 sinh v\u00e0 an to\u00e0n cao, duy tr\u00ec m\u00f4i tr\u01b0\u1eddng ho\u1ea1t \u0111\u1ed9ng trong s\u1ea1ch v\u00e0 l\u00e0nh m\u1ea1nh. <\/em><\/p><p><strong>\u2022 K\u1ef8 THU\u1eacT TI\u00caN TI\u1ebeN:<\/strong> s\u1eed d\u1ee5ng c\u00f4ng ngh\u1ec7 v\u00e0 ph\u01b0\u01a1ng ph\u00e1p ti\u00ean ti\u1ebfn \u0111\u1ec3 cung c\u1ea5p d\u1ecbch v\u1ee5 v\u1ec7 sinh k\u1ef9 l\u01b0\u1ee1ng v\u00e0 hi\u1ec7u qu\u1ea3.<\/p><p><strong>\u2022 TU\u00c2N TH\u1ee6 C\u00c1C QUY \u0110\u1ecaNH:<\/strong> tu\u00e2n th\u1ee7 c\u00e1c quy \u0111\u1ecbnh v\u1ec1 s\u1ee9c kh\u1ecfe v\u00e0 an to\u00e0n theo ng\u00e0nh \u0111\u1ec3 mang l\u1ea1i s\u1ef1 an to\u00e0n v\u00e0 an t\u00e2m cho kh\u00e1ch h\u00e0ng.<\/p><p><strong>\u2022 S\u1eec D\u1ee4NG C\u00c1C S\u1ea2N PH\u1ea8M V\u00c0 GI\u1ea2I PH\u00c1P TH\u00c2N THI\u1ec6N V\u1edaI M\u00d4I TR\u01af\u1edcNG<\/strong><\/p><p><strong>\u2022 \u0110\u1ed8I NG\u0168 NH\u00c2N VI\u00caN GI\u00c0U KINH NGHI\u1ec6M<\/strong><\/p>\t\t\t\t\t\t<\/div>\n\t\t\t\t\t\t\t\t\t\t\t\t\t\t<\/div>\n\t\t\t<\/div>\n\t\t<\/div>\n\t\t\t\t\t\t<\/div>\n\t\t\t\t<\/div>\n\t\t\t\t<\/div>\n\t\t\t\t<\/div>\n\t\t\t\t<\/div>\n\t\t\t\t\t<\/div>\n\t\t\t\t<\/div>\n\t\t\t\t<\/div>\n\t\t","protected":false},"excerpt":{"rendered":"<p>D\u1ecaCH V\u1ee4 V\u1ec6 SINH ti\u00eau chu\u1ea9n &#8211; ch\u1ea5t l\u01b0\u1ee3ng AEON Delight Vietnam cung c\u1ea5p d\u1ecbch&#8230;<\/p>\n","protected":false},"author":1,"featured_media":0,"parent":6785,"menu_order":0,"comment_status":"closed","ping_status":"closed","template":"elementor_header_footer","meta":{"_acf_changed":false,"footnotes":""},"class_list":["post-9344","page","type-page","status-publish","hentry"],"acf":[],"_links":{"self":[{"href":"https:\/\/aeondelight-vietnam.com.vn\/vi\/wp-json\/wp\/v2\/pages\/9344","targetHints":{"allow":["GET"]}}],"collection":[{"href":"https:\/\/aeondelight-vietnam.com.vn\/vi\/wp-json\/wp\/v2\/pages"}],"about":[{"href":"https:\/\/aeondelight-vietnam.com.vn\/vi\/wp-json\/wp\/v2\/types\/page"}],"author":[{"embeddable":true,"href":"https:\/\/aeondelight-vietnam.com.vn\/vi\/wp-json\/wp\/v2\/users\/1"}],"replies":[{"embeddable":true,"href":"https:\/\/aeondelight-vietnam.com.vn\/vi\/wp-json\/wp\/v2\/comments?post=9344"}],"version-history":[{"count":50,"href":"https:\/\/aeondelight-vietnam.com.vn\/vi\/wp-json\/wp\/v2\/pages\/9344\/revisions"}],"predecessor-version":[{"id":11672,"href":"https:\/\/aeondelight-vietnam.com.vn\/vi\/wp-json\/wp\/v2\/pages\/9344\/revisions\/11672"}],"up":[{"embeddable":true,"href":"https:\/\/aeondelight-vietnam.com.vn\/vi\/wp-json\/wp\/v2\/pages\/6785"}],"wp:attachment":[{"href":"https:\/\/aeondelight-vietnam.com.vn\/vi\/wp-json\/wp\/v2\/media?parent=9344"}],"curies":[{"name":"wp","href":"https:\/\/api.w.org\/{rel}","templated":true}]}}