{"id":9365,"date":"2025-01-02T03:57:22","date_gmt":"2025-01-02T03:57:22","guid":{"rendered":"https:\/\/aeondelight-vietnam.com.vn\/?page_id=9365"},"modified":"2025-02-24T16:08:19","modified_gmt":"2025-02-24T09:08:19","slug":"dich-vu-ky-thuat","status":"publish","type":"page","link":"https:\/\/aeondelight-vietnam.com.vn\/vi\/dich-vu\/dich-vu-ky-thuat\/","title":{"rendered":"D\u1ecaCH V\u1ee4 K\u1ef8 THU\u1eacT"},"content":{"rendered":"\t\t<div data-elementor-type=\"wp-page\" data-elementor-id=\"9365\" class=\"elementor elementor-9365\" data-elementor-post-type=\"page\">\n\t\t\t\t<div class=\"elementor-element elementor-element-b500085 e-flex e-con-boxed lakit-col-width-auto-no e-container e-root-container elementor-top-section e-con e-parent\" data-id=\"b500085\" data-element_type=\"container\" data-e-type=\"container\" data-settings=\"{&quot;background_background&quot;:&quot;classic&quot;}\">\n\t\t\t\t\t<div class=\"e-con-inner\">\n\t\t\t\t\t<\/div>\n\t\t\t\t<\/div>\n\t\t<div class=\"elementor-element elementor-element-1c1f3bb e-flex e-con-boxed lakit-col-width-auto-no e-container e-root-container elementor-top-section e-con e-parent\" data-id=\"1c1f3bb\" data-element_type=\"container\" data-e-type=\"container\">\n\t\t\t\t\t<div class=\"e-con-inner\">\n\t\t<div class=\"elementor-element elementor-element-14eb1ca e-con-full e-flex lakit-col-width-auto-no e-container e-con e-child\" data-id=\"14eb1ca\" data-element_type=\"container\" data-e-type=\"container\" data-settings=\"{&quot;background_background&quot;:&quot;classic&quot;}\">\n\t\t<div class=\"elementor-element elementor-element-4690061 e-con-full e-flex lakit-col-width-auto-no e-container e-con e-child\" data-id=\"4690061\" data-element_type=\"container\" data-e-type=\"container\">\n\t\t<div class=\"elementor-element elementor-element-384decd e-con-full e-flex lakit-col-width-auto-no e-container e-con e-child\" data-id=\"384decd\" data-element_type=\"container\" data-e-type=\"container\">\n\t\t\t\t<div class=\"elementor-element elementor-element-210b90b elementor-widget elementor-widget-pp-info-box\" data-id=\"210b90b\" data-element_type=\"widget\" data-e-type=\"widget\" data-widget_type=\"pp-info-box.default\">\n\t\t\t\t<div class=\"elementor-widget-container\">\n\t\t\t\t\t\t\t<div class=\"pp-info-box-container\">\n\t\t\t<div class=\"pp-info-box\">\n\t\t\t\t\t\t\t\t<div class=\"pp-info-box-content\">\n\t\t\t\t\t<div class=\"pp-info-box-title-wrap\">\n\t\t\t\t\t\t\t\t\t\t\t\t\t<div class=\"pp-info-box-title-container\">\n\t\t\t\t\t\t\t\t<h4 class=\"pp-info-box-title\">\n\t\t\t\t\t\t\t\t\tD\u1ecaCH V\u1ee4 K\u1ef8 THU\u1eacT\t\t\t\t\t\t\t\t<\/h4>\n\t\t\t\t\t\t\t<\/div>\n\t\t\t\t\t\t\t\t\t\t\t\t\t\t<h5 class=\"pp-info-box-subtitle\">\n\t\t\t\t\t\t\t\tt\u00edch h\u1ee3p v\u00e0 to\u00e0n di\u1ec7n, lo\u1ea1i tr\u1eeb r\u1ee7i ro\t\t\t\t\t\t\t<\/h5>\n\t\t\t\t\t\t\t\t\t\t\t\t<\/div>\n\n\t\t\t\t\t\n\t\t\t\t\t\t\t\t\t\t\t<div class=\"pp-info-box-description\">\n\t\t\t\t\t\t\t<p>AEON Delight Vietnam cung c\u1ea5p c\u00e1c gi\u1ea3i ph\u00e1p t\u1ec9 m\u1ec9 v\u00e0 to\u00e0n di\u1ec7n \u0111\u1ec3 h\u1ed7 tr\u1ee3 kh\u00e1ch h\u00e0ng v\u1edbi c\u00e1c d\u1ecbch v\u1ee5 qu\u1ea3n l\u00fd c\u01a1 s\u1edf h\u1ea1 t\u1ea7ng chung, b\u1ea3o tr\u00ec s\u1eeda ch\u1eefa v\u00e0 b\u1ea3o tr\u00ec ph\u00f2ng ng\u1eeba, c\u0169ng nh\u01b0 ki\u1ec3m tra \u0111\u1ecbnh k\u1ef3 c\u00e1c h\u1ec7 th\u1ed1ng \u0111i\u1ec7n, HVAC (H\u1ec7 th\u1ed1ng S\u01b0\u1edfi \u1ea4m, Th\u00f4ng Gi\u00f3 v\u00e0 \u0110i\u1ec1u H\u00f2a Kh\u00f4ng Kh\u00ed), h\u1ec7 th\u1ed1ng ph\u00f2ng ch\u00e1y ch\u1eefa ch\u00e1y, h\u1ec7 th\u1ed1ng x\u1eed l\u00fd n\u01b0\u1edbc th\u1ea3i, v.v. T\u1eeb c\u00e1c s\u1eeda ch\u1eefa \u0111\u01a1n gi\u1ea3n \u0111\u1ebfn h\u1ed7 tr\u1ee3 k\u1ef9 thu\u1eadt ph\u1ee9c t\u1ea1p, ch\u00fang t\u00f4i c\u00f3 th\u1ec3 \u0111\u00e1p \u1ee9ng nhu c\u1ea7u h\u00e0ng ng\u00e0y c\u1ee7a kh\u00e1ch h\u00e0ng th\u00f4ng qua m\u1ed9t lo\u1ea1t c\u00e1c d\u1ecbch v\u1ee5 gi\u00fap t\u0103ng c\u01b0\u1eddng hi\u1ec7u qu\u1ea3 v\u00e0 gi\u1ea3m thi\u1ec3u th\u1eddi gian v\u00e0 chi ph\u00ed.<\/p><p>Ch\u00fang t\u00f4i c\u00f3 th\u1ec3 thi\u1ebft k\u1ebf c\u00e1c gi\u1ea3i ph\u00e1p linh ho\u1ea1t v\u00e0 ti\u1ebft ki\u1ec7m chi ph\u00ed bao g\u1ed3m:<\/p>\t\t\t\t\t\t<\/div>\n\t\t\t\t\t\t\t\t\t\t\t\t\t\t<\/div>\n\t\t\t<\/div>\n\t\t<\/div>\n\t\t\t\t\t\t<\/div>\n\t\t\t\t<\/div>\n\t\t\t\t<\/div>\n\t\t\t\t<\/div>\n\t\t<div class=\"elementor-element elementor-element-22bd169 e-con-full e-flex lakit-col-width-auto-no e-container e-con e-child\" data-id=\"22bd169\" data-element_type=\"container\" data-e-type=\"container\">\n\t\t<div class=\"elementor-element elementor-element-b8b0cba e-con-full e-flex lakit-col-width-auto-no e-container e-con e-child\" data-id=\"b8b0cba\" data-element_type=\"container\" data-e-type=\"container\">\n\t\t\t\t<div class=\"elementor-element elementor-element-2cacb34 elementor-widget__width-initial text_yellow elementor-widget elementor-widget-pp-info-box\" data-id=\"2cacb34\" data-element_type=\"widget\" data-e-type=\"widget\" data-widget_type=\"pp-info-box.default\">\n\t\t\t\t<div class=\"elementor-widget-container\">\n\t\t\t\t\t\t\t<div class=\"pp-info-box-container\">\n\t\t\t<div class=\"pp-info-box\">\n\t\t\t\t\t\t\t\t<div class=\"pp-info-box-content\">\n\t\t\t\t\t<div class=\"pp-info-box-title-wrap\">\n\t\t\t\t\t\t\t\t\t\t\t\t\t<div class=\"pp-info-box-title-container\">\n\t\t\t\t\t\t\t\t<h4 class=\"pp-info-box-title\">\n\t\t\t\t\t\t\t\t\tQu\u1ea3n l\u00fd v\u1eadn h\u00e0nh thi\u1ebft b\u1ecb\t\t\t\t\t\t\t\t<\/h4>\n\t\t\t\t\t\t\t<\/div>\n\t\t\t\t\t\t\t\t\t\t\t\t<\/div>\n\n\t\t\t\t\t\n\t\t\t\t\t\t\t\t\t\t\t<div class=\"pp-info-box-description\">\n\t\t\t\t\t\t\t<p>Cung c\u1ea5p bi\u1ec7n ph\u00e1p t\u1ed1i \u01b0u h\u00f3a ho\u1ea1t \u0111\u1ed9ng, c\u0169ng nh\u01b0 k\u1ef9 thu\u1eadt k\u1ebft h\u1ee3p v\u1edbi c\u00f4ng vi\u1ec7c b\u1ea3o tr\u00ec \u0111\u1ecbnh k\u00ec nh\u1eb1m \u0111\u1ea3m b\u1ea3o m\u00e1y m\u00f3c thi\u1ebft b\u1ecb trong tr\u1ea1ng th\u00e1i lu\u00f4n s\u1eb5n s\u00e0ng v\u00e0 hi\u1ec7u qu\u1ea3 khi s\u1eed d\u1ee5ng.<\/p>\t\t\t\t\t\t<\/div>\n\t\t\t\t\t\t\t\t\t\t\t\t\t\t<\/div>\n\t\t\t<\/div>\n\t\t<\/div>\n\t\t\t\t\t\t<\/div>\n\t\t\t\t<\/div>\n\t\t\t\t<\/div>\n\t\t<div class=\"elementor-element elementor-element-a708657 e-con-full e-flex lakit-col-width-auto-no e-container e-con e-child\" data-id=\"a708657\" data-element_type=\"container\" data-e-type=\"container\">\n\t\t\t\t<div class=\"elementor-element elementor-element-ce228a8 elementor-widget elementor-widget-image\" data-id=\"ce228a8\" data-element_type=\"widget\" data-e-type=\"widget\" data-widget_type=\"image.default\">\n\t\t\t\t<div class=\"elementor-widget-container\">\n\t\t\t\t\t\t\t\t\t\t\t\t\t\t\t\t<a href=\"https:\/\/aeondelight-vietnam.com.vn\/vi\/dich-vu\/dich-vu-ky-thuat\/\">\n\t\t\t\t\t\t\t<img fetchpriority=\"high\" decoding=\"async\" width=\"2560\" height=\"1707\" src=\"https:\/\/aeondelight-vietnam.com.vn\/wp-content\/uploads\/2025\/01\/fac-detail1-scaled.jpg\" class=\"attachment-full size-full wp-image-10120\" alt=\"dich vu ky thuat\" srcset=\"https:\/\/aeondelight-vietnam.com.vn\/wp-content\/uploads\/2025\/01\/fac-detail1-scaled.jpg 2560w, https:\/\/aeondelight-vietnam.com.vn\/wp-content\/uploads\/2025\/01\/fac-detail1-300x200.jpg 300w, https:\/\/aeondelight-vietnam.com.vn\/wp-content\/uploads\/2025\/01\/fac-detail1-1024x683.jpg 1024w, https:\/\/aeondelight-vietnam.com.vn\/wp-content\/uploads\/2025\/01\/fac-detail1-150x100.jpg 150w, https:\/\/aeondelight-vietnam.com.vn\/wp-content\/uploads\/2025\/01\/fac-detail1-768x512.jpg 768w, https:\/\/aeondelight-vietnam.com.vn\/wp-content\/uploads\/2025\/01\/fac-detail1-1536x1024.jpg 1536w, https:\/\/aeondelight-vietnam.com.vn\/wp-content\/uploads\/2025\/01\/fac-detail1-2048x1365.jpg 2048w\" sizes=\"(max-width: 2560px) 100vw, 2560px\" \/>\t\t\t\t\t\t\t\t<\/a>\n\t\t\t\t\t\t\t\t\t\t\t\t\t\t\t<\/div>\n\t\t\t\t<\/div>\n\t\t\t\t<\/div>\n\t\t\t\t<\/div>\n\t\t<div class=\"elementor-element elementor-element-042f88d e-con-full e-flex lakit-col-width-auto-no e-container e-con e-child\" data-id=\"042f88d\" data-element_type=\"container\" data-e-type=\"container\">\n\t\t<div class=\"elementor-element elementor-element-5bba092 e-con-full e-flex lakit-col-width-auto-no e-container e-con e-child\" data-id=\"5bba092\" data-element_type=\"container\" data-e-type=\"container\">\n\t\t\t\t<div class=\"elementor-element elementor-element-8930dba elementor-widget elementor-widget-image\" data-id=\"8930dba\" data-element_type=\"widget\" data-e-type=\"widget\" data-widget_type=\"image.default\">\n\t\t\t\t<div class=\"elementor-widget-container\">\n\t\t\t\t\t\t\t\t\t\t\t\t\t\t\t\t<a href=\"https:\/\/aeondelight-vietnam.com.vn\/vi\/dich-vu\/dich-vu-ky-thuat\/\">\n\t\t\t\t\t\t\t<img decoding=\"async\" width=\"2560\" height=\"1707\" src=\"https:\/\/aeondelight-vietnam.com.vn\/wp-content\/uploads\/2025\/01\/DSC07657-HDR-1-scaled.jpg\" class=\"attachment-full size-full wp-image-10150\" alt=\"dich vu ky thuat\" srcset=\"https:\/\/aeondelight-vietnam.com.vn\/wp-content\/uploads\/2025\/01\/DSC07657-HDR-1-scaled.jpg 2560w, https:\/\/aeondelight-vietnam.com.vn\/wp-content\/uploads\/2025\/01\/DSC07657-HDR-1-300x200.jpg 300w, https:\/\/aeondelight-vietnam.com.vn\/wp-content\/uploads\/2025\/01\/DSC07657-HDR-1-1024x683.jpg 1024w, https:\/\/aeondelight-vietnam.com.vn\/wp-content\/uploads\/2025\/01\/DSC07657-HDR-1-150x100.jpg 150w, https:\/\/aeondelight-vietnam.com.vn\/wp-content\/uploads\/2025\/01\/DSC07657-HDR-1-768x512.jpg 768w, https:\/\/aeondelight-vietnam.com.vn\/wp-content\/uploads\/2025\/01\/DSC07657-HDR-1-1536x1024.jpg 1536w, https:\/\/aeondelight-vietnam.com.vn\/wp-content\/uploads\/2025\/01\/DSC07657-HDR-1-2048x1365.jpg 2048w\" sizes=\"(max-width: 2560px) 100vw, 2560px\" \/>\t\t\t\t\t\t\t\t<\/a>\n\t\t\t\t\t\t\t\t\t\t\t\t\t\t\t<\/div>\n\t\t\t\t<\/div>\n\t\t\t\t<div class=\"elementor-element elementor-element-4499c12 elementor-widget__width-initial text_yellow elementor-widget elementor-widget-pp-info-box\" data-id=\"4499c12\" data-element_type=\"widget\" data-e-type=\"widget\" data-widget_type=\"pp-info-box.default\">\n\t\t\t\t<div class=\"elementor-widget-container\">\n\t\t\t\t\t\t\t<div class=\"pp-info-box-container\">\n\t\t\t<div class=\"pp-info-box\">\n\t\t\t\t\t\t\t\t<div class=\"pp-info-box-content\">\n\t\t\t\t\t<div class=\"pp-info-box-title-wrap\">\n\t\t\t\t\t\t\t\t\t\t\t\t\t<div class=\"pp-info-box-title-container\">\n\t\t\t\t\t\t\t\t<h4 class=\"pp-info-box-title\">\n\t\t\t\t\t\t\t\t\tD\u1ecbch v\u1ee5 24\/7\t\t\t\t\t\t\t\t<\/h4>\n\t\t\t\t\t\t\t<\/div>\n\t\t\t\t\t\t\t\t\t\t\t\t<\/div>\n\n\t\t\t\t\t\n\t\t\t\t\t\t\t\t\t\t\t<div class=\"pp-info-box-description\">\n\t\t\t\t\t\t\t<p>V\u1edbi \u0111\u1ed9i ng\u0169 k\u1ef9 thu\u1eadt gi\u00e0u kinh nghi\u1ec7m, ch\u00fang t\u00f4i t\u1ef1 tin cung c\u1ea5p d\u1ecbch v\u1ee5 24\/7, ph\u1ea3n h\u1ed3i v\u00e0 x\u1eed l\u00fd nhanh ch\u00f3ng c\u00e1c y\u00eau c\u1ea7u v\u00e0 v\u1ea5n \u0111\u1ec1 k\u1ef9 thu\u1eadt c\u1ee7a kh\u00e1ch h\u00e0ng.<\/p>\t\t\t\t\t\t<\/div>\n\t\t\t\t\t\t\t\t\t\t\t\t\t\t<\/div>\n\t\t\t<\/div>\n\t\t<\/div>\n\t\t\t\t\t\t<\/div>\n\t\t\t\t<\/div>\n\t\t\t\t<div class=\"elementor-element elementor-element-c51a9a1 elementor-widget elementor-widget-image\" data-id=\"c51a9a1\" data-element_type=\"widget\" data-e-type=\"widget\" data-widget_type=\"image.default\">\n\t\t\t\t<div class=\"elementor-widget-container\">\n\t\t\t\t\t\t\t\t\t\t\t\t\t\t\t\t<a href=\"https:\/\/aeondelight-vietnam.com.vn\/vi\/dich-vu\/dich-vu-ky-thuat\/\">\n\t\t\t\t\t\t\t<img decoding=\"async\" width=\"2560\" height=\"1707\" src=\"https:\/\/aeondelight-vietnam.com.vn\/wp-content\/uploads\/2025\/01\/fac-detail2-scaled.jpg\" class=\"attachment-full size-full wp-image-10118\" alt=\"ky thuat\" srcset=\"https:\/\/aeondelight-vietnam.com.vn\/wp-content\/uploads\/2025\/01\/fac-detail2-scaled.jpg 2560w, https:\/\/aeondelight-vietnam.com.vn\/wp-content\/uploads\/2025\/01\/fac-detail2-300x200.jpg 300w, https:\/\/aeondelight-vietnam.com.vn\/wp-content\/uploads\/2025\/01\/fac-detail2-1024x683.jpg 1024w, https:\/\/aeondelight-vietnam.com.vn\/wp-content\/uploads\/2025\/01\/fac-detail2-150x100.jpg 150w, https:\/\/aeondelight-vietnam.com.vn\/wp-content\/uploads\/2025\/01\/fac-detail2-768x512.jpg 768w, https:\/\/aeondelight-vietnam.com.vn\/wp-content\/uploads\/2025\/01\/fac-detail2-1536x1024.jpg 1536w, https:\/\/aeondelight-vietnam.com.vn\/wp-content\/uploads\/2025\/01\/fac-detail2-2048x1365.jpg 2048w\" sizes=\"(max-width: 2560px) 100vw, 2560px\" \/>\t\t\t\t\t\t\t\t<\/a>\n\t\t\t\t\t\t\t\t\t\t\t\t\t\t\t<\/div>\n\t\t\t\t<\/div>\n\t\t\t\t<\/div>\n\t\t<div class=\"elementor-element elementor-element-3f5f277 e-con-full e-flex lakit-col-width-auto-no e-container e-con e-child\" data-id=\"3f5f277\" data-element_type=\"container\" data-e-type=\"container\">\n\t\t\t\t<div class=\"elementor-element elementor-element-e2b12e3 elementor-widget__width-initial text_yellow elementor-widget elementor-widget-pp-info-box\" data-id=\"e2b12e3\" data-element_type=\"widget\" data-e-type=\"widget\" data-widget_type=\"pp-info-box.default\">\n\t\t\t\t<div class=\"elementor-widget-container\">\n\t\t\t\t\t\t\t<div class=\"pp-info-box-container\">\n\t\t\t<div class=\"pp-info-box\">\n\t\t\t\t\t\t\t\t<div class=\"pp-info-box-content\">\n\t\t\t\t\t<div class=\"pp-info-box-title-wrap\">\n\t\t\t\t\t\t\t\t\t\t\t\t\t<div class=\"pp-info-box-title-container\">\n\t\t\t\t\t\t\t\t<h4 class=\"pp-info-box-title\">\n\t\t\t\t\t\t\t\t\tD\u1ecbch v\u1ee5 t\u01b0 v\u1ea5n\t\t\t\t\t\t\t\t<\/h4>\n\t\t\t\t\t\t\t<\/div>\n\t\t\t\t\t\t\t\t\t\t\t\t<\/div>\n\n\t\t\t\t\t\n\t\t\t\t\t\t\t\t\t\t\t<div class=\"pp-info-box-description\">\n\t\t\t\t\t\t\t<ul><li style=\"text-align: left;\">T\u01b0 v\u1ea5n g\u00f3i gi\u1ea3i ph\u00e1p to\u00e0n di\u1ec7n n\u00e2ng cao hi\u1ec7u su\u1ea5t ho\u1ea1t \u0111\u1ed9ng kinh doanh c\u1ee7a kh\u00e1ch h\u00e0ng<\/li><li style=\"text-align: left;\">C\u1ea3i thi\u1ec7n quy tr\u00ecnh ho\u1ea1t \u0111\u1ed9ng<\/li><li style=\"text-align: left;\">Gi\u1ea3m chi ph\u00ed t\u1ed5 ch\u1ee9c<\/li><li style=\"text-align: left;\">T\u1ed1i \u0111a h\u00f3a c\u00e1c c\u01a1 h\u1ed9i c\u00f4ng ngh\u1ec7<\/li><\/ul>\t\t\t\t\t\t<\/div>\n\t\t\t\t\t\t\t\t\t\t\t\t\t\t<\/div>\n\t\t\t<\/div>\n\t\t<\/div>\n\t\t\t\t\t\t<\/div>\n\t\t\t\t<\/div>\n\t\t\t\t<div class=\"elementor-element elementor-element-e6cbf07 elementor-widget elementor-widget-image\" data-id=\"e6cbf07\" data-element_type=\"widget\" data-e-type=\"widget\" data-widget_type=\"image.default\">\n\t\t\t\t<div class=\"elementor-widget-container\">\n\t\t\t\t\t\t\t\t\t\t\t\t\t\t\t\t<a href=\"https:\/\/aeondelight-vietnam.com.vn\/vi\/dich-vu\/dich-vu-ky-thuat\/\">\n\t\t\t\t\t\t\t<img loading=\"lazy\" decoding=\"async\" width=\"2560\" height=\"1707\" src=\"https:\/\/aeondelight-vietnam.com.vn\/wp-content\/uploads\/2025\/01\/fac-detail4-scaled.jpg\" class=\"attachment-full size-full wp-image-11117\" alt=\"\" srcset=\"https:\/\/aeondelight-vietnam.com.vn\/wp-content\/uploads\/2025\/01\/fac-detail4-scaled.jpg 2560w, https:\/\/aeondelight-vietnam.com.vn\/wp-content\/uploads\/2025\/01\/fac-detail4-300x200.jpg 300w, https:\/\/aeondelight-vietnam.com.vn\/wp-content\/uploads\/2025\/01\/fac-detail4-1024x683.jpg 1024w, https:\/\/aeondelight-vietnam.com.vn\/wp-content\/uploads\/2025\/01\/fac-detail4-150x100.jpg 150w, https:\/\/aeondelight-vietnam.com.vn\/wp-content\/uploads\/2025\/01\/fac-detail4-768x512.jpg 768w, https:\/\/aeondelight-vietnam.com.vn\/wp-content\/uploads\/2025\/01\/fac-detail4-1536x1024.jpg 1536w, https:\/\/aeondelight-vietnam.com.vn\/wp-content\/uploads\/2025\/01\/fac-detail4-2048x1365.jpg 2048w\" sizes=\"(max-width: 2560px) 100vw, 2560px\" \/>\t\t\t\t\t\t\t\t<\/a>\n\t\t\t\t\t\t\t\t\t\t\t\t\t\t\t<\/div>\n\t\t\t\t<\/div>\n\t\t\t\t<div class=\"elementor-element elementor-element-8fa6cb1 elementor-widget__width-initial text_yellow elementor-widget elementor-widget-pp-info-box\" data-id=\"8fa6cb1\" data-element_type=\"widget\" data-e-type=\"widget\" data-widget_type=\"pp-info-box.default\">\n\t\t\t\t<div class=\"elementor-widget-container\">\n\t\t\t\t\t\t\t<div class=\"pp-info-box-container\">\n\t\t\t<div class=\"pp-info-box\">\n\t\t\t\t\t\t\t\t<div class=\"pp-info-box-content\">\n\t\t\t\t\t<div class=\"pp-info-box-title-wrap\">\n\t\t\t\t\t\t\t\t\t\t\t\t\t<div class=\"pp-info-box-title-container\">\n\t\t\t\t\t\t\t\t<h4 class=\"pp-info-box-title\">\n\t\t\t\t\t\t\t\t\tB\u1ea3o tr\u00ec, ki\u1ec3m tra v\u00e0 s\u1eeda ch\u1eefa thi\u1ebft b\u1ecb\t\t\t\t\t\t\t\t<\/h4>\n\t\t\t\t\t\t\t<\/div>\n\t\t\t\t\t\t\t\t\t\t\t\t<\/div>\n\n\t\t\t\t\t\n\t\t\t\t\t\t\t\t\t\t\t<div class=\"pp-info-box-description\">\n\t\t\t\t\t\t\t<p>Nh\u1eadn ra t\u1ea7m quan tr\u1ecdng c\u1ee7a vi\u1ec7c b\u1ea3o tr\u00ec, n\u00e2ng cao hi\u1ec7u su\u1ea5t ho\u1ea1t \u0111\u1ed9ng, t\u0103ng c\u01b0\u1eddng kh\u1ea3 n\u0103ng s\u1eed d\u1ee5ng v\u00e0 \u0111\u1ed9 b\u1ec1n c\u1ee7a thi\u1ebft b\u1ecb cho m\u1ee5c ti\u00eau t\u1ed1i \u01b0u h\u00f3a ho\u1ea1t \u0111\u1ed9ng v\u00e0 gi\u1ea3m thi\u1ec3u th\u1eddi gian ng\u1eebng ho\u1ea1t \u0111\u1ed9ng c\u1ee7a thi\u1ebft b\u1ecb. Ch\u00fang t\u00f4i cung c\u1ea5p v\u00e0 ph\u00e1t tri\u1ec3n c\u00e1c g\u00f3i b\u1ea3o tr\u00ec \u0111\u00e1p \u1ee9ng m\u1ecdi m\u1ee5c ti\u00eau chi\u1ebfn l\u01b0\u1ee3c v\u00e0 ng\u00e2n s\u00e1ch c\u1ee7a kh\u00e1ch h\u00e0ng g\u1ed3m d\u1ecbch v\u1ee5 b\u1ea3o tr\u00ec tr\u1ecdn g\u00f3i ho\u1eb7c t\u00f9y ch\u1ec9nh.<\/p>\t\t\t\t\t\t<\/div>\n\t\t\t\t\t\t\t\t\t\t\t\t\t\t<\/div>\n\t\t\t<\/div>\n\t\t<\/div>\n\t\t\t\t\t\t<\/div>\n\t\t\t\t<\/div>\n\t\t\t\t<\/div>\n\t\t\t\t<\/div>\n\t\t\t\t<\/div>\n\t\t\t\t\t<\/div>\n\t\t\t\t<\/div>\n\t\t\t\t<\/div>\n\t\t","protected":false},"excerpt":{"rendered":"<p>D\u1ecaCH V\u1ee4 K\u1ef8 THU\u1eacT t\u00edch h\u1ee3p v\u00e0 to\u00e0n di\u1ec7n, lo\u1ea1i tr\u1eeb r\u1ee7i ro AEON Delight&#8230;<\/p>\n","protected":false},"author":1,"featured_media":0,"parent":6785,"menu_order":0,"comment_status":"closed","ping_status":"closed","template":"elementor_header_footer","meta":{"_acf_changed":false,"footnotes":""},"class_list":["post-9365","page","type-page","status-publish","hentry"],"acf":[],"_links":{"self":[{"href":"https:\/\/aeondelight-vietnam.com.vn\/vi\/wp-json\/wp\/v2\/pages\/9365","targetHints":{"allow":["GET"]}}],"collection":[{"href":"https:\/\/aeondelight-vietnam.com.vn\/vi\/wp-json\/wp\/v2\/pages"}],"about":[{"href":"https:\/\/aeondelight-vietnam.com.vn\/vi\/wp-json\/wp\/v2\/types\/page"}],"author":[{"embeddable":true,"href":"https:\/\/aeondelight-vietnam.com.vn\/vi\/wp-json\/wp\/v2\/users\/1"}],"replies":[{"embeddable":true,"href":"https:\/\/aeondelight-vietnam.com.vn\/vi\/wp-json\/wp\/v2\/comments?post=9365"}],"version-history":[{"count":37,"href":"https:\/\/aeondelight-vietnam.com.vn\/vi\/wp-json\/wp\/v2\/pages\/9365\/revisions"}],"predecessor-version":[{"id":11615,"href":"https:\/\/aeondelight-vietnam.com.vn\/vi\/wp-json\/wp\/v2\/pages\/9365\/revisions\/11615"}],"up":[{"embeddable":true,"href":"https:\/\/aeondelight-vietnam.com.vn\/vi\/wp-json\/wp\/v2\/pages\/6785"}],"wp:attachment":[{"href":"https:\/\/aeondelight-vietnam.com.vn\/vi\/wp-json\/wp\/v2\/media?parent=9365"}],"curies":[{"name":"wp","href":"https:\/\/api.w.org\/{rel}","templated":true}]}}