{"id":9378,"date":"2025-01-02T04:27:06","date_gmt":"2025-01-02T04:27:06","guid":{"rendered":"https:\/\/aeondelight-vietnam.com.vn\/?page_id=9378"},"modified":"2025-03-27T14:43:39","modified_gmt":"2025-03-27T07:43:39","slug":"dich-vu-an-ninh","status":"publish","type":"page","link":"https:\/\/aeondelight-vietnam.com.vn\/vi\/dich-vu\/dich-vu-an-ninh\/","title":{"rendered":"D\u1ecaCH V\u1ee4 AN NINH"},"content":{"rendered":"\t\t<div data-elementor-type=\"wp-page\" data-elementor-id=\"9378\" class=\"elementor elementor-9378\" data-elementor-post-type=\"page\">\n\t\t\t\t<div class=\"elementor-element elementor-element-39073a0 e-flex e-con-boxed lakit-col-width-auto-no e-container e-root-container elementor-top-section e-con e-parent\" data-id=\"39073a0\" data-element_type=\"container\" data-e-type=\"container\" data-settings=\"{&quot;background_background&quot;:&quot;classic&quot;}\">\n\t\t\t\t\t<div class=\"e-con-inner\">\n\t\t\t\t\t<\/div>\n\t\t\t\t<\/div>\n\t\t<div class=\"elementor-element elementor-element-a4475d6 e-flex e-con-boxed lakit-col-width-auto-no e-container e-root-container elementor-top-section e-con e-parent\" data-id=\"a4475d6\" data-element_type=\"container\" data-e-type=\"container\">\n\t\t\t\t\t<div class=\"e-con-inner\">\n\t\t<div class=\"elementor-element elementor-element-4176098 e-con-full e-flex lakit-col-width-auto-no e-container e-con e-child\" data-id=\"4176098\" data-element_type=\"container\" data-e-type=\"container\" data-settings=\"{&quot;background_background&quot;:&quot;classic&quot;}\">\n\t\t<div class=\"elementor-element elementor-element-e3ff570 e-con-full e-flex lakit-col-width-auto-no e-container e-con e-child\" data-id=\"e3ff570\" data-element_type=\"container\" data-e-type=\"container\">\n\t\t<div class=\"elementor-element elementor-element-3bd1e13 e-con-full e-flex lakit-col-width-auto-no e-container e-con e-child\" data-id=\"3bd1e13\" data-element_type=\"container\" data-e-type=\"container\">\n\t\t\t\t<div class=\"elementor-element elementor-element-d4d1dc1 elementor-widget elementor-widget-pp-info-box\" data-id=\"d4d1dc1\" data-element_type=\"widget\" data-e-type=\"widget\" data-widget_type=\"pp-info-box.default\">\n\t\t\t\t<div class=\"elementor-widget-container\">\n\t\t\t\t\t\t\t<div class=\"pp-info-box-container\">\n\t\t\t<div class=\"pp-info-box\">\n\t\t\t\t\t\t\t\t<div class=\"pp-info-box-content\">\n\t\t\t\t\t<div class=\"pp-info-box-title-wrap\">\n\t\t\t\t\t\t\t\t\t\t\t\t\t<div class=\"pp-info-box-title-container\">\n\t\t\t\t\t\t\t\t<h4 class=\"pp-info-box-title\">\n\t\t\t\t\t\t\t\t\td\u1ecbch v\u1ee5 qu\u1ea3n l\u00fd an ninh\t\t\t\t\t\t\t\t<\/h4>\n\t\t\t\t\t\t\t<\/div>\n\t\t\t\t\t\t\t\t\t\t\t\t\t\t<h5 class=\"pp-info-box-subtitle\">\n\t\t\t\t\t\t\t\tan to\u00e0n v\u00e0 tin c\u1eady tuy\u1ec7t \u0111\u1ed1i\t\t\t\t\t\t\t<\/h5>\n\t\t\t\t\t\t\t\t\t\t\t\t<\/div>\n\n\t\t\t\t\t\n\t\t\t\t\t\t\t\t\t\t\t\t\t\t<\/div>\n\t\t\t<\/div>\n\t\t<\/div>\n\t\t\t\t\t\t<\/div>\n\t\t\t\t<\/div>\n\t\t\t\t<div class=\"elementor-element elementor-element-d4ee7e7 elementor-absolute elementor-view-default elementor-widget elementor-widget-icon\" data-id=\"d4ee7e7\" data-element_type=\"widget\" data-e-type=\"widget\" data-settings=\"{&quot;_position&quot;:&quot;absolute&quot;}\" data-widget_type=\"icon.default\">\n\t\t\t\t<div class=\"elementor-widget-container\">\n\t\t\t\t\t\t\t<div class=\"elementor-icon-wrapper\">\n\t\t\t<a class=\"elementor-icon\" href=\"#elementor-action%3Aaction%3Dpopup%3Aclose%26settings%3DeyJkb19ub3Rfc2hvd19hZ2FpbiI6IiJ9\">\n\t\t\t<i aria-hidden=\"true\" class=\"icofont icofont-close-line\"><\/i>\t\t\t<\/a>\n\t\t<\/div>\n\t\t\t\t\t\t<\/div>\n\t\t\t\t<\/div>\n\t\t\t\t<\/div>\n\t\t\t\t<\/div>\n\t\t<div class=\"elementor-element elementor-element-36a34e6 e-con-full e-flex lakit-col-width-auto-no e-container e-con e-child\" data-id=\"36a34e6\" data-element_type=\"container\" data-e-type=\"container\">\n\t\t<div class=\"elementor-element elementor-element-c1eebc4 e-con-full e-flex lakit-col-width-auto-no e-container e-con e-child\" data-id=\"c1eebc4\" data-element_type=\"container\" data-e-type=\"container\">\n\t\t\t\t<div class=\"elementor-element elementor-element-dadea05 elementor-widget__width-initial text_yellow elementor-widget elementor-widget-pp-info-box\" data-id=\"dadea05\" data-element_type=\"widget\" data-e-type=\"widget\" data-widget_type=\"pp-info-box.default\">\n\t\t\t\t<div class=\"elementor-widget-container\">\n\t\t\t\t\t\t\t<div class=\"pp-info-box-container\">\n\t\t\t<div class=\"pp-info-box\">\n\t\t\t\t\t\t\t\t<div class=\"pp-info-box-content\">\n\t\t\t\t\t<div class=\"pp-info-box-title-wrap\">\n\t\t\t\t\t\t\t\t\t\t\t<\/div>\n\n\t\t\t\t\t\n\t\t\t\t\t\t\t\t\t\t\t<div class=\"pp-info-box-description\">\n\t\t\t\t\t\t\t<p><em>AEON Delight Vi\u1ec7t Nam cung c\u1ea5p c\u00e1c gi\u1ea3i ph\u00e1p An ninh ti\u00ean ti\u1ebfn, t\u1ed1i \u01b0u h\u00f3a chi ph\u00ed, \u0111\u1ec1 xu\u1ea5t chi\u1ebfn l\u01b0\u1ee3c qu\u1ea3n l\u00fd c\u01a1 s\u1edf v\u1eadt ch\u1ea5t t\u00f9y ch\u1ec9nh.\u2028 Ch\u00fang t\u00f4i h\u01b0\u1edbng \u0111\u1ebfn tr\u1edf th\u00e0nh \u0111\u1ed1i t\u00e1c to\u00e0n di\u1ec7n cho t\u1ea5t c\u1ea3 c\u00e1c nhu c\u1ea7u qu\u1ea3n l\u00fd An ninh c\u1ee7a kh\u00e1ch h\u00e0ng th\u00f4ng qua h\u1ec7 th\u1ed1ng gi\u00e1m s\u00e1t hi\u1ec7n \u0111\u1ea1i.\u00a0<\/em><\/p>\t\t\t\t\t\t<\/div>\n\t\t\t\t\t\t\t\t\t\t\t\t\t\t<\/div>\n\t\t\t<\/div>\n\t\t<\/div>\n\t\t\t\t\t\t<\/div>\n\t\t\t\t<\/div>\n\t\t\t\t<div class=\"elementor-element elementor-element-d490bd9 elementor-widget__width-initial text_yellow elementor-widget elementor-widget-pp-info-box\" data-id=\"d490bd9\" data-element_type=\"widget\" data-e-type=\"widget\" data-widget_type=\"pp-info-box.default\">\n\t\t\t\t<div class=\"elementor-widget-container\">\n\t\t\t\t\t\t\t<div class=\"pp-info-box-container\">\n\t\t\t<div class=\"pp-info-box\">\n\t\t\t\t\t\t\t\t<div class=\"pp-info-box-content\">\n\t\t\t\t\t<div class=\"pp-info-box-title-wrap\">\n\t\t\t\t\t\t\t\t\t\t\t\t\t<div class=\"pp-info-box-title-container\">\n\t\t\t\t\t\t\t\t<h4 class=\"pp-info-box-title\">\n\t\t\t\t\t\t\t\t\tD\u1ecbch v\u1ee5 Gi\u00e1m s\u00e1t an ninh\t\t\t\t\t\t\t\t<\/h4>\n\t\t\t\t\t\t\t<\/div>\n\t\t\t\t\t\t\t\t\t\t\t\t<\/div>\n\n\t\t\t\t\t\n\t\t\t\t\t\t\t\t\t\t\t<div class=\"pp-info-box-description\">\n\t\t\t\t\t\t\t<p>T\u1eadn d\u1ee5ng kinh nghi\u1ec7m s\u00e2u r\u1ed9ng trong ng\u00e0nh, AEON Delight gi\u1ea3m thi\u1ec3u c\u00e1c m\u1ed1i \u0111e d\u1ecda kh\u00e1c nhau \u0111\u1ec3 b\u1ea3o v\u1ec7 nh\u00e2n s\u1ef1, t\u00e0i s\u1ea3n v\u00e0 danh ti\u1ebfng c\u1ee7a kh\u00e1ch h\u00e0ng. C\u00e1c d\u1ecbch v\u1ee5 gi\u00e1m s\u00e1t to\u00e0n di\u1ec7n c\u1ee7a ch\u00fang t\u00f4i bao g\u1ed3m:\u2028<\/p><ul><li>Gi\u00e1m s\u00e1t to\u00e0n di\u1ec7n l\u1ed1i v\u00e0o v\u00e0 l\u1ed1i ra\u2028<\/li><li>C\u00e1c bi\u1ec7n ph\u00e1p ti\u00ean ti\u1ebfn \u0111\u1ea3m b\u1ea3o an ninh c\u00e1 nh\u00e2n v\u00e0 t\u00e0i s\u1ea3n\u2028<\/li><li>C\u00e1c ho\u1ea1t \u0111\u1ed9ng c\u1ee9u h\u1ed9 kh\u1ea9n c\u1ea5p, nhanh ch\u00f3ng v\u00e0 hi\u1ec7u qu\u1ea3\u2028<\/li><\/ul>\t\t\t\t\t\t<\/div>\n\t\t\t\t\t\t\t\t\t\t\t\t\t\t<\/div>\n\t\t\t<\/div>\n\t\t<\/div>\n\t\t\t\t\t\t<\/div>\n\t\t\t\t<\/div>\n\t\t\t\t<\/div>\n\t\t<div class=\"elementor-element elementor-element-9068bd3 e-con-full e-flex lakit-col-width-auto-no e-container e-con e-child\" data-id=\"9068bd3\" data-element_type=\"container\" data-e-type=\"container\">\n\t\t\t\t<div class=\"elementor-element elementor-element-6999805 elementor-widget elementor-widget-image\" data-id=\"6999805\" data-element_type=\"widget\" data-e-type=\"widget\" data-widget_type=\"image.default\">\n\t\t\t\t<div class=\"elementor-widget-container\">\n\t\t\t\t\t\t\t\t\t\t\t\t\t\t\t\t<a href=\"https:\/\/aeondelight-vietnam.com.vn\/vi\/dich-vu\/dich-vu-an-ninh\/\">\n\t\t\t\t\t\t\t<img fetchpriority=\"high\" decoding=\"async\" width=\"518\" height=\"541\" src=\"https:\/\/aeondelight-vietnam.com.vn\/wp-content\/uploads\/2025\/01\/ss1.png\" class=\"attachment-full size-full wp-image-10548\" alt=\"an ninh\" srcset=\"https:\/\/aeondelight-vietnam.com.vn\/wp-content\/uploads\/2025\/01\/ss1.png 518w, https:\/\/aeondelight-vietnam.com.vn\/wp-content\/uploads\/2025\/01\/ss1-287x300.png 287w, https:\/\/aeondelight-vietnam.com.vn\/wp-content\/uploads\/2025\/01\/ss1-144x150.png 144w\" sizes=\"(max-width: 518px) 100vw, 518px\" \/>\t\t\t\t\t\t\t\t<\/a>\n\t\t\t\t\t\t\t\t\t\t\t\t\t\t\t<\/div>\n\t\t\t\t<\/div>\n\t\t\t\t<\/div>\n\t\t\t\t<\/div>\n\t\t<div class=\"elementor-element elementor-element-128f95d e-con-full e-flex lakit-col-width-auto-no e-container e-con e-child\" data-id=\"128f95d\" data-element_type=\"container\" data-e-type=\"container\">\n\t\t<div class=\"elementor-element elementor-element-2f24eca e-con-full e-flex lakit-col-width-auto-no e-container e-con e-child\" data-id=\"2f24eca\" data-element_type=\"container\" data-e-type=\"container\">\n\t\t\t\t<div class=\"elementor-element elementor-element-47a9c2f elementor-widget elementor-widget-image\" data-id=\"47a9c2f\" data-element_type=\"widget\" data-e-type=\"widget\" data-widget_type=\"image.default\">\n\t\t\t\t<div class=\"elementor-widget-container\">\n\t\t\t\t\t\t\t\t\t\t\t\t\t\t\t\t<a href=\"https:\/\/aeondelight-vietnam.com.vn\/vi\/dich-vu\/dich-vu-an-ninh\/\">\n\t\t\t\t\t\t\t<img decoding=\"async\" width=\"533\" height=\"458\" src=\"https:\/\/aeondelight-vietnam.com.vn\/wp-content\/uploads\/2025\/01\/ssw2.png\" class=\"attachment-full size-full wp-image-10552\" alt=\"dich vu an ninh\" srcset=\"https:\/\/aeondelight-vietnam.com.vn\/wp-content\/uploads\/2025\/01\/ssw2.png 533w, https:\/\/aeondelight-vietnam.com.vn\/wp-content\/uploads\/2025\/01\/ssw2-300x258.png 300w, https:\/\/aeondelight-vietnam.com.vn\/wp-content\/uploads\/2025\/01\/ssw2-150x129.png 150w\" sizes=\"(max-width: 533px) 100vw, 533px\" \/>\t\t\t\t\t\t\t\t<\/a>\n\t\t\t\t\t\t\t\t\t\t\t\t\t\t\t<\/div>\n\t\t\t\t<\/div>\n\t\t\t\t<div class=\"elementor-element elementor-element-dd3dc16 elementor-widget__width-initial text_yellow elementor-widget elementor-widget-pp-info-box\" data-id=\"dd3dc16\" data-element_type=\"widget\" data-e-type=\"widget\" data-widget_type=\"pp-info-box.default\">\n\t\t\t\t<div class=\"elementor-widget-container\">\n\t\t\t\t\t\t\t<div class=\"pp-info-box-container\">\n\t\t\t<div class=\"pp-info-box\">\n\t\t\t\t\t\t\t\t<div class=\"pp-info-box-content\">\n\t\t\t\t\t<div class=\"pp-info-box-title-wrap\">\n\t\t\t\t\t\t\t\t\t\t\t\t\t<div class=\"pp-info-box-title-container\">\n\t\t\t\t\t\t\t\t<h4 class=\"pp-info-box-title\">\n\t\t\t\t\t\t\t\t\tH\u1ec7 th\u1ed1ng camera gi\u00e1m s\u00e1t\/ d\u1ecbch v\u1ee5 an ninh 24\/7\t\t\t\t\t\t\t\t<\/h4>\n\t\t\t\t\t\t\t<\/div>\n\t\t\t\t\t\t\t\t\t\t\t\t<\/div>\n\n\t\t\t\t\t\n\t\t\t\t\t\t\t\t\t\t\t<div class=\"pp-info-box-description\">\n\t\t\t\t\t\t\t<p>H\u1ee3p t\u00e1c l\u1eafp \u0111\u1eb7t h\u1ec7 th\u1ed1ng CCTV v\u1edbi AEON Delight nh\u1eb1m \u0111\u1ea3m b\u1ea3o d\u1ecbch v\u1ee5 camera gi\u00e1m s\u00e1t v\u00e0 \u0111\u1ed9i ng\u0169 nh\u00e2n s\u1ef1 b\u1ea3o v\u1ec7 \u0111\u01b0\u1ee3c cung c\u1ea5p b\u1edfi m\u1ed9t t\u1ed5 ch\u1ee9c duy nh\u1ea5t, lo\u1ea1i b\u1ecf vi\u1ec7c ph\u1ea3i qu\u1ea3n l\u00fd nhi\u1ec1u \u0111\u01a1n v\u1ecb kh\u00e1c nhau.<\/p>\t\t\t\t\t\t<\/div>\n\t\t\t\t\t\t\t\t\t\t\t\t\t\t<\/div>\n\t\t\t<\/div>\n\t\t<\/div>\n\t\t\t\t\t\t<\/div>\n\t\t\t\t<\/div>\n\t\t\t\t<div class=\"elementor-element elementor-element-92db29d elementor-widget__width-initial text_yellow elementor-widget elementor-widget-pp-info-box\" data-id=\"92db29d\" data-element_type=\"widget\" data-e-type=\"widget\" data-widget_type=\"pp-info-box.default\">\n\t\t\t\t<div class=\"elementor-widget-container\">\n\t\t\t\t\t\t\t<div class=\"pp-info-box-container\">\n\t\t\t<div class=\"pp-info-box\">\n\t\t\t\t\t\t\t\t<div class=\"pp-info-box-content\">\n\t\t\t\t\t<div class=\"pp-info-box-title-wrap\">\n\t\t\t\t\t\t\t\t\t\t\t\t\t<div class=\"pp-info-box-title-container\">\n\t\t\t\t\t\t\t\t<h4 class=\"pp-info-box-title\">\n\t\t\t\t\t\t\t\t\tqu\u1ea3n l\u00fd b\u00e3i \u0111\u1eadu xe\t\t\t\t\t\t\t\t<\/h4>\n\t\t\t\t\t\t\t<\/div>\n\t\t\t\t\t\t\t\t\t\t\t\t<\/div>\n\n\t\t\t\t\t\n\t\t\t\t\t\t\t\t\t\t\t<div class=\"pp-info-box-description\">\n\t\t\t\t\t\t\t<p>Gi\u1ea3i ph\u00e1p qu\u1ea3n l\u00fd b\u00e3i \u0111\u1eadu xe t\u00f9y ch\u1ec9nh do AEON Delight Vietnam \u0111\u1ec1 xu\u1ea5t k\u1ebft h\u1ee3p c\u00e1c t\u00ednh n\u0103ng ti\u00ean ti\u1ebfn, th\u00f4ng minh v\u00e0 an to\u00e0n nh\u1ea5t. Ch\u1ec9 c\u1ea7n nh\u1eadn 1% s\u1ef1 tin t\u01b0\u1edfng, AEON Delight cam k\u1ebft trao \u0111\u1ebfn kh\u00e1ch h\u00e0ng 100% s\u1ef1 h\u00e0i l\u00f2ng.<\/p>\t\t\t\t\t\t<\/div>\n\t\t\t\t\t\t\t\t\t\t\t\t\t\t<\/div>\n\t\t\t<\/div>\n\t\t<\/div>\n\t\t\t\t\t\t<\/div>\n\t\t\t\t<\/div>\n\t\t\t\t<\/div>\n\t\t<div class=\"elementor-element elementor-element-a6fb707 e-con-full e-flex lakit-col-width-auto-no e-container e-con e-child\" data-id=\"a6fb707\" data-element_type=\"container\" data-e-type=\"container\">\n\t\t\t\t<div class=\"elementor-element elementor-element-c55df17 elementor-widget__width-initial text_yellow elementor-widget elementor-widget-pp-info-box\" data-id=\"c55df17\" data-element_type=\"widget\" data-e-type=\"widget\" data-widget_type=\"pp-info-box.default\">\n\t\t\t\t<div class=\"elementor-widget-container\">\n\t\t\t\t\t\t\t<div class=\"pp-info-box-container\">\n\t\t\t<div class=\"pp-info-box\">\n\t\t\t\t\t\t\t\t<div class=\"pp-info-box-content\">\n\t\t\t\t\t<div class=\"pp-info-box-title-wrap\">\n\t\t\t\t\t\t\t\t\t\t\t\t\t<div class=\"pp-info-box-title-container\">\n\t\t\t\t\t\t\t\t<h4 class=\"pp-info-box-title\">\n\t\t\t\t\t\t\t\t\t D\u1ecbch v\u1ee5 tu\u1ea7n tra an ninh\t\t\t\t\t\t\t\t<\/h4>\n\t\t\t\t\t\t\t<\/div>\n\t\t\t\t\t\t\t\t\t\t\t\t<\/div>\n\n\t\t\t\t\t\n\t\t\t\t\t\t\t\t\t\t\t<div class=\"pp-info-box-description\">\n\t\t\t\t\t\t\t<p style=\"text-align: left;\">Ch\u00fang t\u00f4i cung c\u1ea5p d\u1ecbch v\u1ee5 tu\u1ea7n tra an ninh 24\/7 cho c\u1ed9ng \u0111\u1ed3ng d\u00e2n c\u01b0, d\u1ef1 \u00e1n x\u00e2y d\u1ef1ng, ng\u00e0nh b\u00e1n l\u1ebb, b\u1ea5t \u0111\u1ed9ng s\u1ea3n th\u01b0\u01a1ng m\u1ea1i v\u00e0 b\u00e3i \u0111\u1eadu xe\u2026<\/p>\t\t\t\t\t\t<\/div>\n\t\t\t\t\t\t\t\t\t\t\t\t\t\t<\/div>\n\t\t\t<\/div>\n\t\t<\/div>\n\t\t\t\t\t\t<\/div>\n\t\t\t\t<\/div>\n\t\t\t\t<div class=\"elementor-element elementor-element-6426b40 elementor-widget__width-initial text_yellow elementor-widget elementor-widget-pp-info-box\" data-id=\"6426b40\" data-element_type=\"widget\" data-e-type=\"widget\" data-widget_type=\"pp-info-box.default\">\n\t\t\t\t<div class=\"elementor-widget-container\">\n\t\t\t\t\t\t\t<div class=\"pp-info-box-container\">\n\t\t\t<div class=\"pp-info-box\">\n\t\t\t\t\t\t\t\t<div class=\"pp-info-box-content\">\n\t\t\t\t\t<div class=\"pp-info-box-title-wrap\">\n\t\t\t\t\t\t\t\t\t\t\t\t\t<div class=\"pp-info-box-title-container\">\n\t\t\t\t\t\t\t\t<h4 class=\"pp-info-box-title\">\n\t\t\t\t\t\t\t\t\tKi\u1ec3m so\u00e1t ra v\u00e0o b\u1eb1ng sinh tr\u1eafc h\u1ecdc v\u00e0 h\u1ec7 th\u1ed1ng b\u00e1o \u0111\u1ed9ng th\u00f4ng minh\t\t\t\t\t\t\t\t<\/h4>\n\t\t\t\t\t\t\t<\/div>\n\t\t\t\t\t\t\t\t\t\t\t\t<\/div>\n\n\t\t\t\t\t\n\t\t\t\t\t\t\t\t\t\t\t<div class=\"pp-info-box-description\">\n\t\t\t\t\t\t\t<p style=\"text-align: left;\">Cung c\u1ea5p h\u1ec7 th\u1ed1ng ki\u1ec3m so\u00e1t ra v\u00e0o v\u00e0 h\u1ec7 th\u1ed1ng c\u1eeda ra v\u00e0o hi\u1ec7n \u0111\u1ea1i \u0111\u1ec3 \u0111\u1ea3m b\u1ea3o an to\u00e0n v\u00e0 an ninh cho c\u01a1 s\u1edf kinh doanh c\u1ee7a kh\u00e1ch h\u00e0ng. C\u00e1c gi\u1ea3i ph\u00e1p n\u00e0y bao g\u1ed3m m\u1ed9t b\u1ed9 c\u00f4ng c\u1ee5 \u0111\u1ea3m b\u1ea3o ch\u1ea5t l\u01b0\u1ee3ng v\u00e0 \u0111\u1ed9 ch\u00ednh x\u00e1c c\u1ee7a k\u1ebft qu\u1ea3, c\u0169ng nh\u01b0 ki\u1ec3m so\u00e1t gian l\u1eadn ho\u1eb7c tr\u1ed9m c\u1eafp danh t\u00ednh ti\u1ec1m \u1ea9n.<\/p>\t\t\t\t\t\t<\/div>\n\t\t\t\t\t\t\t\t\t\t\t\t\t\t<\/div>\n\t\t\t<\/div>\n\t\t<\/div>\n\t\t\t\t\t\t<\/div>\n\t\t\t\t<\/div>\n\t\t\t\t<div class=\"elementor-element elementor-element-7a2c4fb elementor-widget elementor-widget-image\" data-id=\"7a2c4fb\" data-element_type=\"widget\" data-e-type=\"widget\" data-widget_type=\"image.default\">\n\t\t\t\t<div class=\"elementor-widget-container\">\n\t\t\t\t\t\t\t\t\t\t\t\t\t\t\t\t<a href=\"https:\/\/aeondelight-vietnam.com.vn\/vi\/dich-vu\/dich-vu-an-ninh\/\">\n\t\t\t\t\t\t\t<img decoding=\"async\" width=\"533\" height=\"315\" src=\"https:\/\/aeondelight-vietnam.com.vn\/wp-content\/uploads\/2025\/01\/ss3.png\" class=\"attachment-full size-full wp-image-10550\" alt=\"giam sat an ninh\" srcset=\"https:\/\/aeondelight-vietnam.com.vn\/wp-content\/uploads\/2025\/01\/ss3.png 533w, https:\/\/aeondelight-vietnam.com.vn\/wp-content\/uploads\/2025\/01\/ss3-300x177.png 300w, https:\/\/aeondelight-vietnam.com.vn\/wp-content\/uploads\/2025\/01\/ss3-150x89.png 150w\" sizes=\"(max-width: 533px) 100vw, 533px\" \/>\t\t\t\t\t\t\t\t<\/a>\n\t\t\t\t\t\t\t\t\t\t\t\t\t\t\t<\/div>\n\t\t\t\t<\/div>\n\t\t\t\t<\/div>\n\t\t\t\t<\/div>\n\t\t\t\t<\/div>\n\t\t\t\t\t<\/div>\n\t\t\t\t<\/div>\n\t\t\t\t<\/div>\n\t\t","protected":false},"excerpt":{"rendered":"<p>d\u1ecbch v\u1ee5 qu\u1ea3n l\u00fd an ninh an to\u00e0n v\u00e0 tin c\u1eady tuy\u1ec7t \u0111\u1ed1i AEON Delight&#8230;<\/p>\n","protected":false},"author":1,"featured_media":0,"parent":6785,"menu_order":0,"comment_status":"closed","ping_status":"closed","template":"elementor_header_footer","meta":{"_acf_changed":false,"footnotes":""},"class_list":["post-9378","page","type-page","status-publish","hentry"],"acf":[],"_links":{"self":[{"href":"https:\/\/aeondelight-vietnam.com.vn\/vi\/wp-json\/wp\/v2\/pages\/9378","targetHints":{"allow":["GET"]}}],"collection":[{"href":"https:\/\/aeondelight-vietnam.com.vn\/vi\/wp-json\/wp\/v2\/pages"}],"about":[{"href":"https:\/\/aeondelight-vietnam.com.vn\/vi\/wp-json\/wp\/v2\/types\/page"}],"author":[{"embeddable":true,"href":"https:\/\/aeondelight-vietnam.com.vn\/vi\/wp-json\/wp\/v2\/users\/1"}],"replies":[{"embeddable":true,"href":"https:\/\/aeondelight-vietnam.com.vn\/vi\/wp-json\/wp\/v2\/comments?post=9378"}],"version-history":[{"count":35,"href":"https:\/\/aeondelight-vietnam.com.vn\/vi\/wp-json\/wp\/v2\/pages\/9378\/revisions"}],"predecessor-version":[{"id":11838,"href":"https:\/\/aeondelight-vietnam.com.vn\/vi\/wp-json\/wp\/v2\/pages\/9378\/revisions\/11838"}],"up":[{"embeddable":true,"href":"https:\/\/aeondelight-vietnam.com.vn\/vi\/wp-json\/wp\/v2\/pages\/6785"}],"wp:attachment":[{"href":"https:\/\/aeondelight-vietnam.com.vn\/vi\/wp-json\/wp\/v2\/media?parent=9378"}],"curies":[{"name":"wp","href":"https:\/\/api.w.org\/{rel}","templated":true}]}}