{"id":9384,"date":"2025-01-02T04:32:00","date_gmt":"2025-01-02T04:32:00","guid":{"rendered":"https:\/\/aeondelight-vietnam.com.vn\/?page_id=9384"},"modified":"2025-02-25T14:07:24","modified_gmt":"2025-02-25T07:07:24","slug":"dich-vu-quan-ly-nang-luong-va-cong-nghe","status":"publish","type":"page","link":"https:\/\/aeondelight-vietnam.com.vn\/vi\/dich-vu\/dich-vu-quan-ly-nang-luong-va-cong-nghe\/","title":{"rendered":"D\u1ecaCH V\u1ee4 QU\u1ea2N L\u00dd N\u0102NG L\u01af\u1ee2NG  V\u00c0 C\u00d4NG NGH\u1ec6"},"content":{"rendered":"\t\t<div data-elementor-type=\"wp-page\" data-elementor-id=\"9384\" class=\"elementor elementor-9384\" data-elementor-post-type=\"page\">\n\t\t\t\t<div class=\"elementor-element elementor-element-15916f0 e-flex e-con-boxed lakit-col-width-auto-no e-container e-root-container elementor-top-section e-con e-parent\" data-id=\"15916f0\" data-element_type=\"container\" data-e-type=\"container\" data-settings=\"{&quot;background_background&quot;:&quot;classic&quot;}\">\n\t\t\t\t\t<div class=\"e-con-inner\">\n\t\t\t\t\t<\/div>\n\t\t\t\t<\/div>\n\t\t<div class=\"elementor-element elementor-element-478f0ab e-flex e-con-boxed lakit-col-width-auto-no e-container e-root-container elementor-top-section e-con e-parent\" data-id=\"478f0ab\" data-element_type=\"container\" data-e-type=\"container\">\n\t\t\t\t\t<div class=\"e-con-inner\">\n\t\t<div class=\"elementor-element elementor-element-c99e544 e-con-full e-flex lakit-col-width-auto-no e-container e-con e-child\" data-id=\"c99e544\" data-element_type=\"container\" data-e-type=\"container\" data-settings=\"{&quot;background_background&quot;:&quot;classic&quot;}\">\n\t\t<div class=\"elementor-element elementor-element-9d1629f e-con-full e-flex lakit-col-width-auto-no e-container e-con e-child\" data-id=\"9d1629f\" data-element_type=\"container\" data-e-type=\"container\">\n\t\t<div class=\"elementor-element elementor-element-c4b6432 e-con-full e-flex lakit-col-width-auto-no e-container e-con e-child\" data-id=\"c4b6432\" data-element_type=\"container\" data-e-type=\"container\">\n\t\t\t\t<div class=\"elementor-element elementor-element-5eecce0 elementor-widget elementor-widget-pp-info-box\" data-id=\"5eecce0\" data-element_type=\"widget\" data-e-type=\"widget\" data-widget_type=\"pp-info-box.default\">\n\t\t\t\t<div class=\"elementor-widget-container\">\n\t\t\t\t\t\t\t<div class=\"pp-info-box-container\">\n\t\t\t<div class=\"pp-info-box\">\n\t\t\t\t\t\t\t\t<div class=\"pp-info-box-content\">\n\t\t\t\t\t<div class=\"pp-info-box-title-wrap\">\n\t\t\t\t\t\t\t\t\t\t\t\t\t<div class=\"pp-info-box-title-container\">\n\t\t\t\t\t\t\t\t<h4 class=\"pp-info-box-title\">\n\t\t\t\t\t\t\t\t\tD\u1ecaCH V\u1ee4 QU\u1ea2N L\u00dd N\u0102NG L\u01af\u1ee2NG  V\u00c0 C\u00d4NG NGH\u1ec6\t\t\t\t\t\t\t\t<\/h4>\n\t\t\t\t\t\t\t<\/div>\n\t\t\t\t\t\t\t\t\t\t\t\t\t\t<h5 class=\"pp-info-box-subtitle\">\n\t\t\t\t\t\t\t\tkh\u1ea3 n\u0103ng k\u1ebft n\u1ed1i, c\u00f4ng ngh\u1ec7 ti\u1ebfn b\u1ed9\t\t\t\t\t\t\t<\/h5>\n\t\t\t\t\t\t\t\t\t\t\t\t<\/div>\n\n\t\t\t\t\t\n\t\t\t\t\t\t\t\t\t\t\t\t\t\t<\/div>\n\t\t\t<\/div>\n\t\t<\/div>\n\t\t\t\t\t\t<\/div>\n\t\t\t\t<\/div>\n\t\t\t\t<div class=\"elementor-element elementor-element-9627401 elementor-absolute elementor-view-default elementor-widget elementor-widget-icon\" data-id=\"9627401\" data-element_type=\"widget\" data-e-type=\"widget\" data-settings=\"{&quot;_position&quot;:&quot;absolute&quot;}\" data-widget_type=\"icon.default\">\n\t\t\t\t<div class=\"elementor-widget-container\">\n\t\t\t\t\t\t\t<div class=\"elementor-icon-wrapper\">\n\t\t\t<a class=\"elementor-icon\" href=\"#elementor-action%3Aaction%3Dpopup%3Aclose%26settings%3DeyJkb19ub3Rfc2hvd19hZ2FpbiI6IiJ9\">\n\t\t\t<i aria-hidden=\"true\" class=\"icofont icofont-close-line\"><\/i>\t\t\t<\/a>\n\t\t<\/div>\n\t\t\t\t\t\t<\/div>\n\t\t\t\t<\/div>\n\t\t\t\t<\/div>\n\t\t\t\t<\/div>\n\t\t<div class=\"elementor-element elementor-element-3daf9fe e-con-full e-flex lakit-col-width-auto-no e-container e-con e-child\" data-id=\"3daf9fe\" data-element_type=\"container\" data-e-type=\"container\">\n\t\t<div class=\"elementor-element elementor-element-b201023 e-con-full e-flex lakit-col-width-auto-no e-container e-con e-child\" data-id=\"b201023\" data-element_type=\"container\" data-e-type=\"container\">\n\t\t\t\t<div class=\"elementor-element elementor-element-203dcf5 elementor-widget__width-initial text_yellow elementor-widget elementor-widget-pp-info-box\" data-id=\"203dcf5\" data-element_type=\"widget\" data-e-type=\"widget\" data-widget_type=\"pp-info-box.default\">\n\t\t\t\t<div class=\"elementor-widget-container\">\n\t\t\t\t\t\t\t<div class=\"pp-info-box-container\">\n\t\t\t<div class=\"pp-info-box\">\n\t\t\t\t\t\t\t\t<div class=\"pp-info-box-content\">\n\t\t\t\t\t<div class=\"pp-info-box-title-wrap\">\n\t\t\t\t\t\t\t\t\t\t\t<\/div>\n\n\t\t\t\t\t\n\t\t\t\t\t\t\t\t\t\t\t<div class=\"pp-info-box-description\">\n\t\t\t\t\t\t\t<p><em>Qu\u1ea3n l\u00fd n\u0103ng l\u01b0\u1ee3ng hi\u1ec7u qu\u1ea3 l\u00e0 m\u1ed9t y\u00eau c\u1ea7u quan tr\u1ecdng \u0111\u1ec3 qu\u1ea3n l\u00fd c\u01a1 s\u1edf, \u0111\u00f3ng vai tr\u00f2 then ch\u1ed1t trong vi\u1ec7c ti\u1ebft ki\u1ec7m chi ph\u00ed \u0111\u00e1ng k\u1ec3, t\u0103ng c\u01b0\u1eddng t\u00ednh b\u1ec1n v\u1eefng v\u00e0 gi\u1ea3m thi\u1ec3u t\u00e1c \u0111\u1ed9ng \u0111\u1ebfn m\u00f4i tr\u01b0\u1eddng.\u2028 AEON Delight n\u1ed7 l\u1ef1c t\u1ea1o ra l\u1ee3i th\u1ebf trong c\u00e1c chi\u1ebfn l\u01b0\u1ee3c kinh doanh b\u1ec1n v\u1eefng c\u1ee7a kh\u00e1ch h\u00e0ng th\u00f4ng qua c\u00e1c gi\u1ea3i ph\u00e1p t\u1ed1i \u01b0u h\u00f3a hi\u1ec7u qu\u1ea3 s\u1eed d\u1ee5ng n\u0103ng l\u01b0\u1ee3ng b\u1eb1ng c\u00e1ch t\u1ef1 \u0111\u1ed9ng h\u00f3a c\u00e1c h\u1ec7 th\u1ed1ng c\u01a1 \u0111i\u1ec7n, \u0111\u1ed3ng th\u1eddi c\u1ea3i thi\u1ec7n hi\u1ec7u su\u1ea5t thi\u1ebft b\u1ecb trong su\u1ed1t v\u00f2ng \u0111\u1eddi v\u00e0 tu\u00e2n th\u1ee7 ti\u00eau chu\u1ea9n ESG.<\/em><\/p>\t\t\t\t\t\t<\/div>\n\t\t\t\t\t\t\t\t\t\t\t\t\t\t<\/div>\n\t\t\t<\/div>\n\t\t<\/div>\n\t\t\t\t\t\t<\/div>\n\t\t\t\t<\/div>\n\t\t\t\t<div class=\"elementor-element elementor-element-ae733e7 elementor-widget__width-initial text_yellow elementor-widget elementor-widget-pp-info-box\" data-id=\"ae733e7\" data-element_type=\"widget\" data-e-type=\"widget\" data-widget_type=\"pp-info-box.default\">\n\t\t\t\t<div class=\"elementor-widget-container\">\n\t\t\t\t\t\t\t<div class=\"pp-info-box-container\">\n\t\t\t<div class=\"pp-info-box\">\n\t\t\t\t\t\t\t\t<div class=\"pp-info-box-content\">\n\t\t\t\t\t<div class=\"pp-info-box-title-wrap\">\n\t\t\t\t\t\t\t\t\t\t\t\t\t<div class=\"pp-info-box-title-container\">\n\t\t\t\t\t\t\t\t<h4 class=\"pp-info-box-title\">\n\t\t\t\t\t\t\t\t\tTheo d\u00f5i hi\u1ec7u su\u1ea5t v\u00e0 ph\u00e2n t\u00edch m\u1ee9c s\u1eed d\u1ee5ng n\u0103ng l\u01b0\u1ee3ng\t\t\t\t\t\t\t\t<\/h4>\n\t\t\t\t\t\t\t<\/div>\n\t\t\t\t\t\t\t\t\t\t\t\t<\/div>\n\n\t\t\t\t\t\n\t\t\t\t\t\t\t\t\t\t\t<div class=\"pp-info-box-description\">\n\t\t\t\t\t\t\t<p>B\u1eb1ng c\u00e1ch ph\u00e2n t\u00edch d\u1eef li\u1ec7u s\u1eed d\u1ee5ng n\u0103ng l\u01b0\u1ee3ng th\u01b0\u1eddng xuy\u00ean, ph\u00e1t hi\u1ec7n t\u00ecnh tr\u1ea1ng k\u00e9m hi\u1ec7u qu\u1ea3 v\u00e0 tri\u1ec3n khai c\u00e1c c\u1ea3i ti\u1ebfn c\u00f3 m\u1ee5c ti\u00eau, ch\u00fang t\u00f4i c\u00f3 th\u1ec3 h\u1ee3p l\u00fd h\u00f3a quy tr\u00ecnh v\u00e0 c\u1ea3i thi\u1ec7n hi\u1ec7u qu\u1ea3 s\u1eed d\u1ee5ng cho kh\u00e1ch h\u00e0ng.<\/p>\t\t\t\t\t\t<\/div>\n\t\t\t\t\t\t\t\t\t\t\t\t\t\t<\/div>\n\t\t\t<\/div>\n\t\t<\/div>\n\t\t\t\t\t\t<\/div>\n\t\t\t\t<\/div>\n\t\t\t\t<\/div>\n\t\t<div class=\"elementor-element elementor-element-ac53744 e-con-full e-flex lakit-col-width-auto-no e-container e-con e-child\" data-id=\"ac53744\" data-element_type=\"container\" data-e-type=\"container\">\n\t\t\t\t<div class=\"elementor-element elementor-element-01cddc0 elementor-widget elementor-widget-image\" data-id=\"01cddc0\" data-element_type=\"widget\" data-e-type=\"widget\" data-widget_type=\"image.default\">\n\t\t\t\t<div class=\"elementor-widget-container\">\n\t\t\t\t\t\t\t\t\t\t\t\t\t\t\t\t<a href=\"https:\/\/aeondelight-vietnam.com.vn\/vi\/dich-vu\/dich-vu-quan-ly-nang-luong-va-cong-nghe\/\">\n\t\t\t\t\t\t\t<img fetchpriority=\"high\" decoding=\"async\" width=\"1920\" height=\"2560\" src=\"https:\/\/aeondelight-vietnam.com.vn\/wp-content\/uploads\/2025\/01\/energy-detail2.jpg\" class=\"attachment-full size-full wp-image-10083\" alt=\"dich vu quan ly nang luong\" srcset=\"https:\/\/aeondelight-vietnam.com.vn\/wp-content\/uploads\/2025\/01\/energy-detail2.jpg 1920w, https:\/\/aeondelight-vietnam.com.vn\/wp-content\/uploads\/2025\/01\/energy-detail2-225x300.jpg 225w, https:\/\/aeondelight-vietnam.com.vn\/wp-content\/uploads\/2025\/01\/energy-detail2-768x1024.jpg 768w, https:\/\/aeondelight-vietnam.com.vn\/wp-content\/uploads\/2025\/01\/energy-detail2-113x150.jpg 113w, https:\/\/aeondelight-vietnam.com.vn\/wp-content\/uploads\/2025\/01\/energy-detail2-1152x1536.jpg 1152w, https:\/\/aeondelight-vietnam.com.vn\/wp-content\/uploads\/2025\/01\/energy-detail2-1536x2048.jpg 1536w\" sizes=\"(max-width: 1920px) 100vw, 1920px\" \/>\t\t\t\t\t\t\t\t<\/a>\n\t\t\t\t\t\t\t\t\t\t\t\t\t\t\t<\/div>\n\t\t\t\t<\/div>\n\t\t\t\t<\/div>\n\t\t\t\t<\/div>\n\t\t<div class=\"elementor-element elementor-element-0183b35 e-con-full e-flex lakit-col-width-auto-no e-container e-con e-child\" data-id=\"0183b35\" data-element_type=\"container\" data-e-type=\"container\">\n\t\t<div class=\"elementor-element elementor-element-f5065de e-con-full e-flex lakit-col-width-auto-no e-container e-con e-child\" data-id=\"f5065de\" data-element_type=\"container\" data-e-type=\"container\">\n\t\t\t\t<div class=\"elementor-element elementor-element-4be5937 elementor-widget elementor-widget-image\" data-id=\"4be5937\" data-element_type=\"widget\" data-e-type=\"widget\" data-widget_type=\"image.default\">\n\t\t\t\t<div class=\"elementor-widget-container\">\n\t\t\t\t\t\t\t\t\t\t\t\t\t\t\t\t<a href=\"https:\/\/aeondelight-vietnam.com.vn\/vi\/dich-vu\/dich-vu-quan-ly-nang-luong-va-cong-nghe\/\">\n\t\t\t\t\t\t\t<img decoding=\"async\" width=\"2560\" height=\"1707\" src=\"https:\/\/aeondelight-vietnam.com.vn\/wp-content\/uploads\/2025\/01\/ZH__0210-scaled.jpg\" class=\"attachment-full size-full wp-image-10088\" alt=\"dich vu quan ly nang luong\" srcset=\"https:\/\/aeondelight-vietnam.com.vn\/wp-content\/uploads\/2025\/01\/ZH__0210-scaled.jpg 2560w, https:\/\/aeondelight-vietnam.com.vn\/wp-content\/uploads\/2025\/01\/ZH__0210-300x200.jpg 300w, https:\/\/aeondelight-vietnam.com.vn\/wp-content\/uploads\/2025\/01\/ZH__0210-1024x683.jpg 1024w, https:\/\/aeondelight-vietnam.com.vn\/wp-content\/uploads\/2025\/01\/ZH__0210-150x100.jpg 150w, https:\/\/aeondelight-vietnam.com.vn\/wp-content\/uploads\/2025\/01\/ZH__0210-768x512.jpg 768w, https:\/\/aeondelight-vietnam.com.vn\/wp-content\/uploads\/2025\/01\/ZH__0210-1536x1024.jpg 1536w, https:\/\/aeondelight-vietnam.com.vn\/wp-content\/uploads\/2025\/01\/ZH__0210-2048x1365.jpg 2048w\" sizes=\"(max-width: 2560px) 100vw, 2560px\" \/>\t\t\t\t\t\t\t\t<\/a>\n\t\t\t\t\t\t\t\t\t\t\t\t\t\t\t<\/div>\n\t\t\t\t<\/div>\n\t\t\t\t<div class=\"elementor-element elementor-element-c033bb5 elementor-widget elementor-widget-image\" data-id=\"c033bb5\" data-element_type=\"widget\" data-e-type=\"widget\" data-widget_type=\"image.default\">\n\t\t\t\t<div class=\"elementor-widget-container\">\n\t\t\t\t\t\t\t\t\t\t\t\t\t\t\t\t<a href=\"https:\/\/aeondelight-vietnam.com.vn\/vi\/dich-vu\/dich-vu-quan-ly-nang-luong-va-cong-nghe\/\">\n\t\t\t\t\t\t\t<img decoding=\"async\" width=\"2560\" height=\"1707\" src=\"https:\/\/aeondelight-vietnam.com.vn\/wp-content\/uploads\/2025\/01\/V__09390-scaled.jpg\" class=\"attachment-full size-full wp-image-10090\" alt=\"dich vu quan ly nang luong\" srcset=\"https:\/\/aeondelight-vietnam.com.vn\/wp-content\/uploads\/2025\/01\/V__09390-scaled.jpg 2560w, https:\/\/aeondelight-vietnam.com.vn\/wp-content\/uploads\/2025\/01\/V__09390-300x200.jpg 300w, https:\/\/aeondelight-vietnam.com.vn\/wp-content\/uploads\/2025\/01\/V__09390-1024x683.jpg 1024w, https:\/\/aeondelight-vietnam.com.vn\/wp-content\/uploads\/2025\/01\/V__09390-150x100.jpg 150w, https:\/\/aeondelight-vietnam.com.vn\/wp-content\/uploads\/2025\/01\/V__09390-768x512.jpg 768w, https:\/\/aeondelight-vietnam.com.vn\/wp-content\/uploads\/2025\/01\/V__09390-1536x1024.jpg 1536w, https:\/\/aeondelight-vietnam.com.vn\/wp-content\/uploads\/2025\/01\/V__09390-2048x1365.jpg 2048w\" sizes=\"(max-width: 2560px) 100vw, 2560px\" \/>\t\t\t\t\t\t\t\t<\/a>\n\t\t\t\t\t\t\t\t\t\t\t\t\t\t\t<\/div>\n\t\t\t\t<\/div>\n\t\t\t\t<\/div>\n\t\t<div class=\"elementor-element elementor-element-0e622b6 e-con-full e-flex lakit-col-width-auto-no e-container e-con e-child\" data-id=\"0e622b6\" data-element_type=\"container\" data-e-type=\"container\">\n\t\t\t\t<div class=\"elementor-element elementor-element-fc4ed57 elementor-widget__width-initial text_yellow elementor-widget elementor-widget-pp-info-box\" data-id=\"fc4ed57\" data-element_type=\"widget\" data-e-type=\"widget\" data-widget_type=\"pp-info-box.default\">\n\t\t\t\t<div class=\"elementor-widget-container\">\n\t\t\t\t\t\t\t<div class=\"pp-info-box-container\">\n\t\t\t<div class=\"pp-info-box\">\n\t\t\t\t\t\t\t\t<div class=\"pp-info-box-content\">\n\t\t\t\t\t<div class=\"pp-info-box-title-wrap\">\n\t\t\t\t\t\t\t\t\t\t\t\t\t<div class=\"pp-info-box-title-container\">\n\t\t\t\t\t\t\t\t<h4 class=\"pp-info-box-title\">\n\t\t\t\t\t\t\t\t\tQu\u1ea3n l\u00fd hi\u1ec7u su\u1ea5t c\u00e1c thi\u1ebft b\u1ecb \u0111i\u1ec7n\t\t\t\t\t\t\t\t<\/h4>\n\t\t\t\t\t\t\t<\/div>\n\t\t\t\t\t\t\t\t\t\t\t\t<\/div>\n\n\t\t\t\t\t\n\t\t\t\t\t\t\t\t\t\t\t<div class=\"pp-info-box-description\">\n\t\t\t\t\t\t\t<p>Ch\u00fang t\u00f4i tri\u1ec3n khai c\u00e1c ph\u01b0\u01a1ng ph\u00e1p qu\u1ea3n l\u00fd n\u0103ng l\u01b0\u1ee3ng chi\u1ebfn l\u01b0\u1ee3c, t\u1ed1i \u01b0u h\u00f3a vi\u1ec7c s\u1eed d\u1ee5ng n\u0103ng l\u01b0\u1ee3ng v\u00e0 t\u0103ng hi\u1ec7u qu\u1ea3 ho\u1ea1t \u0111\u1ed9ng cho c\u00e1c h\u1ec7 th\u1ed1ng l\u00e0m m\u00e1t, chi\u1ebfu s\u00e1ng v\u00e0 c\u00e1c thi\u1ebft b\u1ecb cung c\u1ea5p n\u0103ng l\u01b0\u1ee3ng theo y\u00eau c\u1ea7u<\/p>\t\t\t\t\t\t<\/div>\n\t\t\t\t\t\t\t\t\t\t\t\t\t\t<\/div>\n\t\t\t<\/div>\n\t\t<\/div>\n\t\t\t\t\t\t<\/div>\n\t\t\t\t<\/div>\n\t\t\t\t<div class=\"elementor-element elementor-element-ddfe665 elementor-widget__width-initial text_yellow elementor-widget elementor-widget-pp-info-box\" data-id=\"ddfe665\" data-element_type=\"widget\" data-e-type=\"widget\" data-widget_type=\"pp-info-box.default\">\n\t\t\t\t<div class=\"elementor-widget-container\">\n\t\t\t\t\t\t\t<div class=\"pp-info-box-container\">\n\t\t\t<div class=\"pp-info-box\">\n\t\t\t\t\t\t\t\t<div class=\"pp-info-box-content\">\n\t\t\t\t\t<div class=\"pp-info-box-title-wrap\">\n\t\t\t\t\t\t\t\t\t\t\t\t\t<div class=\"pp-info-box-title-container\">\n\t\t\t\t\t\t\t\t<h4 class=\"pp-info-box-title\">\n\t\t\t\t\t\t\t\t\tL\u1eafp \u0111\u1eb7t h\u1ec7 th\u1ed1ng qu\u1ea3n l\u00fd n\u0103ng l\u01b0\u1ee3ng\t\t\t\t\t\t\t\t<\/h4>\n\t\t\t\t\t\t\t<\/div>\n\t\t\t\t\t\t\t\t\t\t\t\t<\/div>\n\n\t\t\t\t\t\n\t\t\t\t\t\t\t\t\t\t\t<div class=\"pp-info-box-description\">\n\t\t\t\t\t\t\t<p>Ch\u00fang t\u00f4i cung c\u1ea5p c\u00e1c gi\u1ea3i ph\u00e1p t\u1ed1t nh\u1ea5t \u0111\u1ec3 ph\u00e1t tri\u1ec3n v\u00e0 v\u1eadn h\u00e0nh h\u1ec7 th\u1ed1ng qu\u1ea3n l\u00fd n\u0103ng l\u01b0\u1ee3ng m\u1ed9t c\u00e1ch t\u1ed1i \u01b0u. Ngo\u00e0i hi\u1ec7u su\u1ea5t v\u00e0 t\u00ednh kh\u1ea3 d\u1ee5ng c\u1ee7a h\u1ec7 th\u1ed1ng qu\u1ea3n l\u00fd n\u0103ng l\u01b0\u1ee3ng th\u00f4ng minh, ch\u00fang t\u00f4i c\u00f3 th\u1ec3 th\u1ef1c hi\u1ec7n c\u00e1c bi\u1ec7n ph\u00e1p b\u1ea3o tr\u00ec ph\u00f2ng ng\u1eeba v\u00e0 kh\u1eafc ph\u1ee5c c\u1ea7n thi\u1ebft trong su\u1ed1t v\u00f2ng \u0111\u1eddi d\u1ef1 \u00e1n c\u1ee7a kh\u00e1ch h\u00e0ng.<\/p>\t\t\t\t\t\t<\/div>\n\t\t\t\t\t\t\t\t\t\t\t\t\t\t<\/div>\n\t\t\t<\/div>\n\t\t<\/div>\n\t\t\t\t\t\t<\/div>\n\t\t\t\t<\/div>\n\t\t\t\t<\/div>\n\t\t\t\t<\/div>\n\t\t\t\t<\/div>\n\t\t\t\t\t<\/div>\n\t\t\t\t<\/div>\n\t\t\t\t<\/div>\n\t\t","protected":false},"excerpt":{"rendered":"<p>D\u1ecaCH V\u1ee4 QU\u1ea2N L\u00dd N\u0102NG L\u01af\u1ee2NG V\u00c0 C\u00d4NG NGH\u1ec6 kh\u1ea3 n\u0103ng k\u1ebft n\u1ed1i, c\u00f4ng ngh\u1ec7&#8230;<\/p>\n","protected":false},"author":1,"featured_media":0,"parent":6785,"menu_order":0,"comment_status":"closed","ping_status":"closed","template":"elementor_header_footer","meta":{"_acf_changed":false,"footnotes":""},"class_list":["post-9384","page","type-page","status-publish","hentry"],"acf":[],"_links":{"self":[{"href":"https:\/\/aeondelight-vietnam.com.vn\/vi\/wp-json\/wp\/v2\/pages\/9384","targetHints":{"allow":["GET"]}}],"collection":[{"href":"https:\/\/aeondelight-vietnam.com.vn\/vi\/wp-json\/wp\/v2\/pages"}],"about":[{"href":"https:\/\/aeondelight-vietnam.com.vn\/vi\/wp-json\/wp\/v2\/types\/page"}],"author":[{"embeddable":true,"href":"https:\/\/aeondelight-vietnam.com.vn\/vi\/wp-json\/wp\/v2\/users\/1"}],"replies":[{"embeddable":true,"href":"https:\/\/aeondelight-vietnam.com.vn\/vi\/wp-json\/wp\/v2\/comments?post=9384"}],"version-history":[{"count":25,"href":"https:\/\/aeondelight-vietnam.com.vn\/vi\/wp-json\/wp\/v2\/pages\/9384\/revisions"}],"predecessor-version":[{"id":11667,"href":"https:\/\/aeondelight-vietnam.com.vn\/vi\/wp-json\/wp\/v2\/pages\/9384\/revisions\/11667"}],"up":[{"embeddable":true,"href":"https:\/\/aeondelight-vietnam.com.vn\/vi\/wp-json\/wp\/v2\/pages\/6785"}],"wp:attachment":[{"href":"https:\/\/aeondelight-vietnam.com.vn\/vi\/wp-json\/wp\/v2\/media?parent=9384"}],"curies":[{"name":"wp","href":"https:\/\/api.w.org\/{rel}","templated":true}]}}