{"id":9389,"date":"2025-01-02T07:01:26","date_gmt":"2025-01-02T07:01:26","guid":{"rendered":"https:\/\/aeondelight-vietnam.com.vn\/?page_id=9389"},"modified":"2025-02-24T16:20:38","modified_gmt":"2025-02-24T09:20:38","slug":"dich-vu-an-ninh-khach-hang","status":"publish","type":"page","link":"https:\/\/aeondelight-vietnam.com.vn\/vi\/dich-vu\/dich-vu-an-ninh-khach-hang\/","title":{"rendered":"D\u1ecaCH V\u1ee4 AN NINH KH\u00c1CH H\u00c0NG"},"content":{"rendered":"\t\t<div data-elementor-type=\"wp-page\" data-elementor-id=\"9389\" class=\"elementor elementor-9389\" data-elementor-post-type=\"page\">\n\t\t\t\t<div class=\"elementor-element elementor-element-5b29aec e-flex e-con-boxed lakit-col-width-auto-no e-container e-root-container elementor-top-section e-con e-parent\" data-id=\"5b29aec\" data-element_type=\"container\" data-e-type=\"container\" data-settings=\"{&quot;background_background&quot;:&quot;classic&quot;}\">\n\t\t\t\t\t<div class=\"e-con-inner\">\n\t\t\t\t\t<\/div>\n\t\t\t\t<\/div>\n\t\t<div class=\"elementor-element elementor-element-afe0294 e-flex e-con-boxed lakit-col-width-auto-no e-container e-root-container elementor-top-section e-con e-parent\" data-id=\"afe0294\" data-element_type=\"container\" data-e-type=\"container\">\n\t\t\t\t\t<div class=\"e-con-inner\">\n\t\t<div class=\"elementor-element elementor-element-c49599f e-con-full e-flex lakit-col-width-auto-no e-container e-con e-child\" data-id=\"c49599f\" data-element_type=\"container\" data-e-type=\"container\" data-settings=\"{&quot;background_background&quot;:&quot;classic&quot;}\">\n\t\t<div class=\"elementor-element elementor-element-d39be50 e-con-full e-flex lakit-col-width-auto-no e-container e-con e-child\" data-id=\"d39be50\" data-element_type=\"container\" data-e-type=\"container\">\n\t\t<div class=\"elementor-element elementor-element-726c20c e-con-full e-flex lakit-col-width-auto-no e-container e-con e-child\" data-id=\"726c20c\" data-element_type=\"container\" data-e-type=\"container\">\n\t\t\t\t<div class=\"elementor-element elementor-element-a817a81 elementor-widget elementor-widget-pp-info-box\" data-id=\"a817a81\" data-element_type=\"widget\" data-e-type=\"widget\" data-widget_type=\"pp-info-box.default\">\n\t\t\t\t<div class=\"elementor-widget-container\">\n\t\t\t\t\t\t\t<div class=\"pp-info-box-container\">\n\t\t\t<div class=\"pp-info-box\">\n\t\t\t\t\t\t\t\t<div class=\"pp-info-box-content\">\n\t\t\t\t\t<div class=\"pp-info-box-title-wrap\">\n\t\t\t\t\t\t\t\t\t\t\t\t\t<div class=\"pp-info-box-title-container\">\n\t\t\t\t\t\t\t\t<h4 class=\"pp-info-box-title\">\n\t\t\t\t\t\t\t\t\tD\u1ecaCH V\u1ee4 AN NINH KH\u00c1CH H\u00c0NG\t\t\t\t\t\t\t\t<\/h4>\n\t\t\t\t\t\t\t<\/div>\n\t\t\t\t\t\t\t\t\t\t\t\t\t\t<h5 class=\"pp-info-box-subtitle\">\n\t\t\t\t\t\t\t\tkh\u00e1ch h\u00e0ng - \u01b0u ti\u00ean c\u1ee7a ch\u00fang t\u00f4i\t\t\t\t\t\t\t<\/h5>\n\t\t\t\t\t\t\t\t\t\t\t\t<\/div>\n\n\t\t\t\t\t\n\t\t\t\t\t\t\t\t\t\t\t<div class=\"pp-info-box-description\">\n\t\t\t\t\t\t\t<p><em>V\u1edbi \u0111\u1ed9i ng\u0169 nh\u00e2n vi\u00ean \u0111\u01b0\u1ee3c \u0111\u00e0o t\u1ea1o chuy\u00ean nghi\u1ec7p, AEON Delight lu\u00f4n s\u1eb5n s\u00e0ng h\u1ed7 tr\u1ee3 v\u1edbi tinh th\u1ea7n t\u1eadn t\u1ee5y, mang \u0111\u1ebfn tr\u1ea3i nghi\u1ec7m tho\u1ea3i m\u00e1i, \u0111\u00e1ng tin c\u1eady cho kh\u00e1ch h\u00e0ng th\u00f4ng qua d\u1ecbch v\u1ee5 An ninh kh\u00e1ch h\u00e0ng to\u00e0n di\u1ec7n<\/em><\/p>\t\t\t\t\t\t<\/div>\n\t\t\t\t\t\t\t\t\t\t\t\t\t\t<\/div>\n\t\t\t<\/div>\n\t\t<\/div>\n\t\t\t\t\t\t<\/div>\n\t\t\t\t<\/div>\n\t\t\t\t<div class=\"elementor-element elementor-element-3e2149c elementor-absolute elementor-view-default elementor-widget elementor-widget-icon\" data-id=\"3e2149c\" data-element_type=\"widget\" data-e-type=\"widget\" data-settings=\"{&quot;_position&quot;:&quot;absolute&quot;}\" data-widget_type=\"icon.default\">\n\t\t\t\t<div class=\"elementor-widget-container\">\n\t\t\t\t\t\t\t<div class=\"elementor-icon-wrapper\">\n\t\t\t<a class=\"elementor-icon\" href=\"#elementor-action%3Aaction%3Dpopup%3Aclose%26settings%3DeyJkb19ub3Rfc2hvd19hZ2FpbiI6IiJ9\">\n\t\t\t<i aria-hidden=\"true\" class=\"icofont icofont-close-line\"><\/i>\t\t\t<\/a>\n\t\t<\/div>\n\t\t\t\t\t\t<\/div>\n\t\t\t\t<\/div>\n\t\t\t\t<\/div>\n\t\t\t\t<\/div>\n\t\t\t\t<\/div>\n\t\t\t\t\t<\/div>\n\t\t\t\t<\/div>\n\t\t<div class=\"elementor-element elementor-element-b289ef5 e-flex e-con-boxed lakit-col-width-auto-no e-container e-root-container elementor-top-section e-con e-parent\" data-id=\"b289ef5\" data-element_type=\"container\" data-e-type=\"container\">\n\t\t\t\t\t<div class=\"e-con-inner\">\n\t\t<div class=\"elementor-element elementor-element-98491b0 e-grid e-con-full lakit-col-width-auto-no e-container e-con e-child\" data-id=\"98491b0\" data-element_type=\"container\" data-e-type=\"container\">\n\t\t\t\t<div class=\"elementor-element elementor-element-12d3567 pp-info-box-top elementor-widget elementor-widget-pp-info-box\" data-id=\"12d3567\" data-element_type=\"widget\" data-e-type=\"widget\" data-widget_type=\"pp-info-box.default\">\n\t\t\t\t<div class=\"elementor-widget-container\">\n\t\t\t\t\t\t\t<div class=\"pp-info-box-container\">\n\t\t\t<div class=\"pp-info-box\">\n\t\t\t\t\t\t\t\t\t<div class=\"pp-info-box-icon-wrap\">\n\t\t\t\t\t\t\t\t\t\t\t\t\t<a href=\"\">\n\t\t\t\t\t\t\t\t\t\t\t\t\t\t<span class=\"pp-info-box-icon pp-icon\">\n\t\t\t<img fetchpriority=\"high\" decoding=\"async\" width=\"412\" height=\"323\" src=\"https:\/\/aeondelight-vietnam.com.vn\/wp-content\/uploads\/2025\/01\/Rectangle-3464258-1.png\" class=\"attachment-full size-full wp-image-10934\" alt=\"an ninh khach hang\" srcset=\"https:\/\/aeondelight-vietnam.com.vn\/wp-content\/uploads\/2025\/01\/Rectangle-3464258-1.png 412w, https:\/\/aeondelight-vietnam.com.vn\/wp-content\/uploads\/2025\/01\/Rectangle-3464258-1-300x235.png 300w, https:\/\/aeondelight-vietnam.com.vn\/wp-content\/uploads\/2025\/01\/Rectangle-3464258-1-150x118.png 150w\" sizes=\"(max-width: 412px) 100vw, 412px\" \/>\t\t<\/span>\n\t\t\t\t\t\t\t\t\t\t\t\t\t\t\t<\/a>\n\t\t\t\t\t\t\t\t\t\t\t<\/div>\n\t\t\t\t\t\t\t\t<div class=\"pp-info-box-content\">\n\t\t\t\t\t<div class=\"pp-info-box-title-wrap\">\n\t\t\t\t\t\t\t\t\t\t\t\t\t<div class=\"pp-info-box-title-container\">\n\t\t\t\t\t\t\t\t<h4 class=\"pp-info-box-title\">\n\t\t\t\t\t\t\t\t\tD\u1ecbch v\u1ee5 xe l\u0103n v\u00e0 xe \u0111\u1ea9y\t\t\t\t\t\t\t\t<\/h4>\n\t\t\t\t\t\t\t<\/div>\n\t\t\t\t\t\t\t\t\t\t\t\t<\/div>\n\n\t\t\t\t\t\n\t\t\t\t\t\t\t\t\t\t\t<div class=\"pp-info-box-description\">\n\t\t\t\t\t\t\t<p>Cung c\u1ea5p xe l\u0103n v\u00e0 xe \u0111\u1ea9y \u0111\u1ec3 n\u00e2ng cao s\u1ef1 ti\u1ec7n l\u1ee3i cho c\u00e1c \u0111\u1ed1i t\u01b0\u1ee3ng kh\u00e1ch h\u00e0ng.<\/p>\t\t\t\t\t\t<\/div>\n\t\t\t\t\t\t\t\t\t\t\t\t\t\t<\/div>\n\t\t\t<\/div>\n\t\t<\/div>\n\t\t\t\t\t\t<\/div>\n\t\t\t\t<\/div>\n\t\t\t\t<div class=\"elementor-element elementor-element-261e5f5 pp-info-box-top elementor-widget elementor-widget-pp-info-box\" data-id=\"261e5f5\" data-element_type=\"widget\" data-e-type=\"widget\" data-widget_type=\"pp-info-box.default\">\n\t\t\t\t<div class=\"elementor-widget-container\">\n\t\t\t\t\t\t\t<div class=\"pp-info-box-container\">\n\t\t\t<div class=\"pp-info-box\">\n\t\t\t\t\t\t\t\t\t<div class=\"pp-info-box-icon-wrap\">\n\t\t\t\t\t\t\t\t\t\t\t\t\t<a href=\"\">\n\t\t\t\t\t\t\t\t\t\t\t\t\t\t<span class=\"pp-info-box-icon pp-icon\">\n\t\t\t<img decoding=\"async\" width=\"412\" height=\"323\" src=\"https:\/\/aeondelight-vietnam.com.vn\/wp-content\/uploads\/2025\/01\/Rectangle-3464259-1.png\" class=\"attachment-full size-full wp-image-10936\" alt=\"an ninh\" srcset=\"https:\/\/aeondelight-vietnam.com.vn\/wp-content\/uploads\/2025\/01\/Rectangle-3464259-1.png 412w, https:\/\/aeondelight-vietnam.com.vn\/wp-content\/uploads\/2025\/01\/Rectangle-3464259-1-300x235.png 300w, https:\/\/aeondelight-vietnam.com.vn\/wp-content\/uploads\/2025\/01\/Rectangle-3464259-1-150x118.png 150w\" sizes=\"(max-width: 412px) 100vw, 412px\" \/>\t\t<\/span>\n\t\t\t\t\t\t\t\t\t\t\t\t\t\t\t<\/a>\n\t\t\t\t\t\t\t\t\t\t\t<\/div>\n\t\t\t\t\t\t\t\t<div class=\"pp-info-box-content\">\n\t\t\t\t\t<div class=\"pp-info-box-title-wrap\">\n\t\t\t\t\t\t\t\t\t\t\t\t\t<div class=\"pp-info-box-title-container\">\n\t\t\t\t\t\t\t\t<h4 class=\"pp-info-box-title\">\n\t\t\t\t\t\t\t\t\tX\u1eed l\u00fd \u0111\u1ed3 th\u1ea5t l\u1ea1c\t\t\t\t\t\t\t\t<\/h4>\n\t\t\t\t\t\t\t<\/div>\n\t\t\t\t\t\t\t\t\t\t\t\t<\/div>\n\n\t\t\t\t\t\n\t\t\t\t\t\t\t\t\t\t\t<div class=\"pp-info-box-description\">\n\t\t\t\t\t\t\t<p>Qu\u1ea3n l\u00fd c\u00e1c v\u1eadt ph\u1ea9m th\u1ea5t l\u1ea1c v\u00e0 t\u00ecm th\u1ea5y \u0111\u1ec3 tr\u1ea3 l\u1ea1i cho ch\u1ee7 s\u1edf h\u1eefu h\u1ee3p ph\u00e1p<\/p>\t\t\t\t\t\t<\/div>\n\t\t\t\t\t\t\t\t\t\t\t\t\t\t<\/div>\n\t\t\t<\/div>\n\t\t<\/div>\n\t\t\t\t\t\t<\/div>\n\t\t\t\t<\/div>\n\t\t\t\t<div class=\"elementor-element elementor-element-a18da92 pp-info-box-top elementor-widget elementor-widget-pp-info-box\" data-id=\"a18da92\" data-element_type=\"widget\" data-e-type=\"widget\" data-widget_type=\"pp-info-box.default\">\n\t\t\t\t<div class=\"elementor-widget-container\">\n\t\t\t\t\t\t\t<div class=\"pp-info-box-container\">\n\t\t\t<div class=\"pp-info-box\">\n\t\t\t\t\t\t\t\t\t<div class=\"pp-info-box-icon-wrap\">\n\t\t\t\t\t\t\t\t\t\t\t\t\t<a href=\"\">\n\t\t\t\t\t\t\t\t\t\t\t\t\t\t<span class=\"pp-info-box-icon pp-icon\">\n\t\t\t<img decoding=\"async\" width=\"412\" height=\"323\" src=\"https:\/\/aeondelight-vietnam.com.vn\/wp-content\/uploads\/2025\/01\/Rectangle-3464261-1.png\" class=\"attachment-full size-full wp-image-10938\" alt=\"xe day\" srcset=\"https:\/\/aeondelight-vietnam.com.vn\/wp-content\/uploads\/2025\/01\/Rectangle-3464261-1.png 412w, https:\/\/aeondelight-vietnam.com.vn\/wp-content\/uploads\/2025\/01\/Rectangle-3464261-1-300x235.png 300w, https:\/\/aeondelight-vietnam.com.vn\/wp-content\/uploads\/2025\/01\/Rectangle-3464261-1-150x118.png 150w\" sizes=\"(max-width: 412px) 100vw, 412px\" \/>\t\t<\/span>\n\t\t\t\t\t\t\t\t\t\t\t\t\t\t\t<\/a>\n\t\t\t\t\t\t\t\t\t\t\t<\/div>\n\t\t\t\t\t\t\t\t<div class=\"pp-info-box-content\">\n\t\t\t\t\t<div class=\"pp-info-box-title-wrap\">\n\t\t\t\t\t\t\t\t\t\t\t\t\t<div class=\"pp-info-box-title-container\">\n\t\t\t\t\t\t\t\t<h4 class=\"pp-info-box-title\">\n\t\t\t\t\t\t\t\t\tQu\u1ea3n l\u00fd xe \u0111\u1ea9y\t\t\t\t\t\t\t\t<\/h4>\n\t\t\t\t\t\t\t<\/div>\n\t\t\t\t\t\t\t\t\t\t\t\t<\/div>\n\n\t\t\t\t\t\n\t\t\t\t\t\t\t\t\t\t\t<div class=\"pp-info-box-description\">\n\t\t\t\t\t\t\t<p>\u0110\u1ea3m b\u1ea3o x\u1eed l\u00fd hi\u1ec7u qu\u1ea3 t\u00ednh kh\u1ea3 d\u1ee5ng c\u1ee7a xe \u0111\u1ea9y<\/p>\t\t\t\t\t\t<\/div>\n\t\t\t\t\t\t\t\t\t\t\t\t\t\t<\/div>\n\t\t\t<\/div>\n\t\t<\/div>\n\t\t\t\t\t\t<\/div>\n\t\t\t\t<\/div>\n\t\t\t\t<\/div>\n\t\t<div class=\"elementor-element elementor-element-183ac93 e-grid e-con-full lakit-col-width-auto-no e-container e-con e-child\" data-id=\"183ac93\" data-element_type=\"container\" data-e-type=\"container\">\n\t\t\t\t<div class=\"elementor-element elementor-element-26e9d13 pp-info-box-top elementor-widget elementor-widget-pp-info-box\" data-id=\"26e9d13\" data-element_type=\"widget\" data-e-type=\"widget\" data-widget_type=\"pp-info-box.default\">\n\t\t\t\t<div class=\"elementor-widget-container\">\n\t\t\t\t\t\t\t<div class=\"pp-info-box-container\">\n\t\t\t<div class=\"pp-info-box\">\n\t\t\t\t\t\t\t\t\t<div class=\"pp-info-box-icon-wrap\">\n\t\t\t\t\t\t\t\t\t\t\t\t\t<a href=\"\">\n\t\t\t\t\t\t\t\t\t\t\t\t\t\t<span class=\"pp-info-box-icon pp-icon\">\n\t\t\t<img loading=\"lazy\" decoding=\"async\" width=\"654\" height=\"323\" src=\"https:\/\/aeondelight-vietnam.com.vn\/wp-content\/uploads\/2025\/02\/infor-desk-3-1.jpg\" class=\"attachment-full size-full wp-image-11500\" alt=\"dich vu\" srcset=\"https:\/\/aeondelight-vietnam.com.vn\/wp-content\/uploads\/2025\/02\/infor-desk-3-1.jpg 654w, https:\/\/aeondelight-vietnam.com.vn\/wp-content\/uploads\/2025\/02\/infor-desk-3-1-300x148.jpg 300w, https:\/\/aeondelight-vietnam.com.vn\/wp-content\/uploads\/2025\/02\/infor-desk-3-1-150x74.jpg 150w\" sizes=\"(max-width: 654px) 100vw, 654px\" \/>\t\t<\/span>\n\t\t\t\t\t\t\t\t\t\t\t\t\t\t\t<\/a>\n\t\t\t\t\t\t\t\t\t\t\t<\/div>\n\t\t\t\t\t\t\t\t<div class=\"pp-info-box-content\">\n\t\t\t\t\t<div class=\"pp-info-box-title-wrap\">\n\t\t\t\t\t\t\t\t\t\t\t\t\t<div class=\"pp-info-box-title-container\">\n\t\t\t\t\t\t\t\t<h4 class=\"pp-info-box-title\">\n\t\t\t\t\t\t\t\t\tQu\u1ea7y th\u00f4ng tin\t\t\t\t\t\t\t\t<\/h4>\n\t\t\t\t\t\t\t<\/div>\n\t\t\t\t\t\t\t\t\t\t\t\t<\/div>\n\n\t\t\t\t\t\n\t\t\t\t\t\t\t\t\t\t\t<div class=\"pp-info-box-description\">\n\t\t\t\t\t\t\t<p>H\u1ed7 tr\u1ee3 gi\u1ea3i \u0111\u00e1p th\u1eafc m\u1eafc v\u00e0 cung c\u1ea5p th\u00f4ng tin cho kh\u00e1ch h\u00e0ng<\/p>\t\t\t\t\t\t<\/div>\n\t\t\t\t\t\t\t\t\t\t\t\t\t\t<\/div>\n\t\t\t<\/div>\n\t\t<\/div>\n\t\t\t\t\t\t<\/div>\n\t\t\t\t<\/div>\n\t\t\t\t<div class=\"elementor-element elementor-element-0ac1746 pp-info-box-top elementor-widget elementor-widget-pp-info-box\" data-id=\"0ac1746\" data-element_type=\"widget\" data-e-type=\"widget\" data-widget_type=\"pp-info-box.default\">\n\t\t\t\t<div class=\"elementor-widget-container\">\n\t\t\t\t\t\t\t<div class=\"pp-info-box-container\">\n\t\t\t<div class=\"pp-info-box\">\n\t\t\t\t\t\t\t\t\t<div class=\"pp-info-box-icon-wrap\">\n\t\t\t\t\t\t\t\t\t\t\t\t\t<a href=\"\">\n\t\t\t\t\t\t\t\t\t\t\t\t\t\t<span class=\"pp-info-box-icon pp-icon\">\n\t\t\t<img loading=\"lazy\" decoding=\"async\" width=\"654\" height=\"323\" src=\"https:\/\/aeondelight-vietnam.com.vn\/wp-content\/uploads\/2025\/01\/Rectangle-3464262-1.png\" class=\"attachment-full size-full wp-image-10942\" alt=\"khach hang\" srcset=\"https:\/\/aeondelight-vietnam.com.vn\/wp-content\/uploads\/2025\/01\/Rectangle-3464262-1.png 654w, https:\/\/aeondelight-vietnam.com.vn\/wp-content\/uploads\/2025\/01\/Rectangle-3464262-1-300x148.png 300w, https:\/\/aeondelight-vietnam.com.vn\/wp-content\/uploads\/2025\/01\/Rectangle-3464262-1-150x74.png 150w\" sizes=\"(max-width: 654px) 100vw, 654px\" \/>\t\t<\/span>\n\t\t\t\t\t\t\t\t\t\t\t\t\t\t\t<\/a>\n\t\t\t\t\t\t\t\t\t\t\t<\/div>\n\t\t\t\t\t\t\t\t<div class=\"pp-info-box-content\">\n\t\t\t\t\t<div class=\"pp-info-box-title-wrap\">\n\t\t\t\t\t\t\t\t\t\t\t\t\t<div class=\"pp-info-box-title-container\">\n\t\t\t\t\t\t\t\t<h4 class=\"pp-info-box-title\">\n\t\t\t\t\t\t\t\t\tTu\u1ea7n tra\t\t\t\t\t\t\t\t<\/h4>\n\t\t\t\t\t\t\t<\/div>\n\t\t\t\t\t\t\t\t\t\t\t\t<\/div>\n\n\t\t\t\t\t\n\t\t\t\t\t\t\t\t\t\t\t<div class=\"pp-info-box-description\">\n\t\t\t\t\t\t\t<p>Th\u1ef1c hi\u1ec7n tu\u1ea7n tra th\u01b0\u1eddng xuy\u00ean \u0111\u1ec3 \u0111\u1ea3m b\u1ea3o m\u00f4i tr\u01b0\u1eddng an to\u00e0n<\/p>\t\t\t\t\t\t<\/div>\n\t\t\t\t\t\t\t\t\t\t\t\t\t\t<\/div>\n\t\t\t<\/div>\n\t\t<\/div>\n\t\t\t\t\t\t<\/div>\n\t\t\t\t<\/div>\n\t\t\t\t<\/div>\n\t\t\t\t\t<\/div>\n\t\t\t\t<\/div>\n\t\t\t\t<\/div>\n\t\t","protected":false},"excerpt":{"rendered":"<p>D\u1ecaCH V\u1ee4 AN NINH KH\u00c1CH H\u00c0NG kh\u00e1ch h\u00e0ng &#8211; \u01b0u ti\u00ean c\u1ee7a ch\u00fang t\u00f4i V\u1edbi&#8230;<\/p>\n","protected":false},"author":1,"featured_media":0,"parent":6785,"menu_order":0,"comment_status":"closed","ping_status":"closed","template":"elementor_header_footer","meta":{"_acf_changed":false,"footnotes":""},"class_list":["post-9389","page","type-page","status-publish","hentry"],"acf":[],"_links":{"self":[{"href":"https:\/\/aeondelight-vietnam.com.vn\/vi\/wp-json\/wp\/v2\/pages\/9389","targetHints":{"allow":["GET"]}}],"collection":[{"href":"https:\/\/aeondelight-vietnam.com.vn\/vi\/wp-json\/wp\/v2\/pages"}],"about":[{"href":"https:\/\/aeondelight-vietnam.com.vn\/vi\/wp-json\/wp\/v2\/types\/page"}],"author":[{"embeddable":true,"href":"https:\/\/aeondelight-vietnam.com.vn\/vi\/wp-json\/wp\/v2\/users\/1"}],"replies":[{"embeddable":true,"href":"https:\/\/aeondelight-vietnam.com.vn\/vi\/wp-json\/wp\/v2\/comments?post=9389"}],"version-history":[{"count":52,"href":"https:\/\/aeondelight-vietnam.com.vn\/vi\/wp-json\/wp\/v2\/pages\/9389\/revisions"}],"predecessor-version":[{"id":11680,"href":"https:\/\/aeondelight-vietnam.com.vn\/vi\/wp-json\/wp\/v2\/pages\/9389\/revisions\/11680"}],"up":[{"embeddable":true,"href":"https:\/\/aeondelight-vietnam.com.vn\/vi\/wp-json\/wp\/v2\/pages\/6785"}],"wp:attachment":[{"href":"https:\/\/aeondelight-vietnam.com.vn\/vi\/wp-json\/wp\/v2\/media?parent=9389"}],"curies":[{"name":"wp","href":"https:\/\/api.w.org\/{rel}","templated":true}]}}