{"id":9402,"date":"2025-01-02T07:06:15","date_gmt":"2025-01-02T07:06:15","guid":{"rendered":"https:\/\/aeondelight-vietnam.com.vn\/?page_id=9402"},"modified":"2025-10-16T12:03:19","modified_gmt":"2025-10-16T05:03:19","slug":"dich-vu-quan-ly-va-giam-sat-tu-xa","status":"publish","type":"page","link":"https:\/\/aeondelight-vietnam.com.vn\/vi\/dich-vu\/dich-vu-quan-ly-va-giam-sat-tu-xa\/","title":{"rendered":"D\u1ecaCH V\u1ee4 QU\u1ea2N L\u00dd V\u00c0 GI\u00c1M S\u00c1T T\u1eea XA"},"content":{"rendered":"\t\t<div data-elementor-type=\"wp-page\" data-elementor-id=\"9402\" class=\"elementor elementor-9402\" data-elementor-post-type=\"page\">\n\t\t\t\t<div class=\"elementor-element elementor-element-4b29ed5 e-flex e-con-boxed lakit-col-width-auto-no e-container e-root-container elementor-top-section e-con e-parent\" data-id=\"4b29ed5\" data-element_type=\"container\" data-e-type=\"container\" data-settings=\"{&quot;background_background&quot;:&quot;classic&quot;}\">\n\t\t\t\t\t<div class=\"e-con-inner\">\n\t\t\t\t\t<\/div>\n\t\t\t\t<\/div>\n\t\t<div class=\"elementor-element elementor-element-9de183f e-flex e-con-boxed lakit-col-width-auto-no e-container e-root-container elementor-top-section e-con e-parent\" data-id=\"9de183f\" data-element_type=\"container\" data-e-type=\"container\">\n\t\t\t\t\t<div class=\"e-con-inner\">\n\t\t<div class=\"elementor-element elementor-element-221b926 e-con-full e-flex lakit-col-width-auto-no e-container e-con e-child\" data-id=\"221b926\" data-element_type=\"container\" data-e-type=\"container\" data-settings=\"{&quot;background_background&quot;:&quot;classic&quot;}\">\n\t\t<div class=\"elementor-element elementor-element-cdc6dcc e-con-full e-flex lakit-col-width-auto-no e-container e-con e-child\" data-id=\"cdc6dcc\" data-element_type=\"container\" data-e-type=\"container\">\n\t\t<div class=\"elementor-element elementor-element-5e0cfd6 e-con-full e-flex lakit-col-width-auto-no e-container e-con e-child\" data-id=\"5e0cfd6\" data-element_type=\"container\" data-e-type=\"container\">\n\t\t\t\t<div class=\"elementor-element elementor-element-3c2fe55 elementor-widget elementor-widget-pp-info-box\" data-id=\"3c2fe55\" data-element_type=\"widget\" data-e-type=\"widget\" data-widget_type=\"pp-info-box.default\">\n\t\t\t\t<div class=\"elementor-widget-container\">\n\t\t\t\t\t\t\t<div class=\"pp-info-box-container\">\n\t\t\t<div class=\"pp-info-box\">\n\t\t\t\t\t\t\t\t<div class=\"pp-info-box-content\">\n\t\t\t\t\t<div class=\"pp-info-box-title-wrap\">\n\t\t\t\t\t\t\t\t\t\t\t\t\t<div class=\"pp-info-box-title-container\">\n\t\t\t\t\t\t\t\t<h4 class=\"pp-info-box-title\">\n\t\t\t\t\t\t\t\t\tD\u1ecaCH V\u1ee4 QU\u1ea2N L\u00dd V\u00c0 GI\u00c1M S\u00c1T T\u1eea XA\t\t\t\t\t\t\t\t<\/h4>\n\t\t\t\t\t\t\t<\/div>\n\t\t\t\t\t\t\t\t\t\t\t\t<\/div>\n\n\t\t\t\t\t\n\t\t\t\t\t\t\t\t\t\t\t<div class=\"pp-info-box-description\">\n\t\t\t\t\t\t\t<p style=\"text-align: left;\"><em>C\u00f9ng v\u1edbi c\u00e1c d\u1ecbch v\u1ee5 qu\u1ea3n l\u00fd to\u00e0n di\u1ec7n hi\u1ec7n c\u00f3, AEON Delight \u0111\u00e3 thi\u1ebft l\u1eadp m\u1ed9t m\u00f4 h\u00ecnh kinh doanh m\u1edbi cho kh\u00e1ch h\u00e0ng th\u00f4ng qua D\u1ecbch v\u1ee5 gi\u00e1m s\u00e1t t\u1eeb xa (RMS), bao g\u1ed3m t\u1eeb gi\u00e1m s\u00e1t hi\u1ec7u su\u1ea5t \u0111\u1ebfn x\u00e1c \u0111\u1ecbnh v\u00e0 gi\u1ea3i quy\u1ebft c\u00e1c v\u1ea5n \u0111\u1ec1.<\/em><br><em>B\u1eb1ng c\u00e1ch t\u1eadn d\u1ee5ng c\u00f4ng ngh\u1ec7 ti\u00ean ti\u1ebfn, AEON Delight h\u01b0\u1edbng \u0111\u1ebfn m\u1ee5c ti\u00eau mang l\u1ea1i hi\u1ec7u qu\u1ea3 n\u00e2ng cao v\u00e0 c\u00e1c bi\u1ec7n ph\u00e1p can thi\u1ec7p k\u1ecbp th\u1eddi d\u1eabn \u0111\u1ebfn t\u1ed1i \u01b0u h\u00f3a nh\u00e2n l\u1ef1c v\u00e0 chi ph\u00ed ho\u1ea1t \u0111\u1ed9ng cho kh\u00e1ch h\u00e0ng.<\/em><\/p>\t\t\t\t\t\t<\/div>\n\t\t\t\t\t\t\t\t\t\t\t\t\t\t<\/div>\n\t\t\t<\/div>\n\t\t<\/div>\n\t\t\t\t\t\t<\/div>\n\t\t\t\t<\/div>\n\t\t\t\t<div class=\"elementor-element elementor-element-7128142 elementor-absolute elementor-view-default elementor-widget elementor-widget-icon\" data-id=\"7128142\" data-element_type=\"widget\" data-e-type=\"widget\" data-settings=\"{&quot;_position&quot;:&quot;absolute&quot;}\" data-widget_type=\"icon.default\">\n\t\t\t\t<div class=\"elementor-widget-container\">\n\t\t\t\t\t\t\t<div class=\"elementor-icon-wrapper\">\n\t\t\t<a class=\"elementor-icon\" href=\"#elementor-action%3Aaction%3Dpopup%3Aclose%26settings%3DeyJkb19ub3Rfc2hvd19hZ2FpbiI6IiJ9\">\n\t\t\t<i aria-hidden=\"true\" class=\"icofont icofont-close-line\"><\/i>\t\t\t<\/a>\n\t\t<\/div>\n\t\t\t\t\t\t<\/div>\n\t\t\t\t<\/div>\n\t\t\t\t<\/div>\n\t\t\t\t<\/div>\n\t\t<div class=\"elementor-element elementor-element-37c99cf e-con-full e-flex lakit-col-width-auto-no e-container e-con e-child\" data-id=\"37c99cf\" data-element_type=\"container\" data-e-type=\"container\">\n\t\t<div class=\"elementor-element elementor-element-80c5858 e-con-full e-flex lakit-col-width-auto-no e-container e-con e-child\" data-id=\"80c5858\" data-element_type=\"container\" data-e-type=\"container\">\n\t\t\t\t<div class=\"elementor-element elementor-element-e030a0a elementor-widget__width-initial text_yellow elementor-widget elementor-widget-pp-info-box\" data-id=\"e030a0a\" data-element_type=\"widget\" data-e-type=\"widget\" data-widget_type=\"pp-info-box.default\">\n\t\t\t\t<div class=\"elementor-widget-container\">\n\t\t\t\t\t\t\t<div class=\"pp-info-box-container\">\n\t\t\t<div class=\"pp-info-box\">\n\t\t\t\t\t\t\t\t<div class=\"pp-info-box-content\">\n\t\t\t\t\t<div class=\"pp-info-box-title-wrap\">\n\t\t\t\t\t\t\t\t\t\t\t\t\t<div class=\"pp-info-box-title-container\">\n\t\t\t\t\t\t\t\t<h4 class=\"pp-info-box-title\">\n\t\t\t\t\t\t\t\t\tTRUNG T\u00c2M QU\u1ea2N L\u00dd V\u00c0 GI\u00c1M S\u00c1T T\u1eea XA (RMC)\t\t\t\t\t\t\t\t<\/h4>\n\t\t\t\t\t\t\t<\/div>\n\t\t\t\t\t\t\t\t\t\t\t\t<\/div>\n\n\t\t\t\t\t\n\t\t\t\t\t\t\t\t\t\t\t<div class=\"pp-info-box-description\">\n\t\t\t\t\t\t\t<ul><li>Gi\u00e1m s\u00e1t 24\/7 t\u00edn hi\u1ec7u c\u1ea3nh b\u00e1o t\u1eeb c\u00e1c h\u1ec7 th\u1ed1ng PCCC, h\u1ec7 th\u1ed1ng \u0111i\u1ec7n, HVAC, H\u1ec7 th\u1ed1ng l\u00e0m l\u1ea1nh, chi\u1ebfu s\u00e1ng,.. trong T\u00f2a nh\u00e0, Trung t\u00e2m th\u01b0\u01a1ng m\u1ea1i, Si\u00eau th\u1ecb v\u1eeba v\u00e0 nh\u1ecf,..<\/li><li>B\u00e1o c\u00e1o \u0111\u1ebfn kh\u00e1ch h\u00e0ng ngay l\u1eadp t\u1ee9c khi c\u00f3 s\u1ef1 c\u1ed1.<\/li><li>Theo d\u00f5i v\u00e0 c\u1eadp nh\u1eadp th\u00f4ng tin cho \u0111\u1ebfn khi s\u1ef1 c\u1ed1 \u0111\u01b0\u1ee3c gi\u1ea3i quy\u1ebft<\/li><li>B\u00e1o c\u00e1o \u0111\u1ecbnh k\u1ef3 theo tu\u1ea7n, th\u00e1ng, n\u0103m<\/li><li>Ki\u1ebfn ngh\u1ecb v\u00e0 \u0111\u1ec1 xu\u1ea5t gi\u1ea3i ph\u00e1p \u0111\u1ebfn kh\u00e1ch h\u00e0ng.<\/li><\/ul>\t\t\t\t\t\t<\/div>\n\t\t\t\t\t\t\t\t\t\t\t\t\t\t<\/div>\n\t\t\t<\/div>\n\t\t<\/div>\n\t\t\t\t\t\t<\/div>\n\t\t\t\t<\/div>\n\t\t\t\t<\/div>\n\t\t<div class=\"elementor-element elementor-element-e505150 e-con-full e-flex lakit-col-width-auto-no e-container e-con e-child\" data-id=\"e505150\" data-element_type=\"container\" data-e-type=\"container\">\n\t\t\t\t<div class=\"elementor-element elementor-element-1b9f763 elementor-widget elementor-widget-image\" data-id=\"1b9f763\" data-element_type=\"widget\" data-e-type=\"widget\" data-widget_type=\"image.default\">\n\t\t\t\t<div class=\"elementor-widget-container\">\n\t\t\t\t\t\t\t\t\t\t\t\t\t\t\t\t<a href=\"https:\/\/aeondelight-vietnam.com.vn\/vi\/dich-vu\/dich-vu-quan-ly-va-giam-sat-tu-xa\/\">\n\t\t\t\t\t\t\t<img fetchpriority=\"high\" decoding=\"async\" width=\"893\" height=\"534\" src=\"https:\/\/aeondelight-vietnam.com.vn\/wp-content\/uploads\/2025\/09\/z6926787259771_dbde3f3b172a7933fc1c8c049b7e6ca3.jpg\" class=\"attachment-full size-full wp-image-12247\" alt=\"\" srcset=\"https:\/\/aeondelight-vietnam.com.vn\/wp-content\/uploads\/2025\/09\/z6926787259771_dbde3f3b172a7933fc1c8c049b7e6ca3.jpg 893w, https:\/\/aeondelight-vietnam.com.vn\/wp-content\/uploads\/2025\/09\/z6926787259771_dbde3f3b172a7933fc1c8c049b7e6ca3-300x179.jpg 300w, https:\/\/aeondelight-vietnam.com.vn\/wp-content\/uploads\/2025\/09\/z6926787259771_dbde3f3b172a7933fc1c8c049b7e6ca3-150x90.jpg 150w, https:\/\/aeondelight-vietnam.com.vn\/wp-content\/uploads\/2025\/09\/z6926787259771_dbde3f3b172a7933fc1c8c049b7e6ca3-768x459.jpg 768w\" sizes=\"(max-width: 893px) 100vw, 893px\" \/>\t\t\t\t\t\t\t\t<\/a>\n\t\t\t\t\t\t\t\t\t\t\t\t\t\t\t<\/div>\n\t\t\t\t<\/div>\n\t\t\t\t<\/div>\n\t\t\t\t<\/div>\n\t\t<div class=\"elementor-element elementor-element-a06dacb e-con-full e-flex lakit-col-width-auto-no e-container e-con e-child\" data-id=\"a06dacb\" data-element_type=\"container\" data-e-type=\"container\">\n\t\t<div class=\"elementor-element elementor-element-196b974 e-con-full e-flex lakit-col-width-auto-no e-container e-con e-child\" data-id=\"196b974\" data-element_type=\"container\" data-e-type=\"container\">\n\t\t\t\t<div class=\"elementor-element elementor-element-af3daa2 elementor-widget elementor-widget-image\" data-id=\"af3daa2\" data-element_type=\"widget\" data-e-type=\"widget\" data-widget_type=\"image.default\">\n\t\t\t\t<div class=\"elementor-widget-container\">\n\t\t\t\t\t\t\t\t\t\t\t\t\t\t\t\t<a href=\"https:\/\/aeondelight-vietnam.com.vn\/vi\/dich-vu\/dich-vu-quan-ly-va-giam-sat-tu-xa\/\">\n\t\t\t\t\t\t\t<img decoding=\"async\" width=\"2560\" height=\"1717\" src=\"https:\/\/aeondelight-vietnam.com.vn\/wp-content\/uploads\/2025\/09\/Website-1-of-28-1-2-scaled.jpg\" class=\"attachment-full size-full wp-image-12244\" alt=\"\" srcset=\"https:\/\/aeondelight-vietnam.com.vn\/wp-content\/uploads\/2025\/09\/Website-1-of-28-1-2-scaled.jpg 2560w, https:\/\/aeondelight-vietnam.com.vn\/wp-content\/uploads\/2025\/09\/Website-1-of-28-1-2-300x201.jpg 300w, https:\/\/aeondelight-vietnam.com.vn\/wp-content\/uploads\/2025\/09\/Website-1-of-28-1-2-1024x687.jpg 1024w, https:\/\/aeondelight-vietnam.com.vn\/wp-content\/uploads\/2025\/09\/Website-1-of-28-1-2-150x101.jpg 150w, https:\/\/aeondelight-vietnam.com.vn\/wp-content\/uploads\/2025\/09\/Website-1-of-28-1-2-768x515.jpg 768w, https:\/\/aeondelight-vietnam.com.vn\/wp-content\/uploads\/2025\/09\/Website-1-of-28-1-2-1536x1030.jpg 1536w, https:\/\/aeondelight-vietnam.com.vn\/wp-content\/uploads\/2025\/09\/Website-1-of-28-1-2-2048x1374.jpg 2048w\" sizes=\"(max-width: 2560px) 100vw, 2560px\" \/>\t\t\t\t\t\t\t\t<\/a>\n\t\t\t\t\t\t\t\t\t\t\t\t\t\t\t<\/div>\n\t\t\t\t<\/div>\n\t\t\t\t<\/div>\n\t\t<div class=\"elementor-element elementor-element-b5f8940 e-con-full e-flex lakit-col-width-auto-no e-container e-con e-child\" data-id=\"b5f8940\" data-element_type=\"container\" data-e-type=\"container\">\n\t\t\t\t<div class=\"elementor-element elementor-element-eef8c7e elementor-widget__width-initial text_yellow elementor-widget elementor-widget-pp-info-box\" data-id=\"eef8c7e\" data-element_type=\"widget\" data-e-type=\"widget\" data-widget_type=\"pp-info-box.default\">\n\t\t\t\t<div class=\"elementor-widget-container\">\n\t\t\t\t\t\t\t<div class=\"pp-info-box-container\">\n\t\t\t<div class=\"pp-info-box\">\n\t\t\t\t\t\t\t\t<div class=\"pp-info-box-content\">\n\t\t\t\t\t<div class=\"pp-info-box-title-wrap\">\n\t\t\t\t\t\t\t\t\t\t\t\t\t<div class=\"pp-info-box-title-container\">\n\t\t\t\t\t\t\t\t<h4 class=\"pp-info-box-title\">\n\t\t\t\t\t\t\t\t\tAREA TEAM ( \u0110\u1ed9i ph\u1ea3n \u1ee9ng nhanh)\t\t\t\t\t\t\t\t<\/h4>\n\t\t\t\t\t\t\t<\/div>\n\t\t\t\t\t\t\t\t\t\t\t\t<\/div>\n\n\t\t\t\t\t\n\t\t\t\t\t\t\t\t\t\t\t<div class=\"pp-info-box-description\">\n\t\t\t\t\t\t\t<ul><li>X\u1eed l\u00fd s\u1ef1 c\u1ed1 24\/7 ngay khi nh\u1eadn th\u00f4ng b\u00e1o<\/li><li>D\u1ecbch v\u1ee5 ki\u1ec3m tra h\u1ec7 th\u1ed1ng \u0111\u1ecbnh k\u1ef3 th\u00e1ng, qu\u00fd, n\u0103m<\/li><li>C\u00e1c c\u00f4ng vi\u1ec7c kh\u00e1c theo y\u00eau c\u1ea7u t\u1eeb kh\u00e1ch h\u00e0ng.<\/li><\/ul>\t\t\t\t\t\t<\/div>\n\t\t\t\t\t\t\t\t\t\t\t\t\t\t<\/div>\n\t\t\t<\/div>\n\t\t<\/div>\n\t\t\t\t\t\t<\/div>\n\t\t\t\t<\/div>\n\t\t\t\t<\/div>\n\t\t\t\t<\/div>\n\t\t\t\t<\/div>\n\t\t\t\t\t<\/div>\n\t\t\t\t<\/div>\n\t\t\t\t<\/div>\n\t\t","protected":false},"excerpt":{"rendered":"<p>D\u1ecaCH V\u1ee4 QU\u1ea2N L\u00dd V\u00c0 GI\u00c1M S\u00c1T T\u1eea XA C\u00f9ng v\u1edbi c\u00e1c d\u1ecbch v\u1ee5 qu\u1ea3n&#8230;<\/p>\n","protected":false},"author":1,"featured_media":0,"parent":6785,"menu_order":0,"comment_status":"closed","ping_status":"closed","template":"elementor_header_footer","meta":{"_acf_changed":false,"footnotes":""},"class_list":["post-9402","page","type-page","status-publish","hentry"],"acf":[],"_links":{"self":[{"href":"https:\/\/aeondelight-vietnam.com.vn\/vi\/wp-json\/wp\/v2\/pages\/9402","targetHints":{"allow":["GET"]}}],"collection":[{"href":"https:\/\/aeondelight-vietnam.com.vn\/vi\/wp-json\/wp\/v2\/pages"}],"about":[{"href":"https:\/\/aeondelight-vietnam.com.vn\/vi\/wp-json\/wp\/v2\/types\/page"}],"author":[{"embeddable":true,"href":"https:\/\/aeondelight-vietnam.com.vn\/vi\/wp-json\/wp\/v2\/users\/1"}],"replies":[{"embeddable":true,"href":"https:\/\/aeondelight-vietnam.com.vn\/vi\/wp-json\/wp\/v2\/comments?post=9402"}],"version-history":[{"count":65,"href":"https:\/\/aeondelight-vietnam.com.vn\/vi\/wp-json\/wp\/v2\/pages\/9402\/revisions"}],"predecessor-version":[{"id":12399,"href":"https:\/\/aeondelight-vietnam.com.vn\/vi\/wp-json\/wp\/v2\/pages\/9402\/revisions\/12399"}],"up":[{"embeddable":true,"href":"https:\/\/aeondelight-vietnam.com.vn\/vi\/wp-json\/wp\/v2\/pages\/6785"}],"wp:attachment":[{"href":"https:\/\/aeondelight-vietnam.com.vn\/vi\/wp-json\/wp\/v2\/media?parent=9402"}],"curies":[{"name":"wp","href":"https:\/\/api.w.org\/{rel}","templated":true}]}}